{"id":1002,"date":"2021-08-10T08:51:18","date_gmt":"2021-08-10T13:51:18","guid":{"rendered":"https:\/\/alondraexpress.com\/?post_type=product&#038;p=1002"},"modified":"2025-01-19T23:01:47","modified_gmt":"2025-01-20T04:01:47","slug":"gente-de-mar-resort-adultos","status":"publish","type":"product","link":"https:\/\/emporiadmc.com\/en\/simples-para-agrupar\/gente-de-mar-resort-adultos\/","title":{"rendered":"Gente de Mar Resort (Adultos)"},"content":{"rendered":"","protected":false},"excerpt":{"rendered":"<p style=\"text-align: justify;\">Es un hotel ubicado en Isla Grande (Islas del Rosario) a tan solo 45 minutos en lancha de la ciudad de Cartagena de Indias. Es un lugar encantador, rodeado de un mar cristalino de varios colores, playas de arena blanca y hermosos arrecifes de coral, donde podr\u00e1s vivir una experiencia inolvidable con excelente servicio y calidad humana. El hotel le brinda servicio de restaurante a cielo abierto, bar y zona de masajes. Tambi\u00e9n podr\u00e1 practicar deportes acu\u00e1ticos como snorkeling.<\/p>\n<p><strong>Ni\u00f1os de 0 a 2 a\u00f1os gratis, pagan consumos<\/strong><br \/>\n<strong>Ni\u00f1os de 3 a 9 a\u00f1os pagan $240.000<\/strong><br \/>\n<strong>A partir de 10 a\u00f1os pagan como adulto<\/strong><\/p>\n<hr class=\"no_line\" style=\"margin:0 auto 20px\"\/>\n\n<h5><i class=\"icon-alert\" style=\"color: #1190cb;\"><\/i>Includes<\/h5>\n<p style=\"text-align: justify;\">Impuesto de Zarpe, transporte mar\u00edtimo en lancha r\u00e1pida ida y regreso, Coctel de bienvenida (sin alcohol), men\u00fa 3 tiempos (Entrada: empanaditas de pescado. Plato fuerte: t\u00edpico caribe\u00f1o: arroz de coco, patacones, ensalada, pescado frito. Postre: dulces t\u00edpicos), Bebida por persona (cerveza, agua o coca cola), Uso de las instalaciones del Resort, Asoleadoras, camas de playa, Cancha de voleibol, Ping pong, Billar, uso de toallas y duchas.<\/p>\n<hr class=\"no_line\" style=\"margin:0 auto 20px\"\/>\n\n<h5><i class=\"icon-cancel-circled\" style=\"color: #1190cb;\"><\/i> Not included<\/h5>\n<p>Gratuities and services not mentioned<br \/>\n<hr class=\"no_line\" style=\"margin:0 auto 20px\"\/>\n<\/p>\n<table border=\"0\" width=\"100%\" cellspacing=\"0\" cellpadding=\"0\">\n<tbody>\n<tr>\n<td>\n<p class=\"big\"><i class=\"icon-calendar-line\" style=\"color: #1190cb;\"><\/i>Todos los d\u00edas. Muelle la Bodeguita, Puerta No. 4<\/p>\n<\/td>\n<td>\n<p class=\"big\"><i class=\"icon-clock\" style=\"color: #1190cb;\"><\/i>Ida 08:00 hrs y regreso a las 16:00 hrs.<\/p>\n<\/td>\n<\/tr>\n<\/tbody>\n<\/table>\n<p>&nbsp;<\/p>","protected":false},"featured_media":1507,"comment_status":"closed","ping_status":"closed","template":"","meta":{"_joinchat":[],"_links_to":"","_links_to_target":""},"product_brand":[],"product_cat":[24],"product_tag":[],"class_list":{"0":"post-1002","1":"product","2":"type-product","3":"status-publish","4":"has-post-thumbnail","6":"product_cat-simples-para-agrupar","8":"first","9":"outofstock","10":"shipping-taxable","11":"purchasable","12":"product-type-simple"},"yoast_head":"<!-- This site is optimized with the Yoast SEO plugin v27.3 - https:\/\/yoast.com\/product\/yoast-seo-wordpress\/ -->\n<title>Gente de Mar Resort (Adultos) - Emporia Travel DMC<\/title>\n<meta name=\"robots\" content=\"index, follow, max-snippet:-1, max-image-preview:large, max-video-preview:-1\" \/>\n<link rel=\"canonical\" href=\"https:\/\/emporiadmc.com\/en\/simples-para-agrupar\/gente-de-mar-resort-adultos\/\" \/>\n<meta property=\"og:locale\" content=\"en_US\" \/>\n<meta property=\"og:type\" content=\"article\" \/>\n<meta property=\"og:title\" content=\"Gente de Mar Resort (Adultos) - Emporia Travel DMC\" \/>\n<meta property=\"og:description\" content=\"Es un hotel ubicado en Isla Grande (Islas del Rosario) a tan solo 45 minutos en lancha de la ciudad de Cartagena de Indias. Es un lugar encantador, rodeado de un mar cristalino de varios colores, playas de arena blanca y hermosos arrecifes de coral, donde podr\u00e1s vivir una experiencia inolvidable con excelente servicio y calidad humana. El hotel le brinda servicio de restaurante a cielo abierto, bar y zona de masajes. Tambi\u00e9n podr\u00e1 practicar deportes acu\u00e1ticos como snorkeling. Ni\u00f1os de 0 a 2 a\u00f1os gratis, pagan consumos Ni\u00f1os de 3 a 9 a\u00f1os pagan $240.000 A partir de 10 a\u00f1os pagan como adulto   Incluye Impuesto de Zarpe, transporte mar\u00edtimo en lancha r\u00e1pida ida y regreso, Coctel de bienvenida (sin alcohol), men\u00fa 3 tiempos (Entrada: empanaditas de pescado. Plato fuerte: t\u00edpico caribe\u00f1o: arroz de coco, patacones, ensalada, pescado frito. Postre: dulces t\u00edpicos), Bebida por persona (cerveza, agua o coca cola), Uso de las instalaciones del Resort, Asoleadoras, camas de playa, Cancha de voleibol, Ping pong, Billar, uso de toallas y duchas.   No Incluye: Propinas ni servicios no mencionados      Todos los d\u00edas. Muelle la Bodeguita, Puerta No. 4   Ida 08:00 hrs y regreso a las 16:00 hrs.     &nbsp;\" \/>\n<meta property=\"og:url\" content=\"https:\/\/emporiadmc.com\/en\/simples-para-agrupar\/gente-de-mar-resort-adultos\/\" \/>\n<meta property=\"og:site_name\" content=\"Emporia Travel DMC\" \/>\n<meta property=\"article:modified_time\" content=\"2025-01-20T04:01:47+00:00\" \/>\n<meta property=\"og:image\" content=\"https:\/\/emporiadmc.com\/wp-content\/uploads\/2021\/08\/Gente-de-Mar-pic-3.jpg\" \/>\n\t<meta property=\"og:image:width\" content=\"800\" \/>\n\t<meta property=\"og:image:height\" content=\"561\" \/>\n\t<meta property=\"og:image:type\" content=\"image\/jpeg\" \/>\n<meta name=\"twitter:card\" content=\"summary_large_image\" \/>\n<script type=\"application\/ld+json\" class=\"yoast-schema-graph\">{\"@context\":\"https:\\\/\\\/schema.org\",\"@graph\":[{\"@type\":\"WebPage\",\"@id\":\"https:\\\/\\\/emporiadmc.com\\\/en\\\/simples-para-agrupar\\\/gente-de-mar-resort-adultos\\\/\",\"url\":\"https:\\\/\\\/emporiadmc.com\\\/en\\\/simples-para-agrupar\\\/gente-de-mar-resort-adultos\\\/\",\"name\":\"Gente de Mar Resort (Adultos) - Emporia Travel DMC\",\"isPartOf\":{\"@id\":\"https:\\\/\\\/emporiadmc.com\\\/#website\"},\"primaryImageOfPage\":{\"@id\":\"https:\\\/\\\/emporiadmc.com\\\/en\\\/simples-para-agrupar\\\/gente-de-mar-resort-adultos\\\/#primaryimage\"},\"image\":{\"@id\":\"https:\\\/\\\/emporiadmc.com\\\/en\\\/simples-para-agrupar\\\/gente-de-mar-resort-adultos\\\/#primaryimage\"},\"thumbnailUrl\":\"https:\\\/\\\/emporiadmc.com\\\/wp-content\\\/uploads\\\/2021\\\/08\\\/Gente-de-Mar-pic-3.jpg\",\"datePublished\":\"2021-08-10T13:51:18+00:00\",\"dateModified\":\"2025-01-20T04:01:47+00:00\",\"breadcrumb\":{\"@id\":\"https:\\\/\\\/emporiadmc.com\\\/en\\\/simples-para-agrupar\\\/gente-de-mar-resort-adultos\\\/#breadcrumb\"},\"inLanguage\":\"en-US\",\"potentialAction\":[{\"@type\":\"ReadAction\",\"target\":[\"https:\\\/\\\/emporiadmc.com\\\/en\\\/simples-para-agrupar\\\/gente-de-mar-resort-adultos\\\/\"]}]},{\"@type\":\"ImageObject\",\"inLanguage\":\"en-US\",\"@id\":\"https:\\\/\\\/emporiadmc.com\\\/en\\\/simples-para-agrupar\\\/gente-de-mar-resort-adultos\\\/#primaryimage\",\"url\":\"https:\\\/\\\/emporiadmc.com\\\/wp-content\\\/uploads\\\/2021\\\/08\\\/Gente-de-Mar-pic-3.jpg\",\"contentUrl\":\"https:\\\/\\\/emporiadmc.com\\\/wp-content\\\/uploads\\\/2021\\\/08\\\/Gente-de-Mar-pic-3.jpg\",\"width\":800,\"height\":561},{\"@type\":\"BreadcrumbList\",\"@id\":\"https:\\\/\\\/emporiadmc.com\\\/en\\\/simples-para-agrupar\\\/gente-de-mar-resort-adultos\\\/#breadcrumb\",\"itemListElement\":[{\"@type\":\"ListItem\",\"position\":1,\"name\":\"Portada\",\"item\":\"https:\\\/\\\/emporiadmc.com\\\/\"},{\"@type\":\"ListItem\",\"position\":2,\"name\":\"Tienda\",\"item\":\"https:\\\/\\\/emporiadmc.com\\\/?page_id=142\"},{\"@type\":\"ListItem\",\"position\":3,\"name\":\"Gente de Mar Resort (Adultos)\"}]},{\"@type\":\"WebSite\",\"@id\":\"https:\\\/\\\/emporiadmc.com\\\/#website\",\"url\":\"https:\\\/\\\/emporiadmc.com\\\/\",\"name\":\"Emporia Travel DMC\",\"description\":\"Viajes que Inspiran, Experiencias que Perduran!\",\"potentialAction\":[{\"@type\":\"SearchAction\",\"target\":{\"@type\":\"EntryPoint\",\"urlTemplate\":\"https:\\\/\\\/emporiadmc.com\\\/?s={search_term_string}\"},\"query-input\":{\"@type\":\"PropertyValueSpecification\",\"valueRequired\":true,\"valueName\":\"search_term_string\"}}],\"inLanguage\":\"en-US\"}]}<\/script>\n<!-- \/ Yoast SEO plugin. -->","yoast_head_json":{"title":"Gente de Mar Resort (Adultos) - Emporia Travel DMC","robots":{"index":"index","follow":"follow","max-snippet":"max-snippet:-1","max-image-preview":"max-image-preview:large","max-video-preview":"max-video-preview:-1"},"canonical":"https:\/\/emporiadmc.com\/en\/simples-para-agrupar\/gente-de-mar-resort-adultos\/","og_locale":"en_US","og_type":"article","og_title":"Gente de Mar Resort (Adultos) - Emporia Travel DMC","og_description":"Es un hotel ubicado en Isla Grande (Islas del Rosario) a tan solo 45 minutos en lancha de la ciudad de Cartagena de Indias. Es un lugar encantador, rodeado de un mar cristalino de varios colores, playas de arena blanca y hermosos arrecifes de coral, donde podr\u00e1s vivir una experiencia inolvidable con excelente servicio y calidad humana. El hotel le brinda servicio de restaurante a cielo abierto, bar y zona de masajes. Tambi\u00e9n podr\u00e1 practicar deportes acu\u00e1ticos como snorkeling. Ni\u00f1os de 0 a 2 a\u00f1os gratis, pagan consumos Ni\u00f1os de 3 a 9 a\u00f1os pagan $240.000 A partir de 10 a\u00f1os pagan como adulto   Incluye Impuesto de Zarpe, transporte mar\u00edtimo en lancha r\u00e1pida ida y regreso, Coctel de bienvenida (sin alcohol), men\u00fa 3 tiempos (Entrada: empanaditas de pescado. Plato fuerte: t\u00edpico caribe\u00f1o: arroz de coco, patacones, ensalada, pescado frito. Postre: dulces t\u00edpicos), Bebida por persona (cerveza, agua o coca cola), Uso de las instalaciones del Resort, Asoleadoras, camas de playa, Cancha de voleibol, Ping pong, Billar, uso de toallas y duchas.   No Incluye: Propinas ni servicios no mencionados      Todos los d\u00edas. Muelle la Bodeguita, Puerta No. 4   Ida 08:00 hrs y regreso a las 16:00 hrs.     &nbsp;","og_url":"https:\/\/emporiadmc.com\/en\/simples-para-agrupar\/gente-de-mar-resort-adultos\/","og_site_name":"Emporia Travel DMC","article_modified_time":"2025-01-20T04:01:47+00:00","og_image":[{"width":800,"height":561,"url":"https:\/\/emporiadmc.com\/wp-content\/uploads\/2021\/08\/Gente-de-Mar-pic-3.jpg","type":"image\/jpeg"}],"twitter_card":"summary_large_image","schema":{"@context":"https:\/\/schema.org","@graph":[{"@type":"WebPage","@id":"https:\/\/emporiadmc.com\/en\/simples-para-agrupar\/gente-de-mar-resort-adultos\/","url":"https:\/\/emporiadmc.com\/en\/simples-para-agrupar\/gente-de-mar-resort-adultos\/","name":"Gente de Mar Resort (Adultos) - Emporia Travel DMC","isPartOf":{"@id":"https:\/\/emporiadmc.com\/#website"},"primaryImageOfPage":{"@id":"https:\/\/emporiadmc.com\/en\/simples-para-agrupar\/gente-de-mar-resort-adultos\/#primaryimage"},"image":{"@id":"https:\/\/emporiadmc.com\/en\/simples-para-agrupar\/gente-de-mar-resort-adultos\/#primaryimage"},"thumbnailUrl":"https:\/\/emporiadmc.com\/wp-content\/uploads\/2021\/08\/Gente-de-Mar-pic-3.jpg","datePublished":"2021-08-10T13:51:18+00:00","dateModified":"2025-01-20T04:01:47+00:00","breadcrumb":{"@id":"https:\/\/emporiadmc.com\/en\/simples-para-agrupar\/gente-de-mar-resort-adultos\/#breadcrumb"},"inLanguage":"en-US","potentialAction":[{"@type":"ReadAction","target":["https:\/\/emporiadmc.com\/en\/simples-para-agrupar\/gente-de-mar-resort-adultos\/"]}]},{"@type":"ImageObject","inLanguage":"en-US","@id":"https:\/\/emporiadmc.com\/en\/simples-para-agrupar\/gente-de-mar-resort-adultos\/#primaryimage","url":"https:\/\/emporiadmc.com\/wp-content\/uploads\/2021\/08\/Gente-de-Mar-pic-3.jpg","contentUrl":"https:\/\/emporiadmc.com\/wp-content\/uploads\/2021\/08\/Gente-de-Mar-pic-3.jpg","width":800,"height":561},{"@type":"BreadcrumbList","@id":"https:\/\/emporiadmc.com\/en\/simples-para-agrupar\/gente-de-mar-resort-adultos\/#breadcrumb","itemListElement":[{"@type":"ListItem","position":1,"name":"Portada","item":"https:\/\/emporiadmc.com\/"},{"@type":"ListItem","position":2,"name":"Tienda","item":"https:\/\/emporiadmc.com\/?page_id=142"},{"@type":"ListItem","position":3,"name":"Gente de Mar Resort (Adultos)"}]},{"@type":"WebSite","@id":"https:\/\/emporiadmc.com\/#website","url":"https:\/\/emporiadmc.com\/","name":"Emporia Travel DMC","description":"Inspiring Journeys, lasting Experiences!","potentialAction":[{"@type":"SearchAction","target":{"@type":"EntryPoint","urlTemplate":"https:\/\/emporiadmc.com\/?s={search_term_string}"},"query-input":{"@type":"PropertyValueSpecification","valueRequired":true,"valueName":"search_term_string"}}],"inLanguage":"en-US"}]}},"_links":{"self":[{"href":"https:\/\/emporiadmc.com\/en\/wp-json\/wp\/v2\/product\/1002","targetHints":{"allow":["GET"]}}],"collection":[{"href":"https:\/\/emporiadmc.com\/en\/wp-json\/wp\/v2\/product"}],"about":[{"href":"https:\/\/emporiadmc.com\/en\/wp-json\/wp\/v2\/types\/product"}],"replies":[{"embeddable":true,"href":"https:\/\/emporiadmc.com\/en\/wp-json\/wp\/v2\/comments?post=1002"}],"wp:featuredmedia":[{"embeddable":true,"href":"https:\/\/emporiadmc.com\/en\/wp-json\/wp\/v2\/media\/1507"}],"wp:attachment":[{"href":"https:\/\/emporiadmc.com\/en\/wp-json\/wp\/v2\/media?parent=1002"}],"wp:term":[{"taxonomy":"product_brand","embeddable":true,"href":"https:\/\/emporiadmc.com\/en\/wp-json\/wp\/v2\/product_brand?post=1002"},{"taxonomy":"product_cat","embeddable":true,"href":"https:\/\/emporiadmc.com\/en\/wp-json\/wp\/v2\/product_cat?post=1002"},{"taxonomy":"product_tag","embeddable":true,"href":"https:\/\/emporiadmc.com\/en\/wp-json\/wp\/v2\/product_tag?post=1002"}],"curies":[{"name":"wp","href":"https:\/\/api.w.org\/{rel}","templated":true}]}}