{"id":154,"date":"2021-06-28T07:17:03","date_gmt":"2021-06-28T12:17:03","guid":{"rendered":"https:\/\/alondraexpress.com\/?post_type=product&#038;p=154"},"modified":"2025-02-19T13:12:21","modified_gmt":"2025-02-19T18:12:21","slug":"herital-cultural-highlights-of-cartagena","status":"publish","type":"product","link":"https:\/\/emporiadmc.com\/en\/tours-por-la-ciudad\/herital-cultural-highlights-of-cartagena\/","title":{"rendered":"Herital &#038; Cultural Highlights Of Cartagena"},"content":{"rendered":"<p style=\"text-align: center;\"><strong>Table of Values per Person<\/strong><\/p>\n<table style=\"height: 161px;\" width=\"818\">\n<tbody>\n<tr>\n<td width=\"288\"><strong>Language \/ People<\/strong><\/td>\n<td width=\"71\"><strong>1 pax<\/strong><\/td>\n<td width=\"74\"><strong>\u00a02 pax<\/strong><\/td>\n<td width=\"74\"><strong>3 a 5 pax<\/strong><\/td>\n<td width=\"74\"><strong>6 a 14 pax<\/strong><\/td>\n<td width=\"74\"><strong>15 a 20 pax<\/strong><\/td>\n<td width=\"74\"><strong>21 a 30 pax<\/strong><\/td>\n<td width=\"74\"><strong>31 a 40 pax<\/strong><\/td>\n<\/tr>\n<tr>\n<td width=\"288\"><strong>SPANISH OR ENGLISH<\/strong><\/td>\n<td style=\"text-align: center;\" width=\"71\">COP$1&#8217;235.000<\/td>\n<td style=\"text-align: center;\" width=\"74\">COP$795.000<\/td>\n<td style=\"text-align: center;\" width=\"74\">COP$725.000<\/td>\n<td style=\"text-align: center;\" width=\"74\">COP$563.000<\/td>\n<td style=\"text-align: center;\" width=\"74\">COP$439.000<\/td>\n<td style=\"text-align: center;\" width=\"150\">NA<\/td>\n<td style=\"text-align: center;\" width=\"150\">NA<\/td>\n<\/tr>\n<tr>\n<td width=\"288\"><strong>PORTUGUESE, FRENCH, ITALIAN OR GERMAN<\/strong><\/td>\n<td style=\"text-align: center;\" width=\"71\">COP$1&#8217;449.000<\/td>\n<td style=\"text-align: center;\" width=\"74\">COP$874.000<\/td>\n<td style=\"text-align: center;\" width=\"74\">COP$816.000<\/td>\n<td style=\"text-align: center;\" width=\"74\">COP$561.000<\/td>\n<td style=\"text-align: center;\" width=\"74\">COP$427.000<\/td>\n<td style=\"text-align: center;\" width=\"150\">NA<\/td>\n<td style=\"text-align: center;\" width=\"150\">NA<\/td>\n<\/tr>\n<\/tbody>\n<\/table>\n<p>&nbsp;<\/p>","protected":false},"excerpt":{"rendered":"<p>&nbsp;<\/p>\n<h6><strong><a style=\"background-color: #1e73be; color: #fff; padding: 10px; border-radius: 5px;\" href=\"#tab-description\">Conoce lo precios por persona<\/a><\/strong><\/h6>\n<p>&nbsp;<\/p>\n<p style=\"text-align: justify;\">Discover the essence of Cartagena on a private day tour. Visit the Cerro de la Popa for panoramic views, explore the Bazurto market, and admire the colonial architecture at the Castillo San Felipe de Barajas. Enjoy a typical lunch, stroll through the charming streets and squares, taste local sweets, visit the Adolfo Mejia Theater or the Naval Museum, and finish in the vibrant Getsemani neighborhood with a cup of exquisite Colombian coffee.<\/p>\n<p style=\"text-align: justify;\"><i class=\"icon-alert\" style=\"color: #1190cb;\"><\/i> <strong>Includes:<\/strong> Transportation, Expert guide, Entrance fees to the Cerro de la Popa, San Felipe Castle and the Adolfo Mej\u00eda Theater (or the Naval Museum if the theater is closed), Typical lunch with a soft drink, Hydration and fruits in the market square, sweets from the portal and coffee during the tour.<\/p>\n<p style=\"text-align: justify;\"><i class=\"icon-cancel-circled\" style=\"color: #1190cb;\"><\/i> <strong>Not included<\/strong> Tips and services not mentioned.<\/p>\n<p><strong><i class=\"icon-clock\" style=\"color: #1190cb;\"><\/i>Duration:<\/strong> 8 hours<\/p>\n<p><strong><i class=\"icon-clock\" style=\"color: #1190cb;\"><\/i>Schedule:<\/strong> The tour is private and the client can choose the starting time between 7 am and 10 am.<\/p>\n<style>\np.price {\n    display: none;\n}\n<\/style>","protected":false},"featured_media":308,"comment_status":"closed","ping_status":"closed","template":"","meta":{"_joinchat":[],"_links_to":"","_links_to_target":""},"product_brand":[],"product_cat":[18],"product_tag":[],"class_list":{"0":"post-154","1":"product","2":"type-product","3":"status-publish","4":"has-post-thumbnail","6":"product_cat-tours-por-la-ciudad","8":"first","9":"instock","10":"sold-individually","11":"shipping-taxable","12":"purchasable","13":"product-type-variable","14":"has-default-attributes"},"yoast_head":"<!-- This site is optimized with the Yoast SEO plugin v27.4 - https:\/\/yoast.com\/product\/yoast-seo-wordpress\/ -->\n<title>Herital &amp; Cultural Highlights Of Cartagena - Emporia Travel DMC<\/title>\n<meta name=\"robots\" content=\"index, follow, max-snippet:-1, max-image-preview:large, max-video-preview:-1\" \/>\n<link rel=\"canonical\" href=\"https:\/\/emporiadmc.com\/en\/tours-por-la-ciudad\/herital-cultural-highlights-of-cartagena\/\" \/>\n<meta property=\"og:locale\" content=\"en_US\" \/>\n<meta property=\"og:type\" content=\"article\" \/>\n<meta property=\"og:title\" content=\"Herital &amp; Cultural Highlights Of Cartagena - Emporia Travel DMC\" \/>\n<meta property=\"og:description\" content=\"&nbsp; Conoce lo precios por persona &nbsp; Descubre la esencia de Cartagena en un tour privado de un d\u00eda. Visita el Cerro de la Popa para vistas panor\u00e1micas, explora el mercado de Bazurto, y admira la arquitectura colonial en el Castillo San Felipe de Barajas. Disfruta de un almuerzo t\u00edpico, pasea por las encantadoras calles y plazas, prueba dulces locales, visita el Teatro Adolfo Mej\u00eda o el Museo Naval, y termina en el vibrante barrio de Getseman\u00ed con una taza de exquisito caf\u00e9 colombiano  Incluye: Transporte, Gu\u00eda experto, Entradas al Cerro de la Popa, Castillo de San Felipe y el Teatro Adolfo Mej\u00eda (o el Museo Naval si el teatro est\u00e1 cerrado), Almuerzo t\u00edpico con una bebida suave, Hidrataci\u00f3n y frutas en la plaza de mercado, dulces del portal y tasade Caf\u00e9 durante el recorrido  No Incluye: Propinas ni servicios no mencionados. Duraci\u00f3n: 8 horas  Horarios: El tour es privado y el cliente puede elegir el horario de inicio entre las 7 am y las 10 am\" \/>\n<meta property=\"og:url\" content=\"https:\/\/emporiadmc.com\/en\/tours-por-la-ciudad\/herital-cultural-highlights-of-cartagena\/\" \/>\n<meta property=\"og:site_name\" content=\"Emporia Travel DMC\" \/>\n<meta property=\"article:modified_time\" content=\"2025-02-19T18:12:21+00:00\" \/>\n<meta property=\"og:image\" content=\"https:\/\/emporiadmc.com\/wp-content\/uploads\/2021\/06\/Herital-Cultural-Highlights-Of-Cartagena-4-Alondra-Express.jpg\" \/>\n\t<meta property=\"og:image:width\" content=\"800\" \/>\n\t<meta property=\"og:image:height\" content=\"561\" \/>\n\t<meta property=\"og:image:type\" content=\"image\/jpeg\" \/>\n<meta name=\"twitter:card\" content=\"summary_large_image\" \/>\n<meta name=\"twitter:label1\" content=\"Est. reading time\" \/>\n\t<meta name=\"twitter:data1\" content=\"1 minute\" \/>\n<script type=\"application\/ld+json\" class=\"yoast-schema-graph\">{\"@context\":\"https:\\\/\\\/schema.org\",\"@graph\":[{\"@type\":\"WebPage\",\"@id\":\"https:\\\/\\\/emporiadmc.com\\\/tours-por-la-ciudad\\\/herital-cultural-highlights-of-cartagena\\\/\",\"url\":\"https:\\\/\\\/emporiadmc.com\\\/tours-por-la-ciudad\\\/herital-cultural-highlights-of-cartagena\\\/\",\"name\":\"Herital & Cultural Highlights Of Cartagena - Emporia Travel DMC\",\"isPartOf\":{\"@id\":\"https:\\\/\\\/emporiadmc.com\\\/#website\"},\"primaryImageOfPage\":{\"@id\":\"https:\\\/\\\/emporiadmc.com\\\/tours-por-la-ciudad\\\/herital-cultural-highlights-of-cartagena\\\/#primaryimage\"},\"image\":{\"@id\":\"https:\\\/\\\/emporiadmc.com\\\/tours-por-la-ciudad\\\/herital-cultural-highlights-of-cartagena\\\/#primaryimage\"},\"thumbnailUrl\":\"https:\\\/\\\/emporiadmc.com\\\/wp-content\\\/uploads\\\/2021\\\/06\\\/Herital-Cultural-Highlights-Of-Cartagena-4-Alondra-Express.jpg\",\"datePublished\":\"2021-06-28T12:17:03+00:00\",\"dateModified\":\"2025-02-19T18:12:21+00:00\",\"breadcrumb\":{\"@id\":\"https:\\\/\\\/emporiadmc.com\\\/tours-por-la-ciudad\\\/herital-cultural-highlights-of-cartagena\\\/#breadcrumb\"},\"inLanguage\":\"en-US\",\"potentialAction\":[{\"@type\":\"ReadAction\",\"target\":[\"https:\\\/\\\/emporiadmc.com\\\/tours-por-la-ciudad\\\/herital-cultural-highlights-of-cartagena\\\/\"]}]},{\"@type\":\"ImageObject\",\"inLanguage\":\"en-US\",\"@id\":\"https:\\\/\\\/emporiadmc.com\\\/tours-por-la-ciudad\\\/herital-cultural-highlights-of-cartagena\\\/#primaryimage\",\"url\":\"https:\\\/\\\/emporiadmc.com\\\/wp-content\\\/uploads\\\/2021\\\/06\\\/Herital-Cultural-Highlights-Of-Cartagena-4-Alondra-Express.jpg\",\"contentUrl\":\"https:\\\/\\\/emporiadmc.com\\\/wp-content\\\/uploads\\\/2021\\\/06\\\/Herital-Cultural-Highlights-Of-Cartagena-4-Alondra-Express.jpg\",\"width\":800,\"height\":561},{\"@type\":\"BreadcrumbList\",\"@id\":\"https:\\\/\\\/emporiadmc.com\\\/tours-por-la-ciudad\\\/herital-cultural-highlights-of-cartagena\\\/#breadcrumb\",\"itemListElement\":[{\"@type\":\"ListItem\",\"position\":1,\"name\":\"Portada\",\"item\":\"https:\\\/\\\/emporiadmc.com\\\/\"},{\"@type\":\"ListItem\",\"position\":2,\"name\":\"Tienda\",\"item\":\"https:\\\/\\\/emporiadmc.com\\\/?page_id=142\"},{\"@type\":\"ListItem\",\"position\":3,\"name\":\"Herital &#038; Cultural Highlights Of Cartagena\"}]},{\"@type\":\"WebSite\",\"@id\":\"https:\\\/\\\/emporiadmc.com\\\/#website\",\"url\":\"https:\\\/\\\/emporiadmc.com\\\/\",\"name\":\"Emporia Travel DMC\",\"description\":\"Viajes que Inspiran, Experiencias que Perduran!\",\"potentialAction\":[{\"@type\":\"SearchAction\",\"target\":{\"@type\":\"EntryPoint\",\"urlTemplate\":\"https:\\\/\\\/emporiadmc.com\\\/?s={search_term_string}\"},\"query-input\":{\"@type\":\"PropertyValueSpecification\",\"valueRequired\":true,\"valueName\":\"search_term_string\"}}],\"inLanguage\":\"en-US\"}]}<\/script>\n<!-- \/ Yoast SEO plugin. -->","yoast_head_json":{"title":"Herital & Cultural Highlights Of Cartagena - Emporia Travel DMC","robots":{"index":"index","follow":"follow","max-snippet":"max-snippet:-1","max-image-preview":"max-image-preview:large","max-video-preview":"max-video-preview:-1"},"canonical":"https:\/\/emporiadmc.com\/en\/tours-por-la-ciudad\/herital-cultural-highlights-of-cartagena\/","og_locale":"en_US","og_type":"article","og_title":"Herital & Cultural Highlights Of Cartagena - Emporia Travel DMC","og_description":"&nbsp; Conoce lo precios por persona &nbsp; Descubre la esencia de Cartagena en un tour privado de un d\u00eda. Visita el Cerro de la Popa para vistas panor\u00e1micas, explora el mercado de Bazurto, y admira la arquitectura colonial en el Castillo San Felipe de Barajas. Disfruta de un almuerzo t\u00edpico, pasea por las encantadoras calles y plazas, prueba dulces locales, visita el Teatro Adolfo Mej\u00eda o el Museo Naval, y termina en el vibrante barrio de Getseman\u00ed con una taza de exquisito caf\u00e9 colombiano  Incluye: Transporte, Gu\u00eda experto, Entradas al Cerro de la Popa, Castillo de San Felipe y el Teatro Adolfo Mej\u00eda (o el Museo Naval si el teatro est\u00e1 cerrado), Almuerzo t\u00edpico con una bebida suave, Hidrataci\u00f3n y frutas en la plaza de mercado, dulces del portal y tasade Caf\u00e9 durante el recorrido  No Incluye: Propinas ni servicios no mencionados. Duraci\u00f3n: 8 horas  Horarios: El tour es privado y el cliente puede elegir el horario de inicio entre las 7 am y las 10 am","og_url":"https:\/\/emporiadmc.com\/en\/tours-por-la-ciudad\/herital-cultural-highlights-of-cartagena\/","og_site_name":"Emporia Travel DMC","article_modified_time":"2025-02-19T18:12:21+00:00","og_image":[{"width":800,"height":561,"url":"https:\/\/emporiadmc.com\/wp-content\/uploads\/2021\/06\/Herital-Cultural-Highlights-Of-Cartagena-4-Alondra-Express.jpg","type":"image\/jpeg"}],"twitter_card":"summary_large_image","twitter_misc":{"Est. reading time":"1 minute"},"schema":{"@context":"https:\/\/schema.org","@graph":[{"@type":"WebPage","@id":"https:\/\/emporiadmc.com\/tours-por-la-ciudad\/herital-cultural-highlights-of-cartagena\/","url":"https:\/\/emporiadmc.com\/tours-por-la-ciudad\/herital-cultural-highlights-of-cartagena\/","name":"Herital & Cultural Highlights Of Cartagena - Emporia Travel DMC","isPartOf":{"@id":"https:\/\/emporiadmc.com\/#website"},"primaryImageOfPage":{"@id":"https:\/\/emporiadmc.com\/tours-por-la-ciudad\/herital-cultural-highlights-of-cartagena\/#primaryimage"},"image":{"@id":"https:\/\/emporiadmc.com\/tours-por-la-ciudad\/herital-cultural-highlights-of-cartagena\/#primaryimage"},"thumbnailUrl":"https:\/\/emporiadmc.com\/wp-content\/uploads\/2021\/06\/Herital-Cultural-Highlights-Of-Cartagena-4-Alondra-Express.jpg","datePublished":"2021-06-28T12:17:03+00:00","dateModified":"2025-02-19T18:12:21+00:00","breadcrumb":{"@id":"https:\/\/emporiadmc.com\/tours-por-la-ciudad\/herital-cultural-highlights-of-cartagena\/#breadcrumb"},"inLanguage":"en-US","potentialAction":[{"@type":"ReadAction","target":["https:\/\/emporiadmc.com\/tours-por-la-ciudad\/herital-cultural-highlights-of-cartagena\/"]}]},{"@type":"ImageObject","inLanguage":"en-US","@id":"https:\/\/emporiadmc.com\/tours-por-la-ciudad\/herital-cultural-highlights-of-cartagena\/#primaryimage","url":"https:\/\/emporiadmc.com\/wp-content\/uploads\/2021\/06\/Herital-Cultural-Highlights-Of-Cartagena-4-Alondra-Express.jpg","contentUrl":"https:\/\/emporiadmc.com\/wp-content\/uploads\/2021\/06\/Herital-Cultural-Highlights-Of-Cartagena-4-Alondra-Express.jpg","width":800,"height":561},{"@type":"BreadcrumbList","@id":"https:\/\/emporiadmc.com\/tours-por-la-ciudad\/herital-cultural-highlights-of-cartagena\/#breadcrumb","itemListElement":[{"@type":"ListItem","position":1,"name":"Portada","item":"https:\/\/emporiadmc.com\/"},{"@type":"ListItem","position":2,"name":"Tienda","item":"https:\/\/emporiadmc.com\/?page_id=142"},{"@type":"ListItem","position":3,"name":"Herital &#038; Cultural Highlights Of Cartagena"}]},{"@type":"WebSite","@id":"https:\/\/emporiadmc.com\/#website","url":"https:\/\/emporiadmc.com\/","name":"Emporia Travel DMC","description":"Inspiring Journeys, lasting Experiences!","potentialAction":[{"@type":"SearchAction","target":{"@type":"EntryPoint","urlTemplate":"https:\/\/emporiadmc.com\/?s={search_term_string}"},"query-input":{"@type":"PropertyValueSpecification","valueRequired":true,"valueName":"search_term_string"}}],"inLanguage":"en-US"}]}},"_links":{"self":[{"href":"https:\/\/emporiadmc.com\/en\/wp-json\/wp\/v2\/product\/154","targetHints":{"allow":["GET"]}}],"collection":[{"href":"https:\/\/emporiadmc.com\/en\/wp-json\/wp\/v2\/product"}],"about":[{"href":"https:\/\/emporiadmc.com\/en\/wp-json\/wp\/v2\/types\/product"}],"replies":[{"embeddable":true,"href":"https:\/\/emporiadmc.com\/en\/wp-json\/wp\/v2\/comments?post=154"}],"wp:featuredmedia":[{"embeddable":true,"href":"https:\/\/emporiadmc.com\/en\/wp-json\/wp\/v2\/media\/308"}],"wp:attachment":[{"href":"https:\/\/emporiadmc.com\/en\/wp-json\/wp\/v2\/media?parent=154"}],"wp:term":[{"taxonomy":"product_brand","embeddable":true,"href":"https:\/\/emporiadmc.com\/en\/wp-json\/wp\/v2\/product_brand?post=154"},{"taxonomy":"product_cat","embeddable":true,"href":"https:\/\/emporiadmc.com\/en\/wp-json\/wp\/v2\/product_cat?post=154"},{"taxonomy":"product_tag","embeddable":true,"href":"https:\/\/emporiadmc.com\/en\/wp-json\/wp\/v2\/product_tag?post=154"}],"curies":[{"name":"wp","href":"https:\/\/api.w.org\/{rel}","templated":true}]}}