{"id":156,"date":"2021-06-28T07:32:24","date_gmt":"2021-06-28T12:32:24","guid":{"rendered":"https:\/\/alondraexpress.com\/?post_type=product&#038;p=156"},"modified":"2025-02-19T11:50:51","modified_gmt":"2025-02-19T16:50:51","slug":"old-city-walking-tour","status":"publish","type":"product","link":"https:\/\/emporiadmc.com\/en\/tours-por-la-ciudad\/old-city-walking-tour\/","title":{"rendered":"Old City Walking Tour"},"content":{"rendered":"<p>&nbsp;<\/p>\n<table width=\"806\">\n<tbody>\n<tr>\n<td width=\"288\"><strong>Language<\/strong><\/td>\n<td style=\"text-align: right;\" width=\"74\"><strong>1 pax<\/strong><\/td>\n<td style=\"text-align: right;\" width=\"74\"><strong>2 pax<\/strong><\/td>\n<td style=\"text-align: right;\" width=\"74\"><strong>3 a 5 pax<\/strong><\/td>\n<td style=\"text-align: right;\" width=\"74\"><strong>6 a 14 pax<\/strong><\/td>\n<td style=\"text-align: right;\" width=\"74\"><strong>15 a 20 pax<\/strong><\/td>\n<td style=\"text-align: right;\" width=\"74\"><strong>21 a 30 pax<\/strong><\/td>\n<td style=\"text-align: right;\" width=\"74\"><strong>31 a 40 pax<\/strong><\/td>\n<\/tr>\n<tr>\n<td><strong>SPANISH OR ENGLISH<\/strong><\/td>\n<td style=\"text-align: right;\">COP$332.000<\/td>\n<td style=\"text-align: right;\">COP$210.000<\/td>\n<td style=\"text-align: right;\">COP$163.000<\/td>\n<td style=\"text-align: right;\">COP$127.000<\/td>\n<td style=\"text-align: right;\">COP$124.000<\/td>\n<td style=\"text-align: right;\">COP$118.000<\/td>\n<td style=\"text-align: right;\">COP$111.000<\/td>\n<\/tr>\n<tr>\n<td><strong>PORTUGUESE, FRENCH, ITALIAN OR GERMAN<\/strong><\/td>\n<td style=\"text-align: right;\">COP$503.000<\/td>\n<td style=\"text-align: right;\">COP$303.000<\/td>\n<td style=\"text-align: right;\">COP$234.000<\/td>\n<td style=\"text-align: right;\">COP$156.000<\/td>\n<td style=\"text-align: right;\">COP$133.000<\/td>\n<td style=\"text-align: right;\">NA<\/td>\n<td style=\"text-align: right;\">NA<\/td>\n<\/tr>\n<\/tbody>\n<\/table>","protected":false},"excerpt":{"rendered":"<p>&nbsp;<\/p>\n<h6><strong><a style=\"background-color: #1e73be; color: #fff; padding: 10px; border-radius: 5px;\" href=\"#tab-description\">Conoce lo precios por persona<\/a><\/strong><\/h6>\n<p>&nbsp;<\/p>\n<p style=\"text-align: justify;\">La magia de Cartagena est\u00e1 escondida en su ciudad amurallada, en su arquitectura colonial, en sus calles antiguas llenas de historia y en la calidez de su gente. D\u00e9jenos revelarle sus secretos y enam\u00f3rese de esta antigua ciudad. Nuestro gu\u00eda te llevar\u00e1 a descubrir el realismo m\u00e1gico del que habla el escritor Gabriel Garc\u00eda M\u00e1rquez en sus libros. Visitar\u00e1s la Iglesia Museo San Pedro Claver, lugar que le rinde homenaje a la memoria de San Pedro Claver, conocido como el esclavo de los esclavizados. Luego visitar\u00e1s el emblem\u00e1tico barrio de Getseman\u00ed, aqu\u00ed ver\u00e1s la amabilidad, calidez y gentileza de sus habitantes que encuentras charlando en las puertas de su casa, y lo que m\u00e1s te va a llamar la atenci\u00f3n es el fest\u00edn de colores que tienen las puertas y fachadas de las casas, escomo si estuvieras dentro de uno de los lienzos de grandes pintores, \u00a1te dejar\u00e1n maravillado y te har\u00e1n querer regresar!<\/p>\n<p style=\"text-align: justify;\">Este tour te lo recomendamos en las horas de la tarde, donde el sol ya ha bajado su intensidad y sea m\u00e1s placentero recorrer sus calles<\/p>\n<hr class=\"no_line\" style=\"margin:0 auto 10px\"\/>\n\n<p style=\"text-align: justify;\"><i class=\"icon-alert\" style=\"color: #1190cb;\"><\/i> <b>Incluye:<\/b> Gu\u00eda y entrada al Museo San Pedro Claver.<\/p>\n<p style=\"text-align: justify;\"><i class=\"icon-cancel-circled\" style=\"color: #1190cb;\"><\/i> <b>No Incluye: <\/b>Propinas ni servicios no mencionados.<\/p>\n<p><i class=\"icon-clock\" style=\"color: #1190cb;\"><\/i><strong>Duraci\u00f3n:<\/strong> 3 horas.<\/p>\n<p><i class=\"icon-calendar-line\" style=\"color: #1190cb;\"><\/i><strong>Horarios:\u00a0<\/strong>Horario a su elecci\u00f3n, entre las 8am y las 4pm.<\/p>\n<p><!-- [button title=\"Reserva Ni\u00f1os de 2 a 10 a\u00f1os\" link=\"https:\/\/emporiadmc.com\/simples-para-agrupar\/old-city-walking-tour-ninos\/\" target=\"_blank\" align=\"left\" icon=\"icon-alert\" icon_position=\"left\" color=\"#ff0000\" font_color=\"#ffffff\" size=\"2\" full_width=\"yes\" class=\"\" download=\"\" rel=\"\" onclick=\"\"] --><hr class=\"no_line\" style=\"margin:0 auto 10px\"\/>\n<\/p>\n<style>\np.price {\ndisplay: none;\n}\n<\/style>\n","protected":false},"featured_media":316,"comment_status":"closed","ping_status":"closed","template":"","meta":{"_joinchat":[],"_links_to":"","_links_to_target":""},"product_brand":[],"product_cat":[18],"product_tag":[],"class_list":{"0":"post-156","1":"product","2":"type-product","3":"status-publish","4":"has-post-thumbnail","6":"product_cat-tours-por-la-ciudad","8":"first","9":"instock","10":"sold-individually","11":"shipping-taxable","12":"purchasable","13":"product-type-variable","14":"has-default-attributes"},"yoast_head":"<!-- This site is optimized with the Yoast SEO plugin v27.4 - https:\/\/yoast.com\/product\/yoast-seo-wordpress\/ -->\n<title>Old City Walking Tour - Emporia Travel DMC<\/title>\n<meta name=\"description\" content=\"Descubre la magia de Cartagena: recorre la ciudad amurallada, Getseman\u00ed y el Museo San Pedro Claver con gu\u00eda experto.\" \/>\n<meta name=\"robots\" content=\"index, follow, max-snippet:-1, max-image-preview:large, max-video-preview:-1\" \/>\n<link rel=\"canonical\" href=\"https:\/\/emporiadmc.com\/en\/tours-por-la-ciudad\/old-city-walking-tour\/\" \/>\n<meta property=\"og:locale\" content=\"en_US\" \/>\n<meta property=\"og:type\" content=\"article\" \/>\n<meta property=\"og:title\" content=\"Old City Walking Tour - Emporia Travel DMC\" \/>\n<meta property=\"og:description\" content=\"Descubre la magia de Cartagena: recorre la ciudad amurallada, Getseman\u00ed y el Museo San Pedro Claver con gu\u00eda experto.\" \/>\n<meta property=\"og:url\" content=\"https:\/\/emporiadmc.com\/en\/tours-por-la-ciudad\/old-city-walking-tour\/\" \/>\n<meta property=\"og:site_name\" content=\"Emporia Travel DMC\" \/>\n<meta property=\"article:modified_time\" content=\"2025-02-19T16:50:51+00:00\" \/>\n<meta property=\"og:image\" content=\"https:\/\/emporiadmc.com\/wp-content\/uploads\/2021\/06\/Alondra-Express-Old-City-Walking-Tour-3.jpg\" \/>\n\t<meta property=\"og:image:width\" content=\"800\" \/>\n\t<meta property=\"og:image:height\" content=\"561\" \/>\n\t<meta property=\"og:image:type\" content=\"image\/jpeg\" \/>\n<meta name=\"twitter:card\" content=\"summary_large_image\" \/>\n<meta name=\"twitter:label1\" content=\"Est. reading time\" \/>\n\t<meta name=\"twitter:data1\" content=\"1 minute\" \/>\n<script type=\"application\/ld+json\" class=\"yoast-schema-graph\">{\"@context\":\"https:\\\/\\\/schema.org\",\"@graph\":[{\"@type\":\"WebPage\",\"@id\":\"https:\\\/\\\/emporiadmc.com\\\/tours-por-la-ciudad\\\/old-city-walking-tour\\\/\",\"url\":\"https:\\\/\\\/emporiadmc.com\\\/tours-por-la-ciudad\\\/old-city-walking-tour\\\/\",\"name\":\"Old City Walking Tour - Emporia Travel DMC\",\"isPartOf\":{\"@id\":\"https:\\\/\\\/emporiadmc.com\\\/#website\"},\"primaryImageOfPage\":{\"@id\":\"https:\\\/\\\/emporiadmc.com\\\/tours-por-la-ciudad\\\/old-city-walking-tour\\\/#primaryimage\"},\"image\":{\"@id\":\"https:\\\/\\\/emporiadmc.com\\\/tours-por-la-ciudad\\\/old-city-walking-tour\\\/#primaryimage\"},\"thumbnailUrl\":\"https:\\\/\\\/emporiadmc.com\\\/wp-content\\\/uploads\\\/2021\\\/06\\\/Alondra-Express-Old-City-Walking-Tour-3.jpg\",\"datePublished\":\"2021-06-28T12:32:24+00:00\",\"dateModified\":\"2025-02-19T16:50:51+00:00\",\"description\":\"Descubre la magia de Cartagena: recorre la ciudad amurallada, Getseman\u00ed y el Museo San Pedro Claver con gu\u00eda experto.\",\"breadcrumb\":{\"@id\":\"https:\\\/\\\/emporiadmc.com\\\/tours-por-la-ciudad\\\/old-city-walking-tour\\\/#breadcrumb\"},\"inLanguage\":\"en-US\",\"potentialAction\":[{\"@type\":\"ReadAction\",\"target\":[\"https:\\\/\\\/emporiadmc.com\\\/tours-por-la-ciudad\\\/old-city-walking-tour\\\/\"]}]},{\"@type\":\"ImageObject\",\"inLanguage\":\"en-US\",\"@id\":\"https:\\\/\\\/emporiadmc.com\\\/tours-por-la-ciudad\\\/old-city-walking-tour\\\/#primaryimage\",\"url\":\"https:\\\/\\\/emporiadmc.com\\\/wp-content\\\/uploads\\\/2021\\\/06\\\/Alondra-Express-Old-City-Walking-Tour-3.jpg\",\"contentUrl\":\"https:\\\/\\\/emporiadmc.com\\\/wp-content\\\/uploads\\\/2021\\\/06\\\/Alondra-Express-Old-City-Walking-Tour-3.jpg\",\"width\":800,\"height\":561},{\"@type\":\"BreadcrumbList\",\"@id\":\"https:\\\/\\\/emporiadmc.com\\\/tours-por-la-ciudad\\\/old-city-walking-tour\\\/#breadcrumb\",\"itemListElement\":[{\"@type\":\"ListItem\",\"position\":1,\"name\":\"Portada\",\"item\":\"https:\\\/\\\/emporiadmc.com\\\/\"},{\"@type\":\"ListItem\",\"position\":2,\"name\":\"Tienda\",\"item\":\"https:\\\/\\\/emporiadmc.com\\\/?page_id=142\"},{\"@type\":\"ListItem\",\"position\":3,\"name\":\"Old City Walking Tour\"}]},{\"@type\":\"WebSite\",\"@id\":\"https:\\\/\\\/emporiadmc.com\\\/#website\",\"url\":\"https:\\\/\\\/emporiadmc.com\\\/\",\"name\":\"Emporia Travel DMC\",\"description\":\"Viajes que Inspiran, Experiencias que Perduran!\",\"potentialAction\":[{\"@type\":\"SearchAction\",\"target\":{\"@type\":\"EntryPoint\",\"urlTemplate\":\"https:\\\/\\\/emporiadmc.com\\\/?s={search_term_string}\"},\"query-input\":{\"@type\":\"PropertyValueSpecification\",\"valueRequired\":true,\"valueName\":\"search_term_string\"}}],\"inLanguage\":\"en-US\"}]}<\/script>\n<!-- \/ Yoast SEO plugin. -->","yoast_head_json":{"title":"Old City Walking Tour - Emporia Travel DMC","description":"Descubre la magia de Cartagena: recorre la ciudad amurallada, Getseman\u00ed y el Museo San Pedro Claver con gu\u00eda experto.","robots":{"index":"index","follow":"follow","max-snippet":"max-snippet:-1","max-image-preview":"max-image-preview:large","max-video-preview":"max-video-preview:-1"},"canonical":"https:\/\/emporiadmc.com\/en\/tours-por-la-ciudad\/old-city-walking-tour\/","og_locale":"en_US","og_type":"article","og_title":"Old City Walking Tour - Emporia Travel DMC","og_description":"Descubre la magia de Cartagena: recorre la ciudad amurallada, Getseman\u00ed y el Museo San Pedro Claver con gu\u00eda experto.","og_url":"https:\/\/emporiadmc.com\/en\/tours-por-la-ciudad\/old-city-walking-tour\/","og_site_name":"Emporia Travel DMC","article_modified_time":"2025-02-19T16:50:51+00:00","og_image":[{"width":800,"height":561,"url":"https:\/\/emporiadmc.com\/wp-content\/uploads\/2021\/06\/Alondra-Express-Old-City-Walking-Tour-3.jpg","type":"image\/jpeg"}],"twitter_card":"summary_large_image","twitter_misc":{"Est. reading time":"1 minute"},"schema":{"@context":"https:\/\/schema.org","@graph":[{"@type":"WebPage","@id":"https:\/\/emporiadmc.com\/tours-por-la-ciudad\/old-city-walking-tour\/","url":"https:\/\/emporiadmc.com\/tours-por-la-ciudad\/old-city-walking-tour\/","name":"Old City Walking Tour - Emporia Travel DMC","isPartOf":{"@id":"https:\/\/emporiadmc.com\/#website"},"primaryImageOfPage":{"@id":"https:\/\/emporiadmc.com\/tours-por-la-ciudad\/old-city-walking-tour\/#primaryimage"},"image":{"@id":"https:\/\/emporiadmc.com\/tours-por-la-ciudad\/old-city-walking-tour\/#primaryimage"},"thumbnailUrl":"https:\/\/emporiadmc.com\/wp-content\/uploads\/2021\/06\/Alondra-Express-Old-City-Walking-Tour-3.jpg","datePublished":"2021-06-28T12:32:24+00:00","dateModified":"2025-02-19T16:50:51+00:00","description":"Descubre la magia de Cartagena: recorre la ciudad amurallada, Getseman\u00ed y el Museo San Pedro Claver con gu\u00eda experto.","breadcrumb":{"@id":"https:\/\/emporiadmc.com\/tours-por-la-ciudad\/old-city-walking-tour\/#breadcrumb"},"inLanguage":"en-US","potentialAction":[{"@type":"ReadAction","target":["https:\/\/emporiadmc.com\/tours-por-la-ciudad\/old-city-walking-tour\/"]}]},{"@type":"ImageObject","inLanguage":"en-US","@id":"https:\/\/emporiadmc.com\/tours-por-la-ciudad\/old-city-walking-tour\/#primaryimage","url":"https:\/\/emporiadmc.com\/wp-content\/uploads\/2021\/06\/Alondra-Express-Old-City-Walking-Tour-3.jpg","contentUrl":"https:\/\/emporiadmc.com\/wp-content\/uploads\/2021\/06\/Alondra-Express-Old-City-Walking-Tour-3.jpg","width":800,"height":561},{"@type":"BreadcrumbList","@id":"https:\/\/emporiadmc.com\/tours-por-la-ciudad\/old-city-walking-tour\/#breadcrumb","itemListElement":[{"@type":"ListItem","position":1,"name":"Portada","item":"https:\/\/emporiadmc.com\/"},{"@type":"ListItem","position":2,"name":"Tienda","item":"https:\/\/emporiadmc.com\/?page_id=142"},{"@type":"ListItem","position":3,"name":"Old City Walking Tour"}]},{"@type":"WebSite","@id":"https:\/\/emporiadmc.com\/#website","url":"https:\/\/emporiadmc.com\/","name":"Emporia Travel DMC","description":"Inspiring Journeys, lasting Experiences!","potentialAction":[{"@type":"SearchAction","target":{"@type":"EntryPoint","urlTemplate":"https:\/\/emporiadmc.com\/?s={search_term_string}"},"query-input":{"@type":"PropertyValueSpecification","valueRequired":true,"valueName":"search_term_string"}}],"inLanguage":"en-US"}]}},"_links":{"self":[{"href":"https:\/\/emporiadmc.com\/en\/wp-json\/wp\/v2\/product\/156","targetHints":{"allow":["GET"]}}],"collection":[{"href":"https:\/\/emporiadmc.com\/en\/wp-json\/wp\/v2\/product"}],"about":[{"href":"https:\/\/emporiadmc.com\/en\/wp-json\/wp\/v2\/types\/product"}],"replies":[{"embeddable":true,"href":"https:\/\/emporiadmc.com\/en\/wp-json\/wp\/v2\/comments?post=156"}],"wp:featuredmedia":[{"embeddable":true,"href":"https:\/\/emporiadmc.com\/en\/wp-json\/wp\/v2\/media\/316"}],"wp:attachment":[{"href":"https:\/\/emporiadmc.com\/en\/wp-json\/wp\/v2\/media?parent=156"}],"wp:term":[{"taxonomy":"product_brand","embeddable":true,"href":"https:\/\/emporiadmc.com\/en\/wp-json\/wp\/v2\/product_brand?post=156"},{"taxonomy":"product_cat","embeddable":true,"href":"https:\/\/emporiadmc.com\/en\/wp-json\/wp\/v2\/product_cat?post=156"},{"taxonomy":"product_tag","embeddable":true,"href":"https:\/\/emporiadmc.com\/en\/wp-json\/wp\/v2\/product_tag?post=156"}],"curies":[{"name":"wp","href":"https:\/\/api.w.org\/{rel}","templated":true}]}}