{"id":158,"date":"2021-06-28T08:03:16","date_gmt":"2021-06-28T13:03:16","guid":{"rendered":"https:\/\/alondraexpress.com\/?post_type=product&#038;p=158"},"modified":"2025-02-14T15:37:47","modified_gmt":"2025-02-14T20:37:47","slug":"clase-de-joyeria-con-esmeraldas","status":"publish","type":"product","link":"https:\/\/emporiadmc.com\/en\/tours-por-la-ciudad\/clase-de-joyeria-con-esmeraldas\/","title":{"rendered":"Emerald Jewelry Class"},"content":{"rendered":"<p style=\"text-align: center;\"><strong>Table of Values per Person<\/strong><\/p>\n<table style=\"height: 81px;\" width=\"999\">\n<tbody>\n<tr>\n<td style=\"text-align: left;\" width=\"284\"><strong>Language \/ People<\/strong><\/td>\n<td style=\"text-align: right;\" width=\"100\"><strong>\u00a01 pax<\/strong><\/td>\n<td style=\"text-align: right;\" width=\"100\"><strong>\u00a02 pax<\/strong><\/td>\n<td style=\"text-align: right;\" width=\"100\"><strong>3 a 5 pax<\/strong><\/td>\n<td style=\"text-align: right;\" width=\"100\"><strong>6 a 14 pax<\/strong><\/td>\n<td style=\"text-align: right;\" width=\"100\"><strong>15 a 20 pax<\/strong><\/td>\n<td style=\"text-align: right;\" width=\"100\"><strong>21 a 30 pax<\/strong><\/td>\n<td style=\"text-align: right;\" width=\"100\"><strong>31 a 40 pax<\/strong><\/td>\n<\/tr>\n<tr>\n<td style=\"text-align: left;\"><strong>SPANISH OR ENGLISH<\/strong><\/td>\n<td style=\"text-align: right;\">&nbsp;<\/p>\n<p>NA<\/td>\n<td style=\"text-align: right;\">\u00a0\u00a0\u00a0\u00a0\u00a0\u00a0\u00a0 COP$247.000<\/td>\n<td style=\"text-align: right;\">\u00a0\u00a0\u00a0\u00a0\u00a0\u00a0\u00a0 COP$258.000<\/td>\n<td style=\"text-align: right;\">\u00a0\u00a0\u00a0\u00a0\u00a0\u00a0\u00a0 COP$248.000<\/td>\n<td style=\"text-align: right;\">\u00a0\u00a0\u00a0\u00a0\u00a0\u00a0\u00a0 COP$229.000<\/td>\n<td style=\"text-align: right;\">&nbsp;<\/p>\n<p>NA<\/td>\n<td style=\"text-align: right;\">&nbsp;<\/p>\n<p>NA<\/td>\n<\/tr>\n<\/tbody>\n<\/table>\n<h5 style=\"text-align: center;\"><\/h5>","protected":false},"excerpt":{"rendered":"<p>&nbsp;<\/p>\n<h6><strong><a style=\"background-color: #1e73be; color: #fff; padding: 10px; border-radius: 5px;\" href=\"#tab-description\">Conoce lo precios por persona<\/a><\/strong><\/h6>\n<p>&nbsp;<\/p>\n<p style=\"text-align: justify;\">Can you imagine making your own jewelry! Well now you can make it possible with this activity, during your stay in Cartagena you will learn how to make your own jewelry with the most valuable precious stone found in Colombia, Emeralds! In a two and a half hour class taught by an expert jeweler you will make four pieces of jewelry (earrings, pendant, bracelet or ring) in 925 sterling silver wire with a raw emerald and you can take one of the pieces you made, the one you like the most! You will also learn about the quality of the Emeralds and you will have the opportunity to buy the other pieces you made or other jewelry items in gold or silver from the museum store, if you want to buy them.<\/p>\n<p style=\"text-align: justify;\"><i class=\"icon-alert\" style=\"color: #1190cb;\"><\/i> <b>Includes:<\/b> Realizaci\u00f3n de 4 proyectos (aretes, dije, pulsera y anillo), Instructor, materiales, certificado de asistencia, un art\u00edculo en plata y visita guiada por el museo de la esmeralda, Traslado Hotel al taller.<\/p>\n<p style=\"text-align: justify;\"><i class=\"icon-cancel-circled\" style=\"color: #1190cb;\"><\/i> <b>Not included<\/b> Traslado de regreso al hotel, propinas ni servicios o productos no mencionados.<\/p>\n<p><strong><i class=\"icon-clock\" style=\"color: #1190cb;\"><\/i>Schedule:<\/strong> Se manejan 2 horarios, de 10:00 a 12:30 hrs o de 14:00 a 16:30 hrs<\/p>\n<p><strong>Only over 12 years old<\/strong><\/p>\n<style>\np.price {\ndisplay: none;\n}\n<\/style>","protected":false},"featured_media":1692,"comment_status":"closed","ping_status":"closed","template":"","meta":{"_joinchat":[],"_links_to":"","_links_to_target":""},"product_brand":[],"product_cat":[18],"product_tag":[],"class_list":{"0":"post-158","1":"product","2":"type-product","3":"status-publish","4":"has-post-thumbnail","6":"product_cat-tours-por-la-ciudad","8":"first","9":"instock","10":"sold-individually","11":"shipping-taxable","12":"purchasable","13":"product-type-variable","14":"has-default-attributes"},"yoast_head":"<!-- This site is optimized with the Yoast SEO plugin v27.4 - https:\/\/yoast.com\/product\/yoast-seo-wordpress\/ -->\n<title>Clase De Joyer\u00eda Con Esmeraldas - Emporia Travel DMC<\/title>\n<meta name=\"robots\" content=\"index, follow, max-snippet:-1, max-image-preview:large, max-video-preview:-1\" \/>\n<link rel=\"canonical\" href=\"https:\/\/emporiadmc.com\/en\/tours-por-la-ciudad\/clase-de-joyeria-con-esmeraldas\/\" \/>\n<meta property=\"og:locale\" content=\"en_US\" \/>\n<meta property=\"og:type\" content=\"article\" \/>\n<meta property=\"og:title\" content=\"Clase De Joyer\u00eda Con Esmeraldas - Emporia Travel DMC\" \/>\n<meta property=\"og:description\" content=\"&nbsp; Conoce lo precios por persona &nbsp;\u00a1\u00bfTe imaginas hacer tu propia joyer\u00eda?! Pues ahora lo puedes hacer posible con esta actividad, durante tu estancia en Cartagena aprender\u00e1s a realizar tu propia joyer\u00eda con la piedra preciosa m\u00e1s valiosa que se encuentra en Colombia, \u00a1las Esmeraldas! En una clase de dos horas y media que te dicta un experto joyero vas a realizar cuatro piezas de joyer\u00eda (aretes, dije, pulsera o anillo) en hilo de plata ley 925 con una esmeralda en bruto y te puedes llevar una de las piezas que realizaste, laque m\u00e1s te guste! Tambi\u00e9n vas a conocer sobre la calidad de las Esmeraldas y vas a tener la oportunidad de comprar las otras piezas que realizaste u otros art\u00edculos de joyer\u00eda en oro o plata de la tienda del museo, s\u00ed as\u00ed lo quieres  Incluye: Realizaci\u00f3n de 4 proyectos (aretes, dije, pulsera y anillo), Instructor, materiales, certificado de asistencia, un art\u00edculo en plata y visita guiada por el museo de la esmeralda, Traslado Hotel al taller.  No Incluye: Traslado de regreso al hotel, propinas ni servicios o productos no mencionados. Horario: Se manejan 2 horarios, de 10:00 a 12:30 hrs o de 14:00 a 16:30 hrs  Solo mayores de 12 a\u00f1os\" \/>\n<meta property=\"og:url\" content=\"https:\/\/emporiadmc.com\/en\/tours-por-la-ciudad\/clase-de-joyeria-con-esmeraldas\/\" \/>\n<meta property=\"og:site_name\" content=\"Emporia Travel DMC\" \/>\n<meta property=\"article:modified_time\" content=\"2025-02-14T20:37:47+00:00\" \/>\n<meta property=\"og:image\" content=\"https:\/\/emporiadmc.com\/wp-content\/uploads\/2021\/06\/Clase-de-Joyeria-10.png\" \/>\n\t<meta property=\"og:image:width\" content=\"800\" \/>\n\t<meta property=\"og:image:height\" content=\"561\" \/>\n\t<meta property=\"og:image:type\" content=\"image\/png\" \/>\n<meta name=\"twitter:card\" content=\"summary_large_image\" \/>\n<meta name=\"twitter:label1\" content=\"Est. reading time\" \/>\n\t<meta name=\"twitter:data1\" content=\"1 minute\" \/>\n<script type=\"application\/ld+json\" class=\"yoast-schema-graph\">{\"@context\":\"https:\\\/\\\/schema.org\",\"@graph\":[{\"@type\":\"WebPage\",\"@id\":\"https:\\\/\\\/emporiadmc.com\\\/tours-por-la-ciudad\\\/clase-de-joyeria-con-esmeraldas\\\/\",\"url\":\"https:\\\/\\\/emporiadmc.com\\\/tours-por-la-ciudad\\\/clase-de-joyeria-con-esmeraldas\\\/\",\"name\":\"Clase De Joyer\u00eda Con Esmeraldas - Emporia Travel DMC\",\"isPartOf\":{\"@id\":\"https:\\\/\\\/emporiadmc.com\\\/#website\"},\"primaryImageOfPage\":{\"@id\":\"https:\\\/\\\/emporiadmc.com\\\/tours-por-la-ciudad\\\/clase-de-joyeria-con-esmeraldas\\\/#primaryimage\"},\"image\":{\"@id\":\"https:\\\/\\\/emporiadmc.com\\\/tours-por-la-ciudad\\\/clase-de-joyeria-con-esmeraldas\\\/#primaryimage\"},\"thumbnailUrl\":\"https:\\\/\\\/emporiadmc.com\\\/wp-content\\\/uploads\\\/2021\\\/06\\\/Clase-de-Joyeria-10.png\",\"datePublished\":\"2021-06-28T13:03:16+00:00\",\"dateModified\":\"2025-02-14T20:37:47+00:00\",\"breadcrumb\":{\"@id\":\"https:\\\/\\\/emporiadmc.com\\\/tours-por-la-ciudad\\\/clase-de-joyeria-con-esmeraldas\\\/#breadcrumb\"},\"inLanguage\":\"en-US\",\"potentialAction\":[{\"@type\":\"ReadAction\",\"target\":[\"https:\\\/\\\/emporiadmc.com\\\/tours-por-la-ciudad\\\/clase-de-joyeria-con-esmeraldas\\\/\"]}]},{\"@type\":\"ImageObject\",\"inLanguage\":\"en-US\",\"@id\":\"https:\\\/\\\/emporiadmc.com\\\/tours-por-la-ciudad\\\/clase-de-joyeria-con-esmeraldas\\\/#primaryimage\",\"url\":\"https:\\\/\\\/emporiadmc.com\\\/wp-content\\\/uploads\\\/2021\\\/06\\\/Clase-de-Joyeria-10.png\",\"contentUrl\":\"https:\\\/\\\/emporiadmc.com\\\/wp-content\\\/uploads\\\/2021\\\/06\\\/Clase-de-Joyeria-10.png\",\"width\":800,\"height\":561},{\"@type\":\"BreadcrumbList\",\"@id\":\"https:\\\/\\\/emporiadmc.com\\\/tours-por-la-ciudad\\\/clase-de-joyeria-con-esmeraldas\\\/#breadcrumb\",\"itemListElement\":[{\"@type\":\"ListItem\",\"position\":1,\"name\":\"Portada\",\"item\":\"https:\\\/\\\/emporiadmc.com\\\/\"},{\"@type\":\"ListItem\",\"position\":2,\"name\":\"Tienda\",\"item\":\"https:\\\/\\\/emporiadmc.com\\\/?page_id=142\"},{\"@type\":\"ListItem\",\"position\":3,\"name\":\"Clase De Joyer\u00eda Con Esmeraldas\"}]},{\"@type\":\"WebSite\",\"@id\":\"https:\\\/\\\/emporiadmc.com\\\/#website\",\"url\":\"https:\\\/\\\/emporiadmc.com\\\/\",\"name\":\"Emporia Travel DMC\",\"description\":\"Viajes que Inspiran, Experiencias que Perduran!\",\"potentialAction\":[{\"@type\":\"SearchAction\",\"target\":{\"@type\":\"EntryPoint\",\"urlTemplate\":\"https:\\\/\\\/emporiadmc.com\\\/?s={search_term_string}\"},\"query-input\":{\"@type\":\"PropertyValueSpecification\",\"valueRequired\":true,\"valueName\":\"search_term_string\"}}],\"inLanguage\":\"en-US\"}]}<\/script>\n<!-- \/ Yoast SEO plugin. -->","yoast_head_json":{"title":"Clase De Joyer\u00eda Con Esmeraldas - Emporia Travel DMC","robots":{"index":"index","follow":"follow","max-snippet":"max-snippet:-1","max-image-preview":"max-image-preview:large","max-video-preview":"max-video-preview:-1"},"canonical":"https:\/\/emporiadmc.com\/en\/tours-por-la-ciudad\/clase-de-joyeria-con-esmeraldas\/","og_locale":"en_US","og_type":"article","og_title":"Clase De Joyer\u00eda Con Esmeraldas - Emporia Travel DMC","og_description":"&nbsp; Conoce lo precios por persona &nbsp;\u00a1\u00bfTe imaginas hacer tu propia joyer\u00eda?! Pues ahora lo puedes hacer posible con esta actividad, durante tu estancia en Cartagena aprender\u00e1s a realizar tu propia joyer\u00eda con la piedra preciosa m\u00e1s valiosa que se encuentra en Colombia, \u00a1las Esmeraldas! En una clase de dos horas y media que te dicta un experto joyero vas a realizar cuatro piezas de joyer\u00eda (aretes, dije, pulsera o anillo) en hilo de plata ley 925 con una esmeralda en bruto y te puedes llevar una de las piezas que realizaste, laque m\u00e1s te guste! Tambi\u00e9n vas a conocer sobre la calidad de las Esmeraldas y vas a tener la oportunidad de comprar las otras piezas que realizaste u otros art\u00edculos de joyer\u00eda en oro o plata de la tienda del museo, s\u00ed as\u00ed lo quieres  Incluye: Realizaci\u00f3n de 4 proyectos (aretes, dije, pulsera y anillo), Instructor, materiales, certificado de asistencia, un art\u00edculo en plata y visita guiada por el museo de la esmeralda, Traslado Hotel al taller.  No Incluye: Traslado de regreso al hotel, propinas ni servicios o productos no mencionados. Horario: Se manejan 2 horarios, de 10:00 a 12:30 hrs o de 14:00 a 16:30 hrs  Solo mayores de 12 a\u00f1os","og_url":"https:\/\/emporiadmc.com\/en\/tours-por-la-ciudad\/clase-de-joyeria-con-esmeraldas\/","og_site_name":"Emporia Travel DMC","article_modified_time":"2025-02-14T20:37:47+00:00","og_image":[{"width":800,"height":561,"url":"https:\/\/emporiadmc.com\/wp-content\/uploads\/2021\/06\/Clase-de-Joyeria-10.png","type":"image\/png"}],"twitter_card":"summary_large_image","twitter_misc":{"Est. reading time":"1 minute"},"schema":{"@context":"https:\/\/schema.org","@graph":[{"@type":"WebPage","@id":"https:\/\/emporiadmc.com\/tours-por-la-ciudad\/clase-de-joyeria-con-esmeraldas\/","url":"https:\/\/emporiadmc.com\/tours-por-la-ciudad\/clase-de-joyeria-con-esmeraldas\/","name":"Clase De Joyer\u00eda Con Esmeraldas - Emporia Travel DMC","isPartOf":{"@id":"https:\/\/emporiadmc.com\/#website"},"primaryImageOfPage":{"@id":"https:\/\/emporiadmc.com\/tours-por-la-ciudad\/clase-de-joyeria-con-esmeraldas\/#primaryimage"},"image":{"@id":"https:\/\/emporiadmc.com\/tours-por-la-ciudad\/clase-de-joyeria-con-esmeraldas\/#primaryimage"},"thumbnailUrl":"https:\/\/emporiadmc.com\/wp-content\/uploads\/2021\/06\/Clase-de-Joyeria-10.png","datePublished":"2021-06-28T13:03:16+00:00","dateModified":"2025-02-14T20:37:47+00:00","breadcrumb":{"@id":"https:\/\/emporiadmc.com\/tours-por-la-ciudad\/clase-de-joyeria-con-esmeraldas\/#breadcrumb"},"inLanguage":"en-US","potentialAction":[{"@type":"ReadAction","target":["https:\/\/emporiadmc.com\/tours-por-la-ciudad\/clase-de-joyeria-con-esmeraldas\/"]}]},{"@type":"ImageObject","inLanguage":"en-US","@id":"https:\/\/emporiadmc.com\/tours-por-la-ciudad\/clase-de-joyeria-con-esmeraldas\/#primaryimage","url":"https:\/\/emporiadmc.com\/wp-content\/uploads\/2021\/06\/Clase-de-Joyeria-10.png","contentUrl":"https:\/\/emporiadmc.com\/wp-content\/uploads\/2021\/06\/Clase-de-Joyeria-10.png","width":800,"height":561},{"@type":"BreadcrumbList","@id":"https:\/\/emporiadmc.com\/tours-por-la-ciudad\/clase-de-joyeria-con-esmeraldas\/#breadcrumb","itemListElement":[{"@type":"ListItem","position":1,"name":"Portada","item":"https:\/\/emporiadmc.com\/"},{"@type":"ListItem","position":2,"name":"Tienda","item":"https:\/\/emporiadmc.com\/?page_id=142"},{"@type":"ListItem","position":3,"name":"Clase De Joyer\u00eda Con Esmeraldas"}]},{"@type":"WebSite","@id":"https:\/\/emporiadmc.com\/#website","url":"https:\/\/emporiadmc.com\/","name":"Emporia Travel DMC","description":"Inspiring Journeys, lasting Experiences!","potentialAction":[{"@type":"SearchAction","target":{"@type":"EntryPoint","urlTemplate":"https:\/\/emporiadmc.com\/?s={search_term_string}"},"query-input":{"@type":"PropertyValueSpecification","valueRequired":true,"valueName":"search_term_string"}}],"inLanguage":"en-US"}]}},"_links":{"self":[{"href":"https:\/\/emporiadmc.com\/en\/wp-json\/wp\/v2\/product\/158","targetHints":{"allow":["GET"]}}],"collection":[{"href":"https:\/\/emporiadmc.com\/en\/wp-json\/wp\/v2\/product"}],"about":[{"href":"https:\/\/emporiadmc.com\/en\/wp-json\/wp\/v2\/types\/product"}],"replies":[{"embeddable":true,"href":"https:\/\/emporiadmc.com\/en\/wp-json\/wp\/v2\/comments?post=158"}],"wp:featuredmedia":[{"embeddable":true,"href":"https:\/\/emporiadmc.com\/en\/wp-json\/wp\/v2\/media\/1692"}],"wp:attachment":[{"href":"https:\/\/emporiadmc.com\/en\/wp-json\/wp\/v2\/media?parent=158"}],"wp:term":[{"taxonomy":"product_brand","embeddable":true,"href":"https:\/\/emporiadmc.com\/en\/wp-json\/wp\/v2\/product_brand?post=158"},{"taxonomy":"product_cat","embeddable":true,"href":"https:\/\/emporiadmc.com\/en\/wp-json\/wp\/v2\/product_cat?post=158"},{"taxonomy":"product_tag","embeddable":true,"href":"https:\/\/emporiadmc.com\/en\/wp-json\/wp\/v2\/product_tag?post=158"}],"curies":[{"name":"wp","href":"https:\/\/api.w.org\/{rel}","templated":true}]}}