{"id":159,"date":"2021-06-28T08:15:21","date_gmt":"2021-06-28T13:15:21","guid":{"rendered":"https:\/\/alondraexpress.com\/?post_type=product&#038;p=159"},"modified":"2025-02-19T17:25:39","modified_gmt":"2025-02-19T22:25:39","slug":"tour-de-fotografia","status":"publish","type":"product","link":"https:\/\/emporiadmc.com\/en\/tours-por-la-ciudad\/tour-de-fotografia\/","title":{"rendered":"Photo Tour"},"content":{"rendered":"<p style=\"text-align: center;\"><strong>Table of Values per Person<\/strong><\/p>\n<table class=\"aligncenter\" style=\"height: 66px;\" width=\"747\">\n<tbody>\n<tr>\n<td width=\"288\"><strong>Language \/ People<\/strong><\/td>\n<td width=\"74\"><strong>1 pax<\/strong><\/td>\n<td width=\"74\"><strong>2 pax<\/strong><\/td>\n<td width=\"74\"><strong>3 a 5 pax<\/strong><\/td>\n<td width=\"74\"><strong>6 a 14 pax<\/strong><\/td>\n<td width=\"74\"><strong>15 a 20 pax<\/strong><\/td>\n<td width=\"74\"><strong>21 a 30 pax<\/strong><\/td>\n<\/tr>\n<tr>\n<td width=\"288\"><strong>SPANISH OR ENGLISH<\/strong><\/td>\n<td width=\"74\">$ 572.000<\/td>\n<td width=\"74\">$ 572.000<\/td>\n<td width=\"74\">$ 572.000<\/td>\n<td width=\"74\">$ 515.000<\/td>\n<td width=\"74\">$ 515.000<\/td>\n<td width=\"74\">$ 515.000<\/td>\n<\/tr>\n<\/tbody>\n<\/table>\n<p style=\"text-align: center;\"><strong>Nota: Para otros idiomas, se ofrece un servicio de traductor con costo adicional.<\/strong><\/p>","protected":false},"excerpt":{"rendered":"<p>&nbsp;<\/p>\n<h6><strong><a style=\"background-color: #1e73be; color: #fff; padding: 10px; border-radius: 5px;\" href=\"#tab-description\">Conoce lo precios por persona<\/a><\/strong><\/h6>\n<p>&nbsp;<\/p>\n<p style=\"text-align: justify;\">If you are an amateur photographer and want to know the best angles and places for you to transmit through the lens your emotions of what you see, or if you want to get the best pictures of your visit to the city to share on your social networks, this tour is for you! Whether you just want to be the one taking the pictures or be the one being photographed, our expert local photographer will take you to take the best images walking the streets of the historic center and Getseman\u00ed. This service can be taken by the hour, depending on your needs.<\/p>\n<p style=\"text-align: justify;\"><i class=\"icon-alert\" style=\"color: #1190cb;\"><\/i> <b>Includes:<\/b> Assistance from a professional photographer.<\/p>\n<p style=\"text-align: justify;\"><i class=\"icon-cancel-circled\" style=\"color: #1190cb;\"><\/i> <b>Not included<\/b> Transportation, hydration, tips and services or products not mentioned.<\/p>\n<p style=\"text-align: justify;\"><strong><i class=\"icon-clock\" style=\"color: #1190cb;\"><\/i>Duration:<\/strong> One hour<\/p>\n<p style=\"text-align: justify;\"><strong><i class=\"icon-clock\" style=\"color: #1190cb;\"><\/i>Schedule:<\/strong> As it is a private tour, the client decides according to availability, between 7am and 4pm.<\/p>\n<p><strong>CHILDREN'S POLICY: <\/strong><\/p>\n<p>Children under 10 years old are free of charge.<\/p>\n<p>Children over 11 years old pay as adults.<\/p>\n<style>\np.price {\ndisplay: none;\n}\n<\/style>","protected":false},"featured_media":1659,"comment_status":"closed","ping_status":"closed","template":"","meta":{"_joinchat":[],"_links_to":"","_links_to_target":""},"product_brand":[],"product_cat":[18],"product_tag":[],"class_list":{"0":"post-159","1":"product","2":"type-product","3":"status-publish","4":"has-post-thumbnail","6":"product_cat-tours-por-la-ciudad","8":"first","9":"instock","10":"sold-individually","11":"shipping-taxable","12":"purchasable","13":"product-type-variable","14":"has-default-attributes"},"yoast_head":"<!-- This site is optimized with the Yoast SEO plugin v27.4 - https:\/\/yoast.com\/product\/yoast-seo-wordpress\/ -->\n<title>Tour De Fotograf\u00eda - Emporia Travel DMC<\/title>\n<meta name=\"robots\" content=\"index, follow, max-snippet:-1, max-image-preview:large, max-video-preview:-1\" \/>\n<link rel=\"canonical\" href=\"https:\/\/emporiadmc.com\/en\/tours-por-la-ciudad\/tour-de-fotografia\/\" \/>\n<meta property=\"og:locale\" content=\"en_US\" \/>\n<meta property=\"og:type\" content=\"article\" \/>\n<meta property=\"og:title\" content=\"Tour De Fotograf\u00eda - Emporia Travel DMC\" \/>\n<meta property=\"og:description\" content=\"&nbsp; Conoce lo precios por persona &nbsp; Si eres un fot\u00f3grafo aficionado y quiere saber los mejores \u00e1ngulos y lugares para que transmitas a trav\u00e9s del lente tus emociones de lo que ves, o si quieres obtener las mejores fotos de tu visita a la ciudad para compartirla en tus redes sociales, \u00a1este tour es para ti! Ya sea que solo quieras ser quien toma las fotos o ser el fotografiado, nuestro fot\u00f3grafo local experto te llevar\u00e1 a tomar las mejores im\u00e1genes caminando las calles del centro hist\u00f3rico y Getseman\u00ed. Este servicio lo puedes tomar por horas, seg\u00fan sean tus necesidades.  Incluye: Asistencia de un fot\u00f3grafo profesional.  No Incluye: Transporte, hidrataci\u00f3n, propinas ni servicios o productos no mencionados. Duraci\u00f3n: Una hora Horario: Por ser tour privado, el cliente decide seg\u00fan disponibilidad, entre las 7am y las 4pm. POLITICA DE NI\u00d1OS:   Ni\u00f1os menores de 10 a\u00f1os, van gratis.  Ni\u00f1os mayores de 11 a\u00f1os, pagan como adulto.\" \/>\n<meta property=\"og:url\" content=\"https:\/\/emporiadmc.com\/en\/tours-por-la-ciudad\/tour-de-fotografia\/\" \/>\n<meta property=\"og:site_name\" content=\"Emporia Travel DMC\" \/>\n<meta property=\"article:modified_time\" content=\"2025-02-19T22:25:39+00:00\" \/>\n<meta property=\"og:image\" content=\"https:\/\/emporiadmc.com\/wp-content\/uploads\/2021\/06\/Tour-De-Fotografia-4.jpg\" \/>\n\t<meta property=\"og:image:width\" content=\"800\" \/>\n\t<meta property=\"og:image:height\" content=\"561\" \/>\n\t<meta property=\"og:image:type\" content=\"image\/jpeg\" \/>\n<meta name=\"twitter:card\" content=\"summary_large_image\" \/>\n<meta name=\"twitter:label1\" content=\"Est. reading time\" \/>\n\t<meta name=\"twitter:data1\" content=\"1 minute\" \/>\n<script type=\"application\/ld+json\" class=\"yoast-schema-graph\">{\"@context\":\"https:\\\/\\\/schema.org\",\"@graph\":[{\"@type\":\"WebPage\",\"@id\":\"https:\\\/\\\/emporiadmc.com\\\/tours-por-la-ciudad\\\/tour-de-fotografia\\\/\",\"url\":\"https:\\\/\\\/emporiadmc.com\\\/tours-por-la-ciudad\\\/tour-de-fotografia\\\/\",\"name\":\"Tour De Fotograf\u00eda - Emporia Travel DMC\",\"isPartOf\":{\"@id\":\"https:\\\/\\\/emporiadmc.com\\\/#website\"},\"primaryImageOfPage\":{\"@id\":\"https:\\\/\\\/emporiadmc.com\\\/tours-por-la-ciudad\\\/tour-de-fotografia\\\/#primaryimage\"},\"image\":{\"@id\":\"https:\\\/\\\/emporiadmc.com\\\/tours-por-la-ciudad\\\/tour-de-fotografia\\\/#primaryimage\"},\"thumbnailUrl\":\"https:\\\/\\\/emporiadmc.com\\\/wp-content\\\/uploads\\\/2021\\\/06\\\/Tour-De-Fotografia-4.jpg\",\"datePublished\":\"2021-06-28T13:15:21+00:00\",\"dateModified\":\"2025-02-19T22:25:39+00:00\",\"breadcrumb\":{\"@id\":\"https:\\\/\\\/emporiadmc.com\\\/tours-por-la-ciudad\\\/tour-de-fotografia\\\/#breadcrumb\"},\"inLanguage\":\"en-US\",\"potentialAction\":[{\"@type\":\"ReadAction\",\"target\":[\"https:\\\/\\\/emporiadmc.com\\\/tours-por-la-ciudad\\\/tour-de-fotografia\\\/\"]}]},{\"@type\":\"ImageObject\",\"inLanguage\":\"en-US\",\"@id\":\"https:\\\/\\\/emporiadmc.com\\\/tours-por-la-ciudad\\\/tour-de-fotografia\\\/#primaryimage\",\"url\":\"https:\\\/\\\/emporiadmc.com\\\/wp-content\\\/uploads\\\/2021\\\/06\\\/Tour-De-Fotografia-4.jpg\",\"contentUrl\":\"https:\\\/\\\/emporiadmc.com\\\/wp-content\\\/uploads\\\/2021\\\/06\\\/Tour-De-Fotografia-4.jpg\",\"width\":800,\"height\":561},{\"@type\":\"BreadcrumbList\",\"@id\":\"https:\\\/\\\/emporiadmc.com\\\/tours-por-la-ciudad\\\/tour-de-fotografia\\\/#breadcrumb\",\"itemListElement\":[{\"@type\":\"ListItem\",\"position\":1,\"name\":\"Portada\",\"item\":\"https:\\\/\\\/emporiadmc.com\\\/\"},{\"@type\":\"ListItem\",\"position\":2,\"name\":\"Tienda\",\"item\":\"https:\\\/\\\/emporiadmc.com\\\/?page_id=142\"},{\"@type\":\"ListItem\",\"position\":3,\"name\":\"Tour De Fotograf\u00eda\"}]},{\"@type\":\"WebSite\",\"@id\":\"https:\\\/\\\/emporiadmc.com\\\/#website\",\"url\":\"https:\\\/\\\/emporiadmc.com\\\/\",\"name\":\"Emporia Travel DMC\",\"description\":\"Viajes que Inspiran, Experiencias que Perduran!\",\"potentialAction\":[{\"@type\":\"SearchAction\",\"target\":{\"@type\":\"EntryPoint\",\"urlTemplate\":\"https:\\\/\\\/emporiadmc.com\\\/?s={search_term_string}\"},\"query-input\":{\"@type\":\"PropertyValueSpecification\",\"valueRequired\":true,\"valueName\":\"search_term_string\"}}],\"inLanguage\":\"en-US\"}]}<\/script>\n<!-- \/ Yoast SEO plugin. -->","yoast_head_json":{"title":"Tour De Fotograf\u00eda - Emporia Travel DMC","robots":{"index":"index","follow":"follow","max-snippet":"max-snippet:-1","max-image-preview":"max-image-preview:large","max-video-preview":"max-video-preview:-1"},"canonical":"https:\/\/emporiadmc.com\/en\/tours-por-la-ciudad\/tour-de-fotografia\/","og_locale":"en_US","og_type":"article","og_title":"Tour De Fotograf\u00eda - Emporia Travel DMC","og_description":"&nbsp; Conoce lo precios por persona &nbsp; Si eres un fot\u00f3grafo aficionado y quiere saber los mejores \u00e1ngulos y lugares para que transmitas a trav\u00e9s del lente tus emociones de lo que ves, o si quieres obtener las mejores fotos de tu visita a la ciudad para compartirla en tus redes sociales, \u00a1este tour es para ti! Ya sea que solo quieras ser quien toma las fotos o ser el fotografiado, nuestro fot\u00f3grafo local experto te llevar\u00e1 a tomar las mejores im\u00e1genes caminando las calles del centro hist\u00f3rico y Getseman\u00ed. Este servicio lo puedes tomar por horas, seg\u00fan sean tus necesidades.  Incluye: Asistencia de un fot\u00f3grafo profesional.  No Incluye: Transporte, hidrataci\u00f3n, propinas ni servicios o productos no mencionados. Duraci\u00f3n: Una hora Horario: Por ser tour privado, el cliente decide seg\u00fan disponibilidad, entre las 7am y las 4pm. POLITICA DE NI\u00d1OS:   Ni\u00f1os menores de 10 a\u00f1os, van gratis.  Ni\u00f1os mayores de 11 a\u00f1os, pagan como adulto.","og_url":"https:\/\/emporiadmc.com\/en\/tours-por-la-ciudad\/tour-de-fotografia\/","og_site_name":"Emporia Travel DMC","article_modified_time":"2025-02-19T22:25:39+00:00","og_image":[{"width":800,"height":561,"url":"https:\/\/emporiadmc.com\/wp-content\/uploads\/2021\/06\/Tour-De-Fotografia-4.jpg","type":"image\/jpeg"}],"twitter_card":"summary_large_image","twitter_misc":{"Est. reading time":"1 minute"},"schema":{"@context":"https:\/\/schema.org","@graph":[{"@type":"WebPage","@id":"https:\/\/emporiadmc.com\/tours-por-la-ciudad\/tour-de-fotografia\/","url":"https:\/\/emporiadmc.com\/tours-por-la-ciudad\/tour-de-fotografia\/","name":"Tour De Fotograf\u00eda - Emporia Travel DMC","isPartOf":{"@id":"https:\/\/emporiadmc.com\/#website"},"primaryImageOfPage":{"@id":"https:\/\/emporiadmc.com\/tours-por-la-ciudad\/tour-de-fotografia\/#primaryimage"},"image":{"@id":"https:\/\/emporiadmc.com\/tours-por-la-ciudad\/tour-de-fotografia\/#primaryimage"},"thumbnailUrl":"https:\/\/emporiadmc.com\/wp-content\/uploads\/2021\/06\/Tour-De-Fotografia-4.jpg","datePublished":"2021-06-28T13:15:21+00:00","dateModified":"2025-02-19T22:25:39+00:00","breadcrumb":{"@id":"https:\/\/emporiadmc.com\/tours-por-la-ciudad\/tour-de-fotografia\/#breadcrumb"},"inLanguage":"en-US","potentialAction":[{"@type":"ReadAction","target":["https:\/\/emporiadmc.com\/tours-por-la-ciudad\/tour-de-fotografia\/"]}]},{"@type":"ImageObject","inLanguage":"en-US","@id":"https:\/\/emporiadmc.com\/tours-por-la-ciudad\/tour-de-fotografia\/#primaryimage","url":"https:\/\/emporiadmc.com\/wp-content\/uploads\/2021\/06\/Tour-De-Fotografia-4.jpg","contentUrl":"https:\/\/emporiadmc.com\/wp-content\/uploads\/2021\/06\/Tour-De-Fotografia-4.jpg","width":800,"height":561},{"@type":"BreadcrumbList","@id":"https:\/\/emporiadmc.com\/tours-por-la-ciudad\/tour-de-fotografia\/#breadcrumb","itemListElement":[{"@type":"ListItem","position":1,"name":"Portada","item":"https:\/\/emporiadmc.com\/"},{"@type":"ListItem","position":2,"name":"Tienda","item":"https:\/\/emporiadmc.com\/?page_id=142"},{"@type":"ListItem","position":3,"name":"Tour De Fotograf\u00eda"}]},{"@type":"WebSite","@id":"https:\/\/emporiadmc.com\/#website","url":"https:\/\/emporiadmc.com\/","name":"Emporia Travel DMC","description":"Inspiring Journeys, lasting Experiences!","potentialAction":[{"@type":"SearchAction","target":{"@type":"EntryPoint","urlTemplate":"https:\/\/emporiadmc.com\/?s={search_term_string}"},"query-input":{"@type":"PropertyValueSpecification","valueRequired":true,"valueName":"search_term_string"}}],"inLanguage":"en-US"}]}},"_links":{"self":[{"href":"https:\/\/emporiadmc.com\/en\/wp-json\/wp\/v2\/product\/159","targetHints":{"allow":["GET"]}}],"collection":[{"href":"https:\/\/emporiadmc.com\/en\/wp-json\/wp\/v2\/product"}],"about":[{"href":"https:\/\/emporiadmc.com\/en\/wp-json\/wp\/v2\/types\/product"}],"replies":[{"embeddable":true,"href":"https:\/\/emporiadmc.com\/en\/wp-json\/wp\/v2\/comments?post=159"}],"wp:featuredmedia":[{"embeddable":true,"href":"https:\/\/emporiadmc.com\/en\/wp-json\/wp\/v2\/media\/1659"}],"wp:attachment":[{"href":"https:\/\/emporiadmc.com\/en\/wp-json\/wp\/v2\/media?parent=159"}],"wp:term":[{"taxonomy":"product_brand","embeddable":true,"href":"https:\/\/emporiadmc.com\/en\/wp-json\/wp\/v2\/product_brand?post=159"},{"taxonomy":"product_cat","embeddable":true,"href":"https:\/\/emporiadmc.com\/en\/wp-json\/wp\/v2\/product_cat?post=159"},{"taxonomy":"product_tag","embeddable":true,"href":"https:\/\/emporiadmc.com\/en\/wp-json\/wp\/v2\/product_tag?post=159"}],"curies":[{"name":"wp","href":"https:\/\/api.w.org\/{rel}","templated":true}]}}