{"id":162,"date":"2021-06-28T16:29:26","date_gmt":"2021-06-28T21:29:26","guid":{"rendered":"https:\/\/alondraexpress.com\/?post_type=product&#038;p=162"},"modified":"2025-02-19T12:05:32","modified_gmt":"2025-02-19T17:05:32","slug":"sunset-bay-tour-bequia-eagle","status":"publish","type":"product","link":"https:\/\/emporiadmc.com\/en\/tours-por-la-ciudad\/sunset-bay-tour-bequia-eagle\/","title":{"rendered":"Sunset Bay Tour in Bequia Eagle"},"content":{"rendered":"","protected":false},"excerpt":{"rendered":"<p style=\"text-align: justify;\">One of the most romantic moments of the day is to enjoy a sunset, and Cartagena has one of the most beautiful in the world! You can enjoy it from the imposing Bay of the city on board of the boat <strong>Bequia Eagle<\/strong>.<\/p>\n<p style=\"text-align: justify;\"><i class=\"icon-alert\" style=\"color: #1190cb;\"><\/i> <b>Includes:<\/b> Tour of 2 hours on board, Welcome cocktail, Talk about the points of interest in the tour 20 min approx, Dance show, Sightseeing of places of interest, Dancing lessons, Open bar with two national liquors rum, brandy and its mixtures (no beer), Water and soda served in glass, Dancers - Entertainer - Dj, Dock tax.<\/p>\n<p style=\"text-align: justify;\"><i class=\"icon-cancel-circled\" style=\"color: #1190cb;\"><\/i> <b>Not included<\/b> Services not mentioned, nor tips.<\/p>\n<p><strong><i class=\"icon-clock\" style=\"color: #1190cb;\"><\/i>Schedule:<\/strong> Tuesday to Saturday, from 17:00 to 19:00 hrs.<\/p>\n<p><strong>Important: Children over 10 years old pay as adults.<\/strong><\/p>","protected":false},"featured_media":1677,"comment_status":"closed","ping_status":"closed","template":"","meta":{"_joinchat":[],"_links_to":"","_links_to_target":""},"product_brand":[],"product_cat":[18],"product_tag":[],"class_list":{"0":"post-162","1":"product","2":"type-product","3":"status-publish","4":"has-post-thumbnail","6":"product_cat-tours-por-la-ciudad","8":"first","9":"instock","10":"shipping-taxable","11":"purchasable","12":"product-type-variable","13":"has-default-attributes"},"yoast_head":"<!-- This site is optimized with the Yoast SEO plugin v27.4 - https:\/\/yoast.com\/product\/yoast-seo-wordpress\/ -->\n<title>Sunset Bay Tour - Bequia Eagle - Emporia Travel DMC<\/title>\n<meta name=\"robots\" content=\"index, follow, max-snippet:-1, max-image-preview:large, max-video-preview:-1\" \/>\n<link rel=\"canonical\" href=\"https:\/\/emporiadmc.com\/en\/tours-por-la-ciudad\/sunset-bay-tour-bequia-eagle\/\" \/>\n<meta property=\"og:locale\" content=\"en_US\" \/>\n<meta property=\"og:type\" content=\"article\" \/>\n<meta property=\"og:title\" content=\"Sunset Bay Tour - Bequia Eagle - Emporia Travel DMC\" \/>\n<meta property=\"og:description\" content=\"Uno de los momentos m\u00e1s rom\u00e1nticos del d\u00eda, es disfrutar de un atardecer, \u00a1y Cartagena tiene uno de los m\u00e1s bellos del mundo! Puedes disfrutarlo desde la imponente Bah\u00eda de la ciudad a bordo de la embarcaci\u00f3n Bequia Eagle.  Incluye: Tour de 2 horas a bordo, Coctel de bienvenida, Charla sobre los puntos de inter\u00e9s en el tour 20 min aprox, Show de baile, Avistamiento de lugares de inter\u00e9s, Clases de baile, Bar abierto con dos licores nacionales ron, aguardiente y sus mezclas (no cervezas), Agua y gaseosa servida en vaso, Bailarines- Animador - Dj, Impuesto de muelle.  No Incluye: Servicios no mencionados, ni propinas. Horario: Martes a S\u00e1bados, de 17:00 a 19:00 hrs.  Importante: Ni\u00f1os mayores de 10 a\u00f1os pagan como adultos.\" \/>\n<meta property=\"og:url\" content=\"https:\/\/emporiadmc.com\/en\/tours-por-la-ciudad\/sunset-bay-tour-bequia-eagle\/\" \/>\n<meta property=\"og:site_name\" content=\"Emporia Travel DMC\" \/>\n<meta property=\"article:modified_time\" content=\"2025-02-19T17:05:32+00:00\" \/>\n<meta property=\"og:image\" content=\"https:\/\/emporiadmc.com\/wp-content\/uploads\/2021\/06\/Sunset-Bay-Tour-\u2013-Bequia-Eagle-3.jpg\" \/>\n\t<meta property=\"og:image:width\" content=\"800\" \/>\n\t<meta property=\"og:image:height\" content=\"561\" \/>\n\t<meta property=\"og:image:type\" content=\"image\/jpeg\" \/>\n<meta name=\"twitter:card\" content=\"summary_large_image\" \/>\n<meta name=\"twitter:label1\" content=\"Est. reading time\" \/>\n\t<meta name=\"twitter:data1\" content=\"1 minute\" \/>\n<script type=\"application\/ld+json\" class=\"yoast-schema-graph\">{\"@context\":\"https:\\\/\\\/schema.org\",\"@graph\":[{\"@type\":\"WebPage\",\"@id\":\"https:\\\/\\\/emporiadmc.com\\\/tours-por-la-ciudad\\\/sunset-bay-tour-bequia-eagle\\\/\",\"url\":\"https:\\\/\\\/emporiadmc.com\\\/tours-por-la-ciudad\\\/sunset-bay-tour-bequia-eagle\\\/\",\"name\":\"Sunset Bay Tour - Bequia Eagle - Emporia Travel DMC\",\"isPartOf\":{\"@id\":\"https:\\\/\\\/emporiadmc.com\\\/#website\"},\"primaryImageOfPage\":{\"@id\":\"https:\\\/\\\/emporiadmc.com\\\/tours-por-la-ciudad\\\/sunset-bay-tour-bequia-eagle\\\/#primaryimage\"},\"image\":{\"@id\":\"https:\\\/\\\/emporiadmc.com\\\/tours-por-la-ciudad\\\/sunset-bay-tour-bequia-eagle\\\/#primaryimage\"},\"thumbnailUrl\":\"https:\\\/\\\/emporiadmc.com\\\/wp-content\\\/uploads\\\/2021\\\/06\\\/Sunset-Bay-Tour-\u2013-Bequia-Eagle-3.jpg\",\"datePublished\":\"2021-06-28T21:29:26+00:00\",\"dateModified\":\"2025-02-19T17:05:32+00:00\",\"breadcrumb\":{\"@id\":\"https:\\\/\\\/emporiadmc.com\\\/tours-por-la-ciudad\\\/sunset-bay-tour-bequia-eagle\\\/#breadcrumb\"},\"inLanguage\":\"en-US\",\"potentialAction\":[{\"@type\":\"ReadAction\",\"target\":[\"https:\\\/\\\/emporiadmc.com\\\/tours-por-la-ciudad\\\/sunset-bay-tour-bequia-eagle\\\/\"]}]},{\"@type\":\"ImageObject\",\"inLanguage\":\"en-US\",\"@id\":\"https:\\\/\\\/emporiadmc.com\\\/tours-por-la-ciudad\\\/sunset-bay-tour-bequia-eagle\\\/#primaryimage\",\"url\":\"https:\\\/\\\/emporiadmc.com\\\/wp-content\\\/uploads\\\/2021\\\/06\\\/Sunset-Bay-Tour-\u2013-Bequia-Eagle-3.jpg\",\"contentUrl\":\"https:\\\/\\\/emporiadmc.com\\\/wp-content\\\/uploads\\\/2021\\\/06\\\/Sunset-Bay-Tour-\u2013-Bequia-Eagle-3.jpg\",\"width\":800,\"height\":561},{\"@type\":\"BreadcrumbList\",\"@id\":\"https:\\\/\\\/emporiadmc.com\\\/tours-por-la-ciudad\\\/sunset-bay-tour-bequia-eagle\\\/#breadcrumb\",\"itemListElement\":[{\"@type\":\"ListItem\",\"position\":1,\"name\":\"Portada\",\"item\":\"https:\\\/\\\/emporiadmc.com\\\/\"},{\"@type\":\"ListItem\",\"position\":2,\"name\":\"Tienda\",\"item\":\"https:\\\/\\\/emporiadmc.com\\\/?page_id=142\"},{\"@type\":\"ListItem\",\"position\":3,\"name\":\"Sunset Bay Tour &#8211; Bequia Eagle\"}]},{\"@type\":\"WebSite\",\"@id\":\"https:\\\/\\\/emporiadmc.com\\\/#website\",\"url\":\"https:\\\/\\\/emporiadmc.com\\\/\",\"name\":\"Emporia Travel DMC\",\"description\":\"Viajes que Inspiran, Experiencias que Perduran!\",\"potentialAction\":[{\"@type\":\"SearchAction\",\"target\":{\"@type\":\"EntryPoint\",\"urlTemplate\":\"https:\\\/\\\/emporiadmc.com\\\/?s={search_term_string}\"},\"query-input\":{\"@type\":\"PropertyValueSpecification\",\"valueRequired\":true,\"valueName\":\"search_term_string\"}}],\"inLanguage\":\"en-US\"}]}<\/script>\n<!-- \/ Yoast SEO plugin. -->","yoast_head_json":{"title":"Sunset Bay Tour - Bequia Eagle - Emporia Travel DMC","robots":{"index":"index","follow":"follow","max-snippet":"max-snippet:-1","max-image-preview":"max-image-preview:large","max-video-preview":"max-video-preview:-1"},"canonical":"https:\/\/emporiadmc.com\/en\/tours-por-la-ciudad\/sunset-bay-tour-bequia-eagle\/","og_locale":"en_US","og_type":"article","og_title":"Sunset Bay Tour - Bequia Eagle - Emporia Travel DMC","og_description":"Uno de los momentos m\u00e1s rom\u00e1nticos del d\u00eda, es disfrutar de un atardecer, \u00a1y Cartagena tiene uno de los m\u00e1s bellos del mundo! Puedes disfrutarlo desde la imponente Bah\u00eda de la ciudad a bordo de la embarcaci\u00f3n Bequia Eagle.  Incluye: Tour de 2 horas a bordo, Coctel de bienvenida, Charla sobre los puntos de inter\u00e9s en el tour 20 min aprox, Show de baile, Avistamiento de lugares de inter\u00e9s, Clases de baile, Bar abierto con dos licores nacionales ron, aguardiente y sus mezclas (no cervezas), Agua y gaseosa servida en vaso, Bailarines- Animador - Dj, Impuesto de muelle.  No Incluye: Servicios no mencionados, ni propinas. Horario: Martes a S\u00e1bados, de 17:00 a 19:00 hrs.  Importante: Ni\u00f1os mayores de 10 a\u00f1os pagan como adultos.","og_url":"https:\/\/emporiadmc.com\/en\/tours-por-la-ciudad\/sunset-bay-tour-bequia-eagle\/","og_site_name":"Emporia Travel DMC","article_modified_time":"2025-02-19T17:05:32+00:00","og_image":[{"width":800,"height":561,"url":"https:\/\/emporiadmc.com\/wp-content\/uploads\/2021\/06\/Sunset-Bay-Tour-\u2013-Bequia-Eagle-3.jpg","type":"image\/jpeg"}],"twitter_card":"summary_large_image","twitter_misc":{"Est. reading time":"1 minute"},"schema":{"@context":"https:\/\/schema.org","@graph":[{"@type":"WebPage","@id":"https:\/\/emporiadmc.com\/tours-por-la-ciudad\/sunset-bay-tour-bequia-eagle\/","url":"https:\/\/emporiadmc.com\/tours-por-la-ciudad\/sunset-bay-tour-bequia-eagle\/","name":"Sunset Bay Tour - Bequia Eagle - Emporia Travel DMC","isPartOf":{"@id":"https:\/\/emporiadmc.com\/#website"},"primaryImageOfPage":{"@id":"https:\/\/emporiadmc.com\/tours-por-la-ciudad\/sunset-bay-tour-bequia-eagle\/#primaryimage"},"image":{"@id":"https:\/\/emporiadmc.com\/tours-por-la-ciudad\/sunset-bay-tour-bequia-eagle\/#primaryimage"},"thumbnailUrl":"https:\/\/emporiadmc.com\/wp-content\/uploads\/2021\/06\/Sunset-Bay-Tour-\u2013-Bequia-Eagle-3.jpg","datePublished":"2021-06-28T21:29:26+00:00","dateModified":"2025-02-19T17:05:32+00:00","breadcrumb":{"@id":"https:\/\/emporiadmc.com\/tours-por-la-ciudad\/sunset-bay-tour-bequia-eagle\/#breadcrumb"},"inLanguage":"en-US","potentialAction":[{"@type":"ReadAction","target":["https:\/\/emporiadmc.com\/tours-por-la-ciudad\/sunset-bay-tour-bequia-eagle\/"]}]},{"@type":"ImageObject","inLanguage":"en-US","@id":"https:\/\/emporiadmc.com\/tours-por-la-ciudad\/sunset-bay-tour-bequia-eagle\/#primaryimage","url":"https:\/\/emporiadmc.com\/wp-content\/uploads\/2021\/06\/Sunset-Bay-Tour-\u2013-Bequia-Eagle-3.jpg","contentUrl":"https:\/\/emporiadmc.com\/wp-content\/uploads\/2021\/06\/Sunset-Bay-Tour-\u2013-Bequia-Eagle-3.jpg","width":800,"height":561},{"@type":"BreadcrumbList","@id":"https:\/\/emporiadmc.com\/tours-por-la-ciudad\/sunset-bay-tour-bequia-eagle\/#breadcrumb","itemListElement":[{"@type":"ListItem","position":1,"name":"Portada","item":"https:\/\/emporiadmc.com\/"},{"@type":"ListItem","position":2,"name":"Tienda","item":"https:\/\/emporiadmc.com\/?page_id=142"},{"@type":"ListItem","position":3,"name":"Sunset Bay Tour &#8211; Bequia Eagle"}]},{"@type":"WebSite","@id":"https:\/\/emporiadmc.com\/#website","url":"https:\/\/emporiadmc.com\/","name":"Emporia Travel DMC","description":"Inspiring Journeys, lasting Experiences!","potentialAction":[{"@type":"SearchAction","target":{"@type":"EntryPoint","urlTemplate":"https:\/\/emporiadmc.com\/?s={search_term_string}"},"query-input":{"@type":"PropertyValueSpecification","valueRequired":true,"valueName":"search_term_string"}}],"inLanguage":"en-US"}]}},"_links":{"self":[{"href":"https:\/\/emporiadmc.com\/en\/wp-json\/wp\/v2\/product\/162","targetHints":{"allow":["GET"]}}],"collection":[{"href":"https:\/\/emporiadmc.com\/en\/wp-json\/wp\/v2\/product"}],"about":[{"href":"https:\/\/emporiadmc.com\/en\/wp-json\/wp\/v2\/types\/product"}],"replies":[{"embeddable":true,"href":"https:\/\/emporiadmc.com\/en\/wp-json\/wp\/v2\/comments?post=162"}],"wp:featuredmedia":[{"embeddable":true,"href":"https:\/\/emporiadmc.com\/en\/wp-json\/wp\/v2\/media\/1677"}],"wp:attachment":[{"href":"https:\/\/emporiadmc.com\/en\/wp-json\/wp\/v2\/media?parent=162"}],"wp:term":[{"taxonomy":"product_brand","embeddable":true,"href":"https:\/\/emporiadmc.com\/en\/wp-json\/wp\/v2\/product_brand?post=162"},{"taxonomy":"product_cat","embeddable":true,"href":"https:\/\/emporiadmc.com\/en\/wp-json\/wp\/v2\/product_cat?post=162"},{"taxonomy":"product_tag","embeddable":true,"href":"https:\/\/emporiadmc.com\/en\/wp-json\/wp\/v2\/product_tag?post=162"}],"curies":[{"name":"wp","href":"https:\/\/api.w.org\/{rel}","templated":true}]}}