{"id":1809,"date":"2021-09-17T17:18:32","date_gmt":"2021-09-17T22:18:32","guid":{"rendered":"https:\/\/alondraexpress.com\/?post_type=product&#038;p=1809"},"modified":"2025-02-22T09:13:28","modified_gmt":"2025-02-22T14:13:28","slug":"isla-del-encanto-baru-ninos-2a4","status":"publish","type":"product","link":"https:\/\/emporiadmc.com\/en\/simples-para-agrupar\/isla-del-encanto-baru-ninos-2a4\/","title":{"rendered":"Isla Del Encanto &#8211; Bar\u00fa (Ni\u00f1os de 2 a 4 a\u00f1os)"},"content":{"rendered":"","protected":false},"excerpt":{"rendered":"<p style=\"text-align: justify;\">Just 60 minutes by boat from Cartagena, within the Corales del Rosario Natural Park in the Baru Peninsula, you will find this private island with approximately 300 linear meters of beach. Here, sun, sand, sea and tranquility are your allies to enjoy your vacation intensely.<\/p>\n<p><i class=\"icon-alert\" style=\"color: #1190cb;\"><\/i> <strong>Includes:<\/strong><\/p>\n<p style=\"text-align: justify;\">Transporte en lanchas r\u00e1pidas o v\u00eda terrestre, recogida en el hotel, almuerzo servido estilo buffet y Uso de las instalaciones externas de descanso del hotel.<\/p>\n<p><i class=\"icon-cancel-circled\" style=\"color: #1190cb;\"><\/i> <strong>Not included<\/strong><\/p>\n<p>Impuesto del muelle ($19.000 COP), traslado del muelle al hotel, propinas ni servicios no mencionados.<\/p>\n<p><strong><i class=\"icon-calendar-line\" style=\"color: #1190cb;\"><\/i>Schedule:<\/strong> Monday to Sunday, from 8:45 to 15:00 hrs.<\/p>\n<p><strong><i class=\"icon-location\" style=\"color: #1190cb;\"><\/i>Meeting point:\u00a0<\/strong>Bodeguita dock, door #3.<\/p>\n<p><strong><i class=\"icon-clock\" style=\"color: #1190cb;\"><\/i>Boarding:<\/strong> 8:00hrs.<\/p>","protected":false},"featured_media":1436,"comment_status":"closed","ping_status":"closed","template":"","meta":{"_joinchat":[],"_links_to":"","_links_to_target":""},"product_brand":[],"product_cat":[24],"product_tag":[],"class_list":{"0":"post-1809","1":"product","2":"type-product","3":"status-publish","4":"has-post-thumbnail","6":"product_cat-simples-para-agrupar","8":"first","9":"instock","10":"shipping-taxable","11":"purchasable","12":"product-type-simple"},"yoast_head":"<!-- This site is optimized with the Yoast SEO plugin v27.4 - https:\/\/yoast.com\/product\/yoast-seo-wordpress\/ -->\n<title>Isla Del Encanto - Bar\u00fa (Ni\u00f1os de 2 a 4 a\u00f1os) - Emporia Travel DMC<\/title>\n<meta name=\"robots\" content=\"index, follow, max-snippet:-1, max-image-preview:large, max-video-preview:-1\" \/>\n<link rel=\"canonical\" href=\"https:\/\/emporiadmc.com\/en\/simples-para-agrupar\/isla-del-encanto-baru-ninos-2a4\/\" \/>\n<meta property=\"og:locale\" content=\"en_US\" \/>\n<meta property=\"og:type\" content=\"article\" \/>\n<meta property=\"og:title\" content=\"Isla Del Encanto - Bar\u00fa (Ni\u00f1os de 2 a 4 a\u00f1os) - Emporia Travel DMC\" \/>\n<meta property=\"og:description\" content=\"A s\u00f3lo 60 minutos en lancha desde Cartagena, dentro del Parque Natural Corales del Rosario en la Pen\u00ednsula de Bar\u00fa encuentras esta isla privada con aproximadamente 300 metros lineales de playa. Aqu\u00ed, el sol, la arena, el mar y la tranquilidad son tus aliados para que disfrutes intensamente tus vacaciones.  Incluye: Transporte en lanchas r\u00e1pidas o v\u00eda terrestre, recogida en el hotel, almuerzo servido estilo buffet y Uso de las instalaciones externas de descanso del hotel.  No Incluye:  Impuesto del muelle ($19.000 COP), traslado del muelle al hotel, propinas ni servicios no mencionados.  Horario: Lunes a Domingos, de 8:45 a 15:00 hrs.  Punto de encuentro:\u00a0Muelle de la bodeguita, puerta #3.  Embarque: 8:00hrs.\" \/>\n<meta property=\"og:url\" content=\"https:\/\/emporiadmc.com\/en\/simples-para-agrupar\/isla-del-encanto-baru-ninos-2a4\/\" \/>\n<meta property=\"og:site_name\" content=\"Emporia Travel DMC\" \/>\n<meta property=\"article:modified_time\" content=\"2025-02-22T14:13:28+00:00\" \/>\n<meta property=\"og:image\" content=\"https:\/\/emporiadmc.com\/wp-content\/uploads\/2021\/06\/Isla-del-Encanto-15.jpg\" \/>\n\t<meta property=\"og:image:width\" content=\"800\" \/>\n\t<meta property=\"og:image:height\" content=\"561\" \/>\n\t<meta property=\"og:image:type\" content=\"image\/jpeg\" \/>\n<meta name=\"twitter:card\" content=\"summary_large_image\" \/>\n<meta name=\"twitter:label1\" content=\"Est. reading time\" \/>\n\t<meta name=\"twitter:data1\" content=\"1 minute\" \/>\n<script type=\"application\/ld+json\" class=\"yoast-schema-graph\">{\"@context\":\"https:\\\/\\\/schema.org\",\"@graph\":[{\"@type\":\"WebPage\",\"@id\":\"https:\\\/\\\/emporiadmc.com\\\/simples-para-agrupar\\\/isla-del-encanto-baru-ninos-2a4\\\/\",\"url\":\"https:\\\/\\\/emporiadmc.com\\\/simples-para-agrupar\\\/isla-del-encanto-baru-ninos-2a4\\\/\",\"name\":\"Isla Del Encanto - Bar\u00fa (Ni\u00f1os de 2 a 4 a\u00f1os) - Emporia Travel DMC\",\"isPartOf\":{\"@id\":\"https:\\\/\\\/emporiadmc.com\\\/#website\"},\"primaryImageOfPage\":{\"@id\":\"https:\\\/\\\/emporiadmc.com\\\/simples-para-agrupar\\\/isla-del-encanto-baru-ninos-2a4\\\/#primaryimage\"},\"image\":{\"@id\":\"https:\\\/\\\/emporiadmc.com\\\/simples-para-agrupar\\\/isla-del-encanto-baru-ninos-2a4\\\/#primaryimage\"},\"thumbnailUrl\":\"https:\\\/\\\/emporiadmc.com\\\/wp-content\\\/uploads\\\/2021\\\/06\\\/Isla-del-Encanto-15.jpg\",\"datePublished\":\"2021-09-17T22:18:32+00:00\",\"dateModified\":\"2025-02-22T14:13:28+00:00\",\"breadcrumb\":{\"@id\":\"https:\\\/\\\/emporiadmc.com\\\/simples-para-agrupar\\\/isla-del-encanto-baru-ninos-2a4\\\/#breadcrumb\"},\"inLanguage\":\"en-US\",\"potentialAction\":[{\"@type\":\"ReadAction\",\"target\":[\"https:\\\/\\\/emporiadmc.com\\\/simples-para-agrupar\\\/isla-del-encanto-baru-ninos-2a4\\\/\"]}]},{\"@type\":\"ImageObject\",\"inLanguage\":\"en-US\",\"@id\":\"https:\\\/\\\/emporiadmc.com\\\/simples-para-agrupar\\\/isla-del-encanto-baru-ninos-2a4\\\/#primaryimage\",\"url\":\"https:\\\/\\\/emporiadmc.com\\\/wp-content\\\/uploads\\\/2021\\\/06\\\/Isla-del-Encanto-15.jpg\",\"contentUrl\":\"https:\\\/\\\/emporiadmc.com\\\/wp-content\\\/uploads\\\/2021\\\/06\\\/Isla-del-Encanto-15.jpg\",\"width\":800,\"height\":561},{\"@type\":\"BreadcrumbList\",\"@id\":\"https:\\\/\\\/emporiadmc.com\\\/simples-para-agrupar\\\/isla-del-encanto-baru-ninos-2a4\\\/#breadcrumb\",\"itemListElement\":[{\"@type\":\"ListItem\",\"position\":1,\"name\":\"Portada\",\"item\":\"https:\\\/\\\/emporiadmc.com\\\/\"},{\"@type\":\"ListItem\",\"position\":2,\"name\":\"Tienda\",\"item\":\"https:\\\/\\\/emporiadmc.com\\\/?page_id=142\"},{\"@type\":\"ListItem\",\"position\":3,\"name\":\"Isla Del Encanto &#8211; Bar\u00fa (Ni\u00f1os de 2 a 4 a\u00f1os)\"}]},{\"@type\":\"WebSite\",\"@id\":\"https:\\\/\\\/emporiadmc.com\\\/#website\",\"url\":\"https:\\\/\\\/emporiadmc.com\\\/\",\"name\":\"Emporia Travel DMC\",\"description\":\"Viajes que Inspiran, Experiencias que Perduran!\",\"potentialAction\":[{\"@type\":\"SearchAction\",\"target\":{\"@type\":\"EntryPoint\",\"urlTemplate\":\"https:\\\/\\\/emporiadmc.com\\\/?s={search_term_string}\"},\"query-input\":{\"@type\":\"PropertyValueSpecification\",\"valueRequired\":true,\"valueName\":\"search_term_string\"}}],\"inLanguage\":\"en-US\"}]}<\/script>\n<!-- \/ Yoast SEO plugin. -->","yoast_head_json":{"title":"Isla Del Encanto - Bar\u00fa (Ni\u00f1os de 2 a 4 a\u00f1os) - Emporia Travel DMC","robots":{"index":"index","follow":"follow","max-snippet":"max-snippet:-1","max-image-preview":"max-image-preview:large","max-video-preview":"max-video-preview:-1"},"canonical":"https:\/\/emporiadmc.com\/en\/simples-para-agrupar\/isla-del-encanto-baru-ninos-2a4\/","og_locale":"en_US","og_type":"article","og_title":"Isla Del Encanto - Bar\u00fa (Ni\u00f1os de 2 a 4 a\u00f1os) - Emporia Travel DMC","og_description":"A s\u00f3lo 60 minutos en lancha desde Cartagena, dentro del Parque Natural Corales del Rosario en la Pen\u00ednsula de Bar\u00fa encuentras esta isla privada con aproximadamente 300 metros lineales de playa. Aqu\u00ed, el sol, la arena, el mar y la tranquilidad son tus aliados para que disfrutes intensamente tus vacaciones.  Incluye: Transporte en lanchas r\u00e1pidas o v\u00eda terrestre, recogida en el hotel, almuerzo servido estilo buffet y Uso de las instalaciones externas de descanso del hotel.  No Incluye:  Impuesto del muelle ($19.000 COP), traslado del muelle al hotel, propinas ni servicios no mencionados.  Horario: Lunes a Domingos, de 8:45 a 15:00 hrs.  Punto de encuentro:\u00a0Muelle de la bodeguita, puerta #3.  Embarque: 8:00hrs.","og_url":"https:\/\/emporiadmc.com\/en\/simples-para-agrupar\/isla-del-encanto-baru-ninos-2a4\/","og_site_name":"Emporia Travel DMC","article_modified_time":"2025-02-22T14:13:28+00:00","og_image":[{"width":800,"height":561,"url":"https:\/\/emporiadmc.com\/wp-content\/uploads\/2021\/06\/Isla-del-Encanto-15.jpg","type":"image\/jpeg"}],"twitter_card":"summary_large_image","twitter_misc":{"Est. reading time":"1 minute"},"schema":{"@context":"https:\/\/schema.org","@graph":[{"@type":"WebPage","@id":"https:\/\/emporiadmc.com\/simples-para-agrupar\/isla-del-encanto-baru-ninos-2a4\/","url":"https:\/\/emporiadmc.com\/simples-para-agrupar\/isla-del-encanto-baru-ninos-2a4\/","name":"Isla Del Encanto - Bar\u00fa (Ni\u00f1os de 2 a 4 a\u00f1os) - Emporia Travel DMC","isPartOf":{"@id":"https:\/\/emporiadmc.com\/#website"},"primaryImageOfPage":{"@id":"https:\/\/emporiadmc.com\/simples-para-agrupar\/isla-del-encanto-baru-ninos-2a4\/#primaryimage"},"image":{"@id":"https:\/\/emporiadmc.com\/simples-para-agrupar\/isla-del-encanto-baru-ninos-2a4\/#primaryimage"},"thumbnailUrl":"https:\/\/emporiadmc.com\/wp-content\/uploads\/2021\/06\/Isla-del-Encanto-15.jpg","datePublished":"2021-09-17T22:18:32+00:00","dateModified":"2025-02-22T14:13:28+00:00","breadcrumb":{"@id":"https:\/\/emporiadmc.com\/simples-para-agrupar\/isla-del-encanto-baru-ninos-2a4\/#breadcrumb"},"inLanguage":"en-US","potentialAction":[{"@type":"ReadAction","target":["https:\/\/emporiadmc.com\/simples-para-agrupar\/isla-del-encanto-baru-ninos-2a4\/"]}]},{"@type":"ImageObject","inLanguage":"en-US","@id":"https:\/\/emporiadmc.com\/simples-para-agrupar\/isla-del-encanto-baru-ninos-2a4\/#primaryimage","url":"https:\/\/emporiadmc.com\/wp-content\/uploads\/2021\/06\/Isla-del-Encanto-15.jpg","contentUrl":"https:\/\/emporiadmc.com\/wp-content\/uploads\/2021\/06\/Isla-del-Encanto-15.jpg","width":800,"height":561},{"@type":"BreadcrumbList","@id":"https:\/\/emporiadmc.com\/simples-para-agrupar\/isla-del-encanto-baru-ninos-2a4\/#breadcrumb","itemListElement":[{"@type":"ListItem","position":1,"name":"Portada","item":"https:\/\/emporiadmc.com\/"},{"@type":"ListItem","position":2,"name":"Tienda","item":"https:\/\/emporiadmc.com\/?page_id=142"},{"@type":"ListItem","position":3,"name":"Isla Del Encanto &#8211; Bar\u00fa (Ni\u00f1os de 2 a 4 a\u00f1os)"}]},{"@type":"WebSite","@id":"https:\/\/emporiadmc.com\/#website","url":"https:\/\/emporiadmc.com\/","name":"Emporia Travel DMC","description":"Inspiring Journeys, lasting Experiences!","potentialAction":[{"@type":"SearchAction","target":{"@type":"EntryPoint","urlTemplate":"https:\/\/emporiadmc.com\/?s={search_term_string}"},"query-input":{"@type":"PropertyValueSpecification","valueRequired":true,"valueName":"search_term_string"}}],"inLanguage":"en-US"}]}},"_links":{"self":[{"href":"https:\/\/emporiadmc.com\/en\/wp-json\/wp\/v2\/product\/1809","targetHints":{"allow":["GET"]}}],"collection":[{"href":"https:\/\/emporiadmc.com\/en\/wp-json\/wp\/v2\/product"}],"about":[{"href":"https:\/\/emporiadmc.com\/en\/wp-json\/wp\/v2\/types\/product"}],"replies":[{"embeddable":true,"href":"https:\/\/emporiadmc.com\/en\/wp-json\/wp\/v2\/comments?post=1809"}],"wp:featuredmedia":[{"embeddable":true,"href":"https:\/\/emporiadmc.com\/en\/wp-json\/wp\/v2\/media\/1436"}],"wp:attachment":[{"href":"https:\/\/emporiadmc.com\/en\/wp-json\/wp\/v2\/media?parent=1809"}],"wp:term":[{"taxonomy":"product_brand","embeddable":true,"href":"https:\/\/emporiadmc.com\/en\/wp-json\/wp\/v2\/product_brand?post=1809"},{"taxonomy":"product_cat","embeddable":true,"href":"https:\/\/emporiadmc.com\/en\/wp-json\/wp\/v2\/product_cat?post=1809"},{"taxonomy":"product_tag","embeddable":true,"href":"https:\/\/emporiadmc.com\/en\/wp-json\/wp\/v2\/product_tag?post=1809"}],"curies":[{"name":"wp","href":"https:\/\/api.w.org\/{rel}","templated":true}]}}