{"id":1895,"date":"2021-09-29T12:28:10","date_gmt":"2021-09-29T17:28:10","guid":{"rendered":"https:\/\/alondraexpress.com\/?post_type=product&#038;p=1895"},"modified":"2025-02-05T22:14:45","modified_gmt":"2025-02-06T03:14:45","slug":"eteka-beach-tierra-bomba","status":"publish","type":"product","link":"https:\/\/emporiadmc.com\/en\/tierra-bomba\/eteka-beach-tierra-bomba\/","title":{"rendered":"Eteka Beach \u2013 Tierra Bomba"},"content":{"rendered":"","protected":false},"excerpt":{"rendered":"<p>This place is an oasis just 10 minutes from Cartagena. Our space is intended to find the connection of body, mind and spirit. The crystal clear water, the white sand and the fresh breeze will make your stay a magical experience.<\/p>\n<p><strong>Exclusive access for those over 12 years of age.<\/strong><\/p>\n<p style=\"text-align: justify;\"><hr class=\"no_line\" style=\"margin:0 auto 20px\"\/>\n<\/p>\n<p><i class=\"icon-alert\" style=\"color: #1190cb;\"><\/i> <strong>Includes:<\/strong><\/p>\n<p>Round trip maritime transportation. Dock tax, Welcome cocktail, 3-course lunch (the main course is a la carte, applies only for values equal to or less than 80,000 COP), Accompanying drink, Use of facilities and semi-private beach, 1 towel per person.<br \/>\n<hr class=\"no_line\" style=\"margin:0 auto 20px\"\/>\n<\/p>\n<p><i class=\"icon-cancel-circled\" style=\"color: #1190cb;\"><\/i> <strong>Not included<\/strong><\/p>\n<p>Tips and services not mentioned.<br \/>\n<hr class=\"no_line\" style=\"margin:0 auto 20px\"\/>\n<\/p>\n<p><i class=\"icon-calendar-line\" style=\"color: #1190cb;\"><\/i><strong>Schedule:<\/strong> <span style=\"font-size: 14px; font-weight: 400;\">Monday to Saturday<\/span><\/p>\n<p><i class=\"icon-location\" style=\"color: #1190cb;\"><\/i><strong>Meeting point:<\/strong> <span style=\"font-size: 14px; font-weight: 400;\">Bodeguita dock, door #1.<\/span><\/p>\n<p><i class=\"icon-clock\" style=\"color: #1190cb;\"><\/i><strong>Boarding:<\/strong><span style=\"font-size: 14px; font-weight: 400;\"><strong>\u00a0<\/strong>10:00 hrs y 11:00 hrs.<\/span><\/p>\n<p><i class=\"icon-clock\" style=\"color: #1190cb;\"><\/i><strong>Return:<\/strong><span style=\"font-size: 14px; font-weight: 400;\"><strong>\u00a0<\/strong>4:00pm o 5pm<\/span><\/p>\n<p><strong style=\"color: #1190cb;\">$ <\/strong><strong>Value:<\/strong><span style=\"font-size: 14px; font-weight: 400;\"><strong>\u00a0<\/strong>$ 350.000<\/span><\/p>","protected":false},"featured_media":1896,"comment_status":"closed","ping_status":"closed","template":"","meta":{"_joinchat":[],"_links_to":"","_links_to_target":""},"product_brand":[],"product_cat":[27],"product_tag":[],"class_list":{"0":"post-1895","1":"product","2":"type-product","3":"status-publish","4":"has-post-thumbnail","6":"product_cat-tierra-bomba","8":"first","9":"instock","10":"shipping-taxable","11":"purchasable","12":"product-type-simple"},"yoast_head":"<!-- This site is optimized with the Yoast SEO plugin v27.4 - https:\/\/yoast.com\/product\/yoast-seo-wordpress\/ -->\n<title>Eteka Beach \u2013 Tierra Bomba - Emporia Travel DMC<\/title>\n<meta name=\"description\" content=\"Rel\u00e1jate en un oasis exclusivo cerca de Cartagena: transporte, c\u00f3ctel, almuerzo, playa semi privada y conexi\u00f3n total. \u00a1Reserva ya!\" \/>\n<meta name=\"robots\" content=\"index, follow, max-snippet:-1, max-image-preview:large, max-video-preview:-1\" \/>\n<link rel=\"canonical\" href=\"https:\/\/emporiadmc.com\/en\/tierra-bomba\/eteka-beach-tierra-bomba\/\" \/>\n<meta property=\"og:locale\" content=\"en_US\" \/>\n<meta property=\"og:type\" content=\"article\" \/>\n<meta property=\"og:title\" content=\"Eteka Beach \u2013 Tierra Bomba - Emporia Travel DMC\" \/>\n<meta property=\"og:description\" content=\"Rel\u00e1jate en un oasis exclusivo cerca de Cartagena: transporte, c\u00f3ctel, almuerzo, playa semi privada y conexi\u00f3n total. \u00a1Reserva ya!\" \/>\n<meta property=\"og:url\" content=\"https:\/\/emporiadmc.com\/en\/tierra-bomba\/eteka-beach-tierra-bomba\/\" \/>\n<meta property=\"og:site_name\" content=\"Emporia Travel DMC\" \/>\n<meta property=\"article:modified_time\" content=\"2025-02-06T03:14:45+00:00\" \/>\n<meta property=\"og:image\" content=\"https:\/\/emporiadmc.com\/wp-content\/uploads\/2021\/09\/Eteka-4.jpg\" \/>\n\t<meta property=\"og:image:width\" content=\"800\" \/>\n\t<meta property=\"og:image:height\" content=\"561\" \/>\n\t<meta property=\"og:image:type\" content=\"image\/jpeg\" \/>\n<meta name=\"twitter:card\" content=\"summary_large_image\" \/>\n<script type=\"application\/ld+json\" class=\"yoast-schema-graph\">{\"@context\":\"https:\\\/\\\/schema.org\",\"@graph\":[{\"@type\":\"WebPage\",\"@id\":\"https:\\\/\\\/emporiadmc.com\\\/tierra-bomba\\\/eteka-beach-tierra-bomba\\\/\",\"url\":\"https:\\\/\\\/emporiadmc.com\\\/tierra-bomba\\\/eteka-beach-tierra-bomba\\\/\",\"name\":\"Eteka Beach \u2013 Tierra Bomba - Emporia Travel DMC\",\"isPartOf\":{\"@id\":\"https:\\\/\\\/emporiadmc.com\\\/#website\"},\"primaryImageOfPage\":{\"@id\":\"https:\\\/\\\/emporiadmc.com\\\/tierra-bomba\\\/eteka-beach-tierra-bomba\\\/#primaryimage\"},\"image\":{\"@id\":\"https:\\\/\\\/emporiadmc.com\\\/tierra-bomba\\\/eteka-beach-tierra-bomba\\\/#primaryimage\"},\"thumbnailUrl\":\"https:\\\/\\\/emporiadmc.com\\\/wp-content\\\/uploads\\\/2021\\\/09\\\/Eteka-4.jpg\",\"datePublished\":\"2021-09-29T17:28:10+00:00\",\"dateModified\":\"2025-02-06T03:14:45+00:00\",\"description\":\"Rel\u00e1jate en un oasis exclusivo cerca de Cartagena: transporte, c\u00f3ctel, almuerzo, playa semi privada y conexi\u00f3n total. \u00a1Reserva ya!\",\"breadcrumb\":{\"@id\":\"https:\\\/\\\/emporiadmc.com\\\/tierra-bomba\\\/eteka-beach-tierra-bomba\\\/#breadcrumb\"},\"inLanguage\":\"en-US\",\"potentialAction\":[{\"@type\":\"ReadAction\",\"target\":[\"https:\\\/\\\/emporiadmc.com\\\/tierra-bomba\\\/eteka-beach-tierra-bomba\\\/\"]}]},{\"@type\":\"ImageObject\",\"inLanguage\":\"en-US\",\"@id\":\"https:\\\/\\\/emporiadmc.com\\\/tierra-bomba\\\/eteka-beach-tierra-bomba\\\/#primaryimage\",\"url\":\"https:\\\/\\\/emporiadmc.com\\\/wp-content\\\/uploads\\\/2021\\\/09\\\/Eteka-4.jpg\",\"contentUrl\":\"https:\\\/\\\/emporiadmc.com\\\/wp-content\\\/uploads\\\/2021\\\/09\\\/Eteka-4.jpg\",\"width\":800,\"height\":561},{\"@type\":\"BreadcrumbList\",\"@id\":\"https:\\\/\\\/emporiadmc.com\\\/tierra-bomba\\\/eteka-beach-tierra-bomba\\\/#breadcrumb\",\"itemListElement\":[{\"@type\":\"ListItem\",\"position\":1,\"name\":\"Portada\",\"item\":\"https:\\\/\\\/emporiadmc.com\\\/\"},{\"@type\":\"ListItem\",\"position\":2,\"name\":\"Tienda\",\"item\":\"https:\\\/\\\/emporiadmc.com\\\/?page_id=142\"},{\"@type\":\"ListItem\",\"position\":3,\"name\":\"Eteka Beach \u2013 Tierra Bomba\"}]},{\"@type\":\"WebSite\",\"@id\":\"https:\\\/\\\/emporiadmc.com\\\/#website\",\"url\":\"https:\\\/\\\/emporiadmc.com\\\/\",\"name\":\"Emporia Travel DMC\",\"description\":\"Viajes que Inspiran, Experiencias que Perduran!\",\"potentialAction\":[{\"@type\":\"SearchAction\",\"target\":{\"@type\":\"EntryPoint\",\"urlTemplate\":\"https:\\\/\\\/emporiadmc.com\\\/?s={search_term_string}\"},\"query-input\":{\"@type\":\"PropertyValueSpecification\",\"valueRequired\":true,\"valueName\":\"search_term_string\"}}],\"inLanguage\":\"en-US\"}]}<\/script>\n<!-- \/ Yoast SEO plugin. -->","yoast_head_json":{"title":"Eteka Beach \u2013 Tierra Bomba - Emporia Travel DMC","description":"Rel\u00e1jate en un oasis exclusivo cerca de Cartagena: transporte, c\u00f3ctel, almuerzo, playa semi privada y conexi\u00f3n total. \u00a1Reserva ya!","robots":{"index":"index","follow":"follow","max-snippet":"max-snippet:-1","max-image-preview":"max-image-preview:large","max-video-preview":"max-video-preview:-1"},"canonical":"https:\/\/emporiadmc.com\/en\/tierra-bomba\/eteka-beach-tierra-bomba\/","og_locale":"en_US","og_type":"article","og_title":"Eteka Beach \u2013 Tierra Bomba - Emporia Travel DMC","og_description":"Rel\u00e1jate en un oasis exclusivo cerca de Cartagena: transporte, c\u00f3ctel, almuerzo, playa semi privada y conexi\u00f3n total. \u00a1Reserva ya!","og_url":"https:\/\/emporiadmc.com\/en\/tierra-bomba\/eteka-beach-tierra-bomba\/","og_site_name":"Emporia Travel DMC","article_modified_time":"2025-02-06T03:14:45+00:00","og_image":[{"width":800,"height":561,"url":"https:\/\/emporiadmc.com\/wp-content\/uploads\/2021\/09\/Eteka-4.jpg","type":"image\/jpeg"}],"twitter_card":"summary_large_image","schema":{"@context":"https:\/\/schema.org","@graph":[{"@type":"WebPage","@id":"https:\/\/emporiadmc.com\/tierra-bomba\/eteka-beach-tierra-bomba\/","url":"https:\/\/emporiadmc.com\/tierra-bomba\/eteka-beach-tierra-bomba\/","name":"Eteka Beach \u2013 Tierra Bomba - Emporia Travel DMC","isPartOf":{"@id":"https:\/\/emporiadmc.com\/#website"},"primaryImageOfPage":{"@id":"https:\/\/emporiadmc.com\/tierra-bomba\/eteka-beach-tierra-bomba\/#primaryimage"},"image":{"@id":"https:\/\/emporiadmc.com\/tierra-bomba\/eteka-beach-tierra-bomba\/#primaryimage"},"thumbnailUrl":"https:\/\/emporiadmc.com\/wp-content\/uploads\/2021\/09\/Eteka-4.jpg","datePublished":"2021-09-29T17:28:10+00:00","dateModified":"2025-02-06T03:14:45+00:00","description":"Rel\u00e1jate en un oasis exclusivo cerca de Cartagena: transporte, c\u00f3ctel, almuerzo, playa semi privada y conexi\u00f3n total. \u00a1Reserva ya!","breadcrumb":{"@id":"https:\/\/emporiadmc.com\/tierra-bomba\/eteka-beach-tierra-bomba\/#breadcrumb"},"inLanguage":"en-US","potentialAction":[{"@type":"ReadAction","target":["https:\/\/emporiadmc.com\/tierra-bomba\/eteka-beach-tierra-bomba\/"]}]},{"@type":"ImageObject","inLanguage":"en-US","@id":"https:\/\/emporiadmc.com\/tierra-bomba\/eteka-beach-tierra-bomba\/#primaryimage","url":"https:\/\/emporiadmc.com\/wp-content\/uploads\/2021\/09\/Eteka-4.jpg","contentUrl":"https:\/\/emporiadmc.com\/wp-content\/uploads\/2021\/09\/Eteka-4.jpg","width":800,"height":561},{"@type":"BreadcrumbList","@id":"https:\/\/emporiadmc.com\/tierra-bomba\/eteka-beach-tierra-bomba\/#breadcrumb","itemListElement":[{"@type":"ListItem","position":1,"name":"Portada","item":"https:\/\/emporiadmc.com\/"},{"@type":"ListItem","position":2,"name":"Tienda","item":"https:\/\/emporiadmc.com\/?page_id=142"},{"@type":"ListItem","position":3,"name":"Eteka Beach \u2013 Tierra Bomba"}]},{"@type":"WebSite","@id":"https:\/\/emporiadmc.com\/#website","url":"https:\/\/emporiadmc.com\/","name":"Emporia Travel DMC","description":"Inspiring Journeys, lasting Experiences!","potentialAction":[{"@type":"SearchAction","target":{"@type":"EntryPoint","urlTemplate":"https:\/\/emporiadmc.com\/?s={search_term_string}"},"query-input":{"@type":"PropertyValueSpecification","valueRequired":true,"valueName":"search_term_string"}}],"inLanguage":"en-US"}]}},"_links":{"self":[{"href":"https:\/\/emporiadmc.com\/en\/wp-json\/wp\/v2\/product\/1895","targetHints":{"allow":["GET"]}}],"collection":[{"href":"https:\/\/emporiadmc.com\/en\/wp-json\/wp\/v2\/product"}],"about":[{"href":"https:\/\/emporiadmc.com\/en\/wp-json\/wp\/v2\/types\/product"}],"replies":[{"embeddable":true,"href":"https:\/\/emporiadmc.com\/en\/wp-json\/wp\/v2\/comments?post=1895"}],"wp:featuredmedia":[{"embeddable":true,"href":"https:\/\/emporiadmc.com\/en\/wp-json\/wp\/v2\/media\/1896"}],"wp:attachment":[{"href":"https:\/\/emporiadmc.com\/en\/wp-json\/wp\/v2\/media?parent=1895"}],"wp:term":[{"taxonomy":"product_brand","embeddable":true,"href":"https:\/\/emporiadmc.com\/en\/wp-json\/wp\/v2\/product_brand?post=1895"},{"taxonomy":"product_cat","embeddable":true,"href":"https:\/\/emporiadmc.com\/en\/wp-json\/wp\/v2\/product_cat?post=1895"},{"taxonomy":"product_tag","embeddable":true,"href":"https:\/\/emporiadmc.com\/en\/wp-json\/wp\/v2\/product_tag?post=1895"}],"curies":[{"name":"wp","href":"https:\/\/api.w.org\/{rel}","templated":true}]}}