{"id":1924,"date":"2021-09-29T17:20:27","date_gmt":"2021-09-29T22:20:27","guid":{"rendered":"https:\/\/alondraexpress.com\/?post_type=product&#038;p=1924"},"modified":"2025-01-19T22:58:10","modified_gmt":"2025-01-20T03:58:10","slug":"paraiso-del-sol-adulto","status":"publish","type":"product","link":"https:\/\/emporiadmc.com\/en\/simples-para-agrupar\/paraiso-del-sol-adulto\/","title":{"rendered":"Para\u00edso Del Sol \u2013 Tierra Bomba (Adulto)"},"content":{"rendered":"","protected":false},"excerpt":{"rendered":"<p>A solo 10 minutos de Cartagena en lancha r\u00e1pida encuentras este Para\u00edso en Playa Dorada, donde los locales se re\u00fanen los fines de semana para disfrutar de un d\u00eda del sol con familia y amigos. Te invitamos a que pases un d\u00eda divertido disfrutando de la playa con buena comida.<\/p>\n<p><strong>Recommendations:<\/strong> Llevar toalla y protegerse del sol.<\/p>\n<p><strong>Tarifa por persona: <\/strong><br \/>\nAdulto $70.000 &#8211; Ni\u00f1os (4 a 10 a\u00f1os) $55.000<\/p>\n<hr class=\"no_line\" style=\"margin:0 auto 20px\"\/>\n\n<h5><i class=\"icon-alert\" style=\"color: #1190cb;\"><\/i> Includes:<\/h5>\n<p>transporte ida y vuelta en lancha, c\u00f3ctel de bienvenida, almuerzo t\u00edpico, sillas Asoleadoras, hamacas o camas de sol, atenci\u00f3n personalizada<\/p>\n<hr class=\"no_line\" style=\"margin:0 auto 20px\"\/>\n\n<h5><i class=\"icon-cancel-circled\" style=\"color: #1190cb;\"><\/i> Not included<\/h5>\n<p>Propinas, ni servicios no mencionados.<\/p>\n<hr class=\"no_line\" style=\"margin:0 auto 20px\"\/>\n\n<table border=\"0\" width=\"100%\" cellspacing=\"0\" cellpadding=\"0\">\n<tbody>\n<tr>\n<td>\n<p class=\"big\"><i class=\"icon-calendar-line\" style=\"color: #1190cb;\"><\/i>Todos los d\u00edas. Playa frente al Hospital de Bocagrande<\/p>\n<\/td>\n<td>\n<p class=\"big\"><i class=\"icon-clock\" style=\"color: #1190cb;\"><\/i>Salidas cada 15 minutos entre 08:00 y 11:00 hrs. Regreso cada 15 minutos entre 15:00 a 17:00 hrs.<\/p>\n<\/td>\n<\/tr>\n<\/tbody>\n<\/table>\n<p>&nbsp;<\/p>","protected":false},"featured_media":1920,"comment_status":"closed","ping_status":"closed","template":"","meta":{"_joinchat":[],"_links_to":"","_links_to_target":""},"product_brand":[],"product_cat":[24],"product_tag":[],"class_list":{"0":"post-1924","1":"product","2":"type-product","3":"status-publish","4":"has-post-thumbnail","6":"product_cat-simples-para-agrupar","8":"first","9":"outofstock","10":"shipping-taxable","11":"purchasable","12":"product-type-simple"},"yoast_head":"<!-- This site is optimized with the Yoast SEO plugin v27.4 - https:\/\/yoast.com\/product\/yoast-seo-wordpress\/ -->\n<title>Para\u00edso Del Sol \u2013 Tierra Bomba (Adulto) - Emporia Travel DMC<\/title>\n<meta name=\"robots\" content=\"index, follow, max-snippet:-1, max-image-preview:large, max-video-preview:-1\" \/>\n<link rel=\"canonical\" href=\"https:\/\/emporiadmc.com\/en\/simples-para-agrupar\/paraiso-del-sol-adulto\/\" \/>\n<meta property=\"og:locale\" content=\"en_US\" \/>\n<meta property=\"og:type\" content=\"article\" \/>\n<meta property=\"og:title\" content=\"Para\u00edso Del Sol \u2013 Tierra Bomba (Adulto) - Emporia Travel DMC\" \/>\n<meta property=\"og:description\" content=\"A solo 10 minutos de Cartagena en lancha r\u00e1pida encuentras este Para\u00edso en Playa Dorada, donde los locales se re\u00fanen los fines de semana para disfrutar de un d\u00eda del sol con familia y amigos. Te invitamos a que pases un d\u00eda divertido disfrutando de la playa con buena comida.  Recomendaciones: Llevar toalla y protegerse del sol.  Tarifa por persona:  Adulto $70.000 - Ni\u00f1os (4 a 10 a\u00f1os) $55.000     Incluye: transporte ida y vuelta en lancha, c\u00f3ctel de bienvenida, almuerzo t\u00edpico, sillas Asoleadoras, hamacas o camas de sol, atenci\u00f3n personalizada    No Incluye: Propinas, ni servicios no mencionados.       Todos los d\u00edas. Playa frente al Hospital de Bocagrande   Salidas cada 15 minutos entre 08:00 y 11:00 hrs. Regreso cada 15 minutos entre 15:00 a 17:00 hrs.     &nbsp;\" \/>\n<meta property=\"og:url\" content=\"https:\/\/emporiadmc.com\/en\/simples-para-agrupar\/paraiso-del-sol-adulto\/\" \/>\n<meta property=\"og:site_name\" content=\"Emporia Travel DMC\" \/>\n<meta property=\"article:modified_time\" content=\"2025-01-20T03:58:10+00:00\" \/>\n<meta property=\"og:image\" content=\"https:\/\/emporiadmc.com\/wp-content\/uploads\/2021\/09\/Paraiso-del-Sol.jpeg\" \/>\n\t<meta property=\"og:image:width\" content=\"800\" \/>\n\t<meta property=\"og:image:height\" content=\"561\" \/>\n\t<meta property=\"og:image:type\" content=\"image\/jpeg\" \/>\n<meta name=\"twitter:card\" content=\"summary_large_image\" \/>\n<script type=\"application\/ld+json\" class=\"yoast-schema-graph\">{\"@context\":\"https:\\\/\\\/schema.org\",\"@graph\":[{\"@type\":\"WebPage\",\"@id\":\"https:\\\/\\\/emporiadmc.com\\\/simples-para-agrupar\\\/paraiso-del-sol-adulto\\\/\",\"url\":\"https:\\\/\\\/emporiadmc.com\\\/simples-para-agrupar\\\/paraiso-del-sol-adulto\\\/\",\"name\":\"Para\u00edso Del Sol \u2013 Tierra Bomba (Adulto) - Emporia Travel DMC\",\"isPartOf\":{\"@id\":\"https:\\\/\\\/emporiadmc.com\\\/#website\"},\"primaryImageOfPage\":{\"@id\":\"https:\\\/\\\/emporiadmc.com\\\/simples-para-agrupar\\\/paraiso-del-sol-adulto\\\/#primaryimage\"},\"image\":{\"@id\":\"https:\\\/\\\/emporiadmc.com\\\/simples-para-agrupar\\\/paraiso-del-sol-adulto\\\/#primaryimage\"},\"thumbnailUrl\":\"https:\\\/\\\/emporiadmc.com\\\/wp-content\\\/uploads\\\/2021\\\/09\\\/Paraiso-del-Sol.jpeg\",\"datePublished\":\"2021-09-29T22:20:27+00:00\",\"dateModified\":\"2025-01-20T03:58:10+00:00\",\"breadcrumb\":{\"@id\":\"https:\\\/\\\/emporiadmc.com\\\/simples-para-agrupar\\\/paraiso-del-sol-adulto\\\/#breadcrumb\"},\"inLanguage\":\"en-US\",\"potentialAction\":[{\"@type\":\"ReadAction\",\"target\":[\"https:\\\/\\\/emporiadmc.com\\\/simples-para-agrupar\\\/paraiso-del-sol-adulto\\\/\"]}]},{\"@type\":\"ImageObject\",\"inLanguage\":\"en-US\",\"@id\":\"https:\\\/\\\/emporiadmc.com\\\/simples-para-agrupar\\\/paraiso-del-sol-adulto\\\/#primaryimage\",\"url\":\"https:\\\/\\\/emporiadmc.com\\\/wp-content\\\/uploads\\\/2021\\\/09\\\/Paraiso-del-Sol.jpeg\",\"contentUrl\":\"https:\\\/\\\/emporiadmc.com\\\/wp-content\\\/uploads\\\/2021\\\/09\\\/Paraiso-del-Sol.jpeg\",\"width\":800,\"height\":561},{\"@type\":\"BreadcrumbList\",\"@id\":\"https:\\\/\\\/emporiadmc.com\\\/simples-para-agrupar\\\/paraiso-del-sol-adulto\\\/#breadcrumb\",\"itemListElement\":[{\"@type\":\"ListItem\",\"position\":1,\"name\":\"Portada\",\"item\":\"https:\\\/\\\/emporiadmc.com\\\/\"},{\"@type\":\"ListItem\",\"position\":2,\"name\":\"Tienda\",\"item\":\"https:\\\/\\\/emporiadmc.com\\\/?page_id=142\"},{\"@type\":\"ListItem\",\"position\":3,\"name\":\"Para\u00edso Del Sol \u2013 Tierra Bomba (Adulto)\"}]},{\"@type\":\"WebSite\",\"@id\":\"https:\\\/\\\/emporiadmc.com\\\/#website\",\"url\":\"https:\\\/\\\/emporiadmc.com\\\/\",\"name\":\"Emporia Travel DMC\",\"description\":\"Viajes que Inspiran, Experiencias que Perduran!\",\"potentialAction\":[{\"@type\":\"SearchAction\",\"target\":{\"@type\":\"EntryPoint\",\"urlTemplate\":\"https:\\\/\\\/emporiadmc.com\\\/?s={search_term_string}\"},\"query-input\":{\"@type\":\"PropertyValueSpecification\",\"valueRequired\":true,\"valueName\":\"search_term_string\"}}],\"inLanguage\":\"en-US\"}]}<\/script>\n<!-- \/ Yoast SEO plugin. -->","yoast_head_json":{"title":"Para\u00edso Del Sol \u2013 Tierra Bomba (Adulto) - Emporia Travel DMC","robots":{"index":"index","follow":"follow","max-snippet":"max-snippet:-1","max-image-preview":"max-image-preview:large","max-video-preview":"max-video-preview:-1"},"canonical":"https:\/\/emporiadmc.com\/en\/simples-para-agrupar\/paraiso-del-sol-adulto\/","og_locale":"en_US","og_type":"article","og_title":"Para\u00edso Del Sol \u2013 Tierra Bomba (Adulto) - Emporia Travel DMC","og_description":"A solo 10 minutos de Cartagena en lancha r\u00e1pida encuentras este Para\u00edso en Playa Dorada, donde los locales se re\u00fanen los fines de semana para disfrutar de un d\u00eda del sol con familia y amigos. Te invitamos a que pases un d\u00eda divertido disfrutando de la playa con buena comida.  Recomendaciones: Llevar toalla y protegerse del sol.  Tarifa por persona:  Adulto $70.000 - Ni\u00f1os (4 a 10 a\u00f1os) $55.000     Incluye: transporte ida y vuelta en lancha, c\u00f3ctel de bienvenida, almuerzo t\u00edpico, sillas Asoleadoras, hamacas o camas de sol, atenci\u00f3n personalizada    No Incluye: Propinas, ni servicios no mencionados.       Todos los d\u00edas. Playa frente al Hospital de Bocagrande   Salidas cada 15 minutos entre 08:00 y 11:00 hrs. Regreso cada 15 minutos entre 15:00 a 17:00 hrs.     &nbsp;","og_url":"https:\/\/emporiadmc.com\/en\/simples-para-agrupar\/paraiso-del-sol-adulto\/","og_site_name":"Emporia Travel DMC","article_modified_time":"2025-01-20T03:58:10+00:00","og_image":[{"width":800,"height":561,"url":"https:\/\/emporiadmc.com\/wp-content\/uploads\/2021\/09\/Paraiso-del-Sol.jpeg","type":"image\/jpeg"}],"twitter_card":"summary_large_image","schema":{"@context":"https:\/\/schema.org","@graph":[{"@type":"WebPage","@id":"https:\/\/emporiadmc.com\/simples-para-agrupar\/paraiso-del-sol-adulto\/","url":"https:\/\/emporiadmc.com\/simples-para-agrupar\/paraiso-del-sol-adulto\/","name":"Para\u00edso Del Sol \u2013 Tierra Bomba (Adulto) - Emporia Travel DMC","isPartOf":{"@id":"https:\/\/emporiadmc.com\/#website"},"primaryImageOfPage":{"@id":"https:\/\/emporiadmc.com\/simples-para-agrupar\/paraiso-del-sol-adulto\/#primaryimage"},"image":{"@id":"https:\/\/emporiadmc.com\/simples-para-agrupar\/paraiso-del-sol-adulto\/#primaryimage"},"thumbnailUrl":"https:\/\/emporiadmc.com\/wp-content\/uploads\/2021\/09\/Paraiso-del-Sol.jpeg","datePublished":"2021-09-29T22:20:27+00:00","dateModified":"2025-01-20T03:58:10+00:00","breadcrumb":{"@id":"https:\/\/emporiadmc.com\/simples-para-agrupar\/paraiso-del-sol-adulto\/#breadcrumb"},"inLanguage":"en-US","potentialAction":[{"@type":"ReadAction","target":["https:\/\/emporiadmc.com\/simples-para-agrupar\/paraiso-del-sol-adulto\/"]}]},{"@type":"ImageObject","inLanguage":"en-US","@id":"https:\/\/emporiadmc.com\/simples-para-agrupar\/paraiso-del-sol-adulto\/#primaryimage","url":"https:\/\/emporiadmc.com\/wp-content\/uploads\/2021\/09\/Paraiso-del-Sol.jpeg","contentUrl":"https:\/\/emporiadmc.com\/wp-content\/uploads\/2021\/09\/Paraiso-del-Sol.jpeg","width":800,"height":561},{"@type":"BreadcrumbList","@id":"https:\/\/emporiadmc.com\/simples-para-agrupar\/paraiso-del-sol-adulto\/#breadcrumb","itemListElement":[{"@type":"ListItem","position":1,"name":"Portada","item":"https:\/\/emporiadmc.com\/"},{"@type":"ListItem","position":2,"name":"Tienda","item":"https:\/\/emporiadmc.com\/?page_id=142"},{"@type":"ListItem","position":3,"name":"Para\u00edso Del Sol \u2013 Tierra Bomba (Adulto)"}]},{"@type":"WebSite","@id":"https:\/\/emporiadmc.com\/#website","url":"https:\/\/emporiadmc.com\/","name":"Emporia Travel DMC","description":"Inspiring Journeys, lasting Experiences!","potentialAction":[{"@type":"SearchAction","target":{"@type":"EntryPoint","urlTemplate":"https:\/\/emporiadmc.com\/?s={search_term_string}"},"query-input":{"@type":"PropertyValueSpecification","valueRequired":true,"valueName":"search_term_string"}}],"inLanguage":"en-US"}]}},"_links":{"self":[{"href":"https:\/\/emporiadmc.com\/en\/wp-json\/wp\/v2\/product\/1924","targetHints":{"allow":["GET"]}}],"collection":[{"href":"https:\/\/emporiadmc.com\/en\/wp-json\/wp\/v2\/product"}],"about":[{"href":"https:\/\/emporiadmc.com\/en\/wp-json\/wp\/v2\/types\/product"}],"replies":[{"embeddable":true,"href":"https:\/\/emporiadmc.com\/en\/wp-json\/wp\/v2\/comments?post=1924"}],"wp:featuredmedia":[{"embeddable":true,"href":"https:\/\/emporiadmc.com\/en\/wp-json\/wp\/v2\/media\/1920"}],"wp:attachment":[{"href":"https:\/\/emporiadmc.com\/en\/wp-json\/wp\/v2\/media?parent=1924"}],"wp:term":[{"taxonomy":"product_brand","embeddable":true,"href":"https:\/\/emporiadmc.com\/en\/wp-json\/wp\/v2\/product_brand?post=1924"},{"taxonomy":"product_cat","embeddable":true,"href":"https:\/\/emporiadmc.com\/en\/wp-json\/wp\/v2\/product_cat?post=1924"},{"taxonomy":"product_tag","embeddable":true,"href":"https:\/\/emporiadmc.com\/en\/wp-json\/wp\/v2\/product_tag?post=1924"}],"curies":[{"name":"wp","href":"https:\/\/api.w.org\/{rel}","templated":true}]}}