{"id":1932,"date":"2021-09-29T18:01:44","date_gmt":"2021-09-29T23:01:44","guid":{"rendered":"https:\/\/alondraexpress.com\/?post_type=product&#038;p=1932"},"modified":"2025-01-19T22:57:08","modified_gmt":"2025-01-20T03:57:08","slug":"hotel-tropical-inn-nino","status":"publish","type":"product","link":"https:\/\/emporiadmc.com\/en\/simples-para-agrupar\/hotel-tropical-inn-nino\/","title":{"rendered":"Hotel Tropical Inn  \u2013 Ni\u00f1o (De 5 a 10 a\u00f1os)"},"content":{"rendered":"","protected":false},"excerpt":{"rendered":"<p>Uno de los para\u00edsos m\u00e1s hermosos de Colombia, se encuentra ubicado en la ciudad de Cartagena, m\u00e1s exactamente en la isla TIERRABOMBA, es all\u00ed donde puedes disfrutar del hermoso y acogedor HOTEL TROPICAL INN, un lugar que le hace homenaje a la zona con su hermosa arquitectura caribe\u00f1a, que te invita a disfrutar de los m\u00e1s perfectos paisajes hacia la ciudad de Cartagena y a deleitarte con sus hermosas y extensas playas de arena blanca.<\/p>\n<p><strong>Tarifa por persona:<\/strong> Adulto $120.000 &#8211; Ni\u00f1o $90.000 (De 5 a 10 a\u00f1os)<\/p>\n<hr class=\"no_line\" style=\"margin:0 auto 20px\"\/>\n\n<h5><i class=\"icon-alert\" style=\"color: #1190cb;\"><\/i> Includes:<\/h5>\n<p>\u2705 Transporte en lancha<br \/>\n\u2705 Uso de \u00e1reas comunes<br \/>\n\u2705 Almuerzo t\u00edpico<br \/>\n\u2705 Coctel de bienvenida<\/p>\n<hr class=\"no_line\" style=\"margin:0 auto 20px\"\/>\n\n<h5><i class=\"icon-cancel-circled\" style=\"color: #1190cb;\"><\/i> Not included<\/h5>\n<p>\u274c Impuesto de zarpe ($10.000), Propinas ni servicios no mencionados.<br \/>\n<hr class=\"no_line\" style=\"margin:0 auto 20px\"\/>\n<\/p>\n<table border=\"0\" width=\"100%\" cellspacing=\"0\" cellpadding=\"0\">\n<tbody>\n<tr>\n<td>\n<p class=\"big\"><i class=\"icon-calendar-line\" style=\"color: #1190cb;\"><\/i>Todos los d\u00edas. Muelle la Bodeguita Puerta 1<\/p>\n<\/td>\n<td>\n<p class=\"big\"><i class=\"icon-clock\" style=\"color: #1190cb;\"><\/i>Recogida: 8:00 am &#8211; Retorno: 4:00 pm .<\/p>\n<\/td>\n<\/tr>\n<\/tbody>\n<\/table>\n<p>&nbsp;<\/p>","protected":false},"featured_media":1927,"comment_status":"closed","ping_status":"closed","template":"","meta":{"_joinchat":[],"_links_to":"","_links_to_target":""},"product_brand":[],"product_cat":[24],"product_tag":[],"class_list":{"0":"post-1932","1":"product","2":"type-product","3":"status-publish","4":"has-post-thumbnail","6":"product_cat-simples-para-agrupar","8":"first","9":"outofstock","10":"shipping-taxable","11":"purchasable","12":"product-type-simple"},"yoast_head":"<!-- This site is optimized with the Yoast SEO plugin v27.4 - https:\/\/yoast.com\/product\/yoast-seo-wordpress\/ -->\n<title>Hotel Tropical Inn \u2013 Ni\u00f1o (De 5 a 10 a\u00f1os) - Emporia Travel DMC<\/title>\n<meta name=\"robots\" content=\"index, follow, max-snippet:-1, max-image-preview:large, max-video-preview:-1\" \/>\n<link rel=\"canonical\" href=\"https:\/\/emporiadmc.com\/en\/simples-para-agrupar\/hotel-tropical-inn-nino\/\" \/>\n<meta property=\"og:locale\" content=\"en_US\" \/>\n<meta property=\"og:type\" content=\"article\" \/>\n<meta property=\"og:title\" content=\"Hotel Tropical Inn \u2013 Ni\u00f1o (De 5 a 10 a\u00f1os) - Emporia Travel DMC\" \/>\n<meta property=\"og:description\" content=\"Uno de los para\u00edsos m\u00e1s hermosos de Colombia, se encuentra ubicado en la ciudad de Cartagena, m\u00e1s exactamente en la isla TIERRABOMBA, es all\u00ed donde puedes disfrutar del hermoso y acogedor HOTEL TROPICAL INN, un lugar que le hace homenaje a la zona con su hermosa arquitectura caribe\u00f1a, que te invita a disfrutar de los m\u00e1s perfectos paisajes hacia la ciudad de Cartagena y a deleitarte con sus hermosas y extensas playas de arena blanca.  Tarifa por persona: Adulto $120.000 - Ni\u00f1o $90.000 (De 5 a 10 a\u00f1os)    Incluye: \u2705 Transporte en lancha \u2705 Uso de \u00e1reas comunes \u2705 Almuerzo t\u00edpico \u2705 Coctel de bienvenida    No Incluye: \u274c Impuesto de zarpe ($10.000), Propinas ni servicios no mencionados.      Todos los d\u00edas. Muelle la Bodeguita Puerta 1   Recogida: 8:00 am - Retorno: 4:00 pm .     &nbsp;\" \/>\n<meta property=\"og:url\" content=\"https:\/\/emporiadmc.com\/en\/simples-para-agrupar\/hotel-tropical-inn-nino\/\" \/>\n<meta property=\"og:site_name\" content=\"Emporia Travel DMC\" \/>\n<meta property=\"article:modified_time\" content=\"2025-01-20T03:57:08+00:00\" \/>\n<meta property=\"og:image\" content=\"https:\/\/emporiadmc.com\/wp-content\/uploads\/2021\/09\/Tropical-Inn-9.jpeg\" \/>\n\t<meta property=\"og:image:width\" content=\"800\" \/>\n\t<meta property=\"og:image:height\" content=\"561\" \/>\n\t<meta property=\"og:image:type\" content=\"image\/jpeg\" \/>\n<meta name=\"twitter:card\" content=\"summary_large_image\" \/>\n<script type=\"application\/ld+json\" class=\"yoast-schema-graph\">{\"@context\":\"https:\\\/\\\/schema.org\",\"@graph\":[{\"@type\":\"WebPage\",\"@id\":\"https:\\\/\\\/emporiadmc.com\\\/en\\\/simples-para-agrupar\\\/hotel-tropical-inn-nino\\\/\",\"url\":\"https:\\\/\\\/emporiadmc.com\\\/en\\\/simples-para-agrupar\\\/hotel-tropical-inn-nino\\\/\",\"name\":\"Hotel Tropical Inn \u2013 Ni\u00f1o (De 5 a 10 a\u00f1os) - Emporia Travel DMC\",\"isPartOf\":{\"@id\":\"https:\\\/\\\/emporiadmc.com\\\/#website\"},\"primaryImageOfPage\":{\"@id\":\"https:\\\/\\\/emporiadmc.com\\\/en\\\/simples-para-agrupar\\\/hotel-tropical-inn-nino\\\/#primaryimage\"},\"image\":{\"@id\":\"https:\\\/\\\/emporiadmc.com\\\/en\\\/simples-para-agrupar\\\/hotel-tropical-inn-nino\\\/#primaryimage\"},\"thumbnailUrl\":\"https:\\\/\\\/emporiadmc.com\\\/wp-content\\\/uploads\\\/2021\\\/09\\\/Tropical-Inn-9.jpeg\",\"datePublished\":\"2021-09-29T23:01:44+00:00\",\"dateModified\":\"2025-01-20T03:57:08+00:00\",\"breadcrumb\":{\"@id\":\"https:\\\/\\\/emporiadmc.com\\\/en\\\/simples-para-agrupar\\\/hotel-tropical-inn-nino\\\/#breadcrumb\"},\"inLanguage\":\"en-US\",\"potentialAction\":[{\"@type\":\"ReadAction\",\"target\":[\"https:\\\/\\\/emporiadmc.com\\\/en\\\/simples-para-agrupar\\\/hotel-tropical-inn-nino\\\/\"]}]},{\"@type\":\"ImageObject\",\"inLanguage\":\"en-US\",\"@id\":\"https:\\\/\\\/emporiadmc.com\\\/en\\\/simples-para-agrupar\\\/hotel-tropical-inn-nino\\\/#primaryimage\",\"url\":\"https:\\\/\\\/emporiadmc.com\\\/wp-content\\\/uploads\\\/2021\\\/09\\\/Tropical-Inn-9.jpeg\",\"contentUrl\":\"https:\\\/\\\/emporiadmc.com\\\/wp-content\\\/uploads\\\/2021\\\/09\\\/Tropical-Inn-9.jpeg\",\"width\":800,\"height\":561},{\"@type\":\"BreadcrumbList\",\"@id\":\"https:\\\/\\\/emporiadmc.com\\\/en\\\/simples-para-agrupar\\\/hotel-tropical-inn-nino\\\/#breadcrumb\",\"itemListElement\":[{\"@type\":\"ListItem\",\"position\":1,\"name\":\"Portada\",\"item\":\"https:\\\/\\\/emporiadmc.com\\\/\"},{\"@type\":\"ListItem\",\"position\":2,\"name\":\"Tienda\",\"item\":\"https:\\\/\\\/emporiadmc.com\\\/?page_id=142\"},{\"@type\":\"ListItem\",\"position\":3,\"name\":\"Hotel Tropical Inn \u2013 Ni\u00f1o (De 5 a 10 a\u00f1os)\"}]},{\"@type\":\"WebSite\",\"@id\":\"https:\\\/\\\/emporiadmc.com\\\/#website\",\"url\":\"https:\\\/\\\/emporiadmc.com\\\/\",\"name\":\"Emporia Travel DMC\",\"description\":\"Viajes que Inspiran, Experiencias que Perduran!\",\"potentialAction\":[{\"@type\":\"SearchAction\",\"target\":{\"@type\":\"EntryPoint\",\"urlTemplate\":\"https:\\\/\\\/emporiadmc.com\\\/?s={search_term_string}\"},\"query-input\":{\"@type\":\"PropertyValueSpecification\",\"valueRequired\":true,\"valueName\":\"search_term_string\"}}],\"inLanguage\":\"en-US\"}]}<\/script>\n<!-- \/ Yoast SEO plugin. -->","yoast_head_json":{"title":"Hotel Tropical Inn \u2013 Ni\u00f1o (De 5 a 10 a\u00f1os) - Emporia Travel DMC","robots":{"index":"index","follow":"follow","max-snippet":"max-snippet:-1","max-image-preview":"max-image-preview:large","max-video-preview":"max-video-preview:-1"},"canonical":"https:\/\/emporiadmc.com\/en\/simples-para-agrupar\/hotel-tropical-inn-nino\/","og_locale":"en_US","og_type":"article","og_title":"Hotel Tropical Inn \u2013 Ni\u00f1o (De 5 a 10 a\u00f1os) - Emporia Travel DMC","og_description":"Uno de los para\u00edsos m\u00e1s hermosos de Colombia, se encuentra ubicado en la ciudad de Cartagena, m\u00e1s exactamente en la isla TIERRABOMBA, es all\u00ed donde puedes disfrutar del hermoso y acogedor HOTEL TROPICAL INN, un lugar que le hace homenaje a la zona con su hermosa arquitectura caribe\u00f1a, que te invita a disfrutar de los m\u00e1s perfectos paisajes hacia la ciudad de Cartagena y a deleitarte con sus hermosas y extensas playas de arena blanca.  Tarifa por persona: Adulto $120.000 - Ni\u00f1o $90.000 (De 5 a 10 a\u00f1os)    Incluye: \u2705 Transporte en lancha \u2705 Uso de \u00e1reas comunes \u2705 Almuerzo t\u00edpico \u2705 Coctel de bienvenida    No Incluye: \u274c Impuesto de zarpe ($10.000), Propinas ni servicios no mencionados.      Todos los d\u00edas. Muelle la Bodeguita Puerta 1   Recogida: 8:00 am - Retorno: 4:00 pm .     &nbsp;","og_url":"https:\/\/emporiadmc.com\/en\/simples-para-agrupar\/hotel-tropical-inn-nino\/","og_site_name":"Emporia Travel DMC","article_modified_time":"2025-01-20T03:57:08+00:00","og_image":[{"width":800,"height":561,"url":"https:\/\/emporiadmc.com\/wp-content\/uploads\/2021\/09\/Tropical-Inn-9.jpeg","type":"image\/jpeg"}],"twitter_card":"summary_large_image","schema":{"@context":"https:\/\/schema.org","@graph":[{"@type":"WebPage","@id":"https:\/\/emporiadmc.com\/en\/simples-para-agrupar\/hotel-tropical-inn-nino\/","url":"https:\/\/emporiadmc.com\/en\/simples-para-agrupar\/hotel-tropical-inn-nino\/","name":"Hotel Tropical Inn \u2013 Ni\u00f1o (De 5 a 10 a\u00f1os) - Emporia Travel DMC","isPartOf":{"@id":"https:\/\/emporiadmc.com\/#website"},"primaryImageOfPage":{"@id":"https:\/\/emporiadmc.com\/en\/simples-para-agrupar\/hotel-tropical-inn-nino\/#primaryimage"},"image":{"@id":"https:\/\/emporiadmc.com\/en\/simples-para-agrupar\/hotel-tropical-inn-nino\/#primaryimage"},"thumbnailUrl":"https:\/\/emporiadmc.com\/wp-content\/uploads\/2021\/09\/Tropical-Inn-9.jpeg","datePublished":"2021-09-29T23:01:44+00:00","dateModified":"2025-01-20T03:57:08+00:00","breadcrumb":{"@id":"https:\/\/emporiadmc.com\/en\/simples-para-agrupar\/hotel-tropical-inn-nino\/#breadcrumb"},"inLanguage":"en-US","potentialAction":[{"@type":"ReadAction","target":["https:\/\/emporiadmc.com\/en\/simples-para-agrupar\/hotel-tropical-inn-nino\/"]}]},{"@type":"ImageObject","inLanguage":"en-US","@id":"https:\/\/emporiadmc.com\/en\/simples-para-agrupar\/hotel-tropical-inn-nino\/#primaryimage","url":"https:\/\/emporiadmc.com\/wp-content\/uploads\/2021\/09\/Tropical-Inn-9.jpeg","contentUrl":"https:\/\/emporiadmc.com\/wp-content\/uploads\/2021\/09\/Tropical-Inn-9.jpeg","width":800,"height":561},{"@type":"BreadcrumbList","@id":"https:\/\/emporiadmc.com\/en\/simples-para-agrupar\/hotel-tropical-inn-nino\/#breadcrumb","itemListElement":[{"@type":"ListItem","position":1,"name":"Portada","item":"https:\/\/emporiadmc.com\/"},{"@type":"ListItem","position":2,"name":"Tienda","item":"https:\/\/emporiadmc.com\/?page_id=142"},{"@type":"ListItem","position":3,"name":"Hotel Tropical Inn \u2013 Ni\u00f1o (De 5 a 10 a\u00f1os)"}]},{"@type":"WebSite","@id":"https:\/\/emporiadmc.com\/#website","url":"https:\/\/emporiadmc.com\/","name":"Emporia Travel DMC","description":"Inspiring Journeys, lasting Experiences!","potentialAction":[{"@type":"SearchAction","target":{"@type":"EntryPoint","urlTemplate":"https:\/\/emporiadmc.com\/?s={search_term_string}"},"query-input":{"@type":"PropertyValueSpecification","valueRequired":true,"valueName":"search_term_string"}}],"inLanguage":"en-US"}]}},"_links":{"self":[{"href":"https:\/\/emporiadmc.com\/en\/wp-json\/wp\/v2\/product\/1932","targetHints":{"allow":["GET"]}}],"collection":[{"href":"https:\/\/emporiadmc.com\/en\/wp-json\/wp\/v2\/product"}],"about":[{"href":"https:\/\/emporiadmc.com\/en\/wp-json\/wp\/v2\/types\/product"}],"replies":[{"embeddable":true,"href":"https:\/\/emporiadmc.com\/en\/wp-json\/wp\/v2\/comments?post=1932"}],"wp:featuredmedia":[{"embeddable":true,"href":"https:\/\/emporiadmc.com\/en\/wp-json\/wp\/v2\/media\/1927"}],"wp:attachment":[{"href":"https:\/\/emporiadmc.com\/en\/wp-json\/wp\/v2\/media?parent=1932"}],"wp:term":[{"taxonomy":"product_brand","embeddable":true,"href":"https:\/\/emporiadmc.com\/en\/wp-json\/wp\/v2\/product_brand?post=1932"},{"taxonomy":"product_cat","embeddable":true,"href":"https:\/\/emporiadmc.com\/en\/wp-json\/wp\/v2\/product_cat?post=1932"},{"taxonomy":"product_tag","embeddable":true,"href":"https:\/\/emporiadmc.com\/en\/wp-json\/wp\/v2\/product_tag?post=1932"}],"curies":[{"name":"wp","href":"https:\/\/api.w.org\/{rel}","templated":true}]}}