{"id":1938,"date":"2021-09-29T18:36:48","date_gmt":"2021-09-29T23:36:48","guid":{"rendered":"https:\/\/alondraexpress.com\/?post_type=product&#038;p=1938"},"modified":"2025-01-19T22:56:22","modified_gmt":"2025-01-20T03:56:22","slug":"luna-beach-baru-adultos","status":"publish","type":"product","link":"https:\/\/emporiadmc.com\/en\/simples-para-agrupar\/luna-beach-baru-adultos\/","title":{"rendered":"Luna Beach Bar\u00fa (Adultos)"},"content":{"rendered":"","protected":false},"excerpt":{"rendered":"<p>Es para nosotros de un completo agrado presentarles la EXPERIENCIA TURISTICA QUE FALTABA EN CARTAGENA LUNA BEACH.<\/p>\n<p>Es un PASADIA saliendo del hotel o lugar de estad\u00eda en la ciudad ya que contamos con recogida en Bocagrande, Centro y zona norte llegando hasta Bar\u00fa en una van con todas las comodidades y luego en una moderna lancha hasta la isla localizada muy cerca de la isla del encanto con acceso \u00fanicamente por agua lo que la hace exclusiva y en un ambiente totalmente privado. Brindaremos una bebida de bienvenida, Almuerzo en tres opciones y uso de todas las instalaciones d\u00f3nde se puede disfrutar de kayacs y juegos como voleibol pimp\u00f3n y cancha de f\u00fatbol.<\/p>\n<p>&nbsp;<\/p>\n<p><strong>\u23f0<\/strong><strong>Schedule:<\/strong><\/p>\n<p>Recogida en los hoteles a las 08:00 hrs (hora aproximada dependiendo de la ubicaci\u00f3n del hotel).<\/p>\n<p>Regreso de Bar\u00fa hacia Cartagena: 16:00 hrs<\/p>\n<p>Cupos limitados m\u00e1ximo 40 personas<\/p>\n<p>\ud83d\udeabprohibido pasarla mal<\/p>\n<p>&nbsp;<\/p>\n<p><strong>Tarifa por persona:<\/strong><\/p>\n<p>Adulto: $170.000 &#8211;\u00a0Ni\u00f1o (2 a 10 a\u00f1os) $150.000<\/p>\n<p>&nbsp;<\/p>\n<p><strong>Includes:<\/strong><\/p>\n<p>\ud83d\ude90Transporte terrestre climatizado desde Cartagena hasta el pueblo de Bar\u00fa y retorno<\/p>\n<p>\ud83d\udea4 Traslad\u00f3 en lancha hasta la isla<\/p>\n<p>\ud83c\udf79 Coctel de bienvenida<\/p>\n<p>\u26f1\u00a0 Uso de instalaciones (silla Asoleadoras, Kioskos a, hamacas, cancha de Voleibol, cancha de f\u00fatbol, mesa de pimp\u00f3n)<\/p>\n<p>\ud83d\udef6 Uso de kayak<\/p>\n<p>\ud83d\udebf Duchas de agua dulce<\/p>\n<p>Almuerzo T\u00edpico (Pescado, Pollo o Vegetariano) Una de estas opciones de almuerzo puede escoger seg\u00fan su preferencia.<\/p>\n<p>Servicios Adicionales: NO incluidos en la tarifa.<\/p>\n<ul>\n<li>Tour Panor\u00e1mico a las islas del rosario<\/li>\n<li>Actividad de Snorkel<\/li>\n<li>Entrada al Acuario<\/li>\n<li>Tour panor\u00e1mico a los manglares y Chol\u00f3n<\/li>\n<\/ul>\n<p>&nbsp;<\/p>","protected":false},"featured_media":1934,"comment_status":"open","ping_status":"closed","template":"","meta":{"_joinchat":[],"_links_to":"","_links_to_target":""},"product_brand":[],"product_cat":[24],"product_tag":[],"class_list":{"0":"post-1938","1":"product","2":"type-product","3":"status-publish","4":"has-post-thumbnail","6":"product_cat-simples-para-agrupar","8":"first","9":"outofstock","10":"shipping-taxable","11":"purchasable","12":"product-type-simple"},"yoast_head":"<!-- This site is optimized with the Yoast SEO plugin v27.4 - https:\/\/yoast.com\/product\/yoast-seo-wordpress\/ -->\n<title>Luna Beach Bar\u00fa (Adultos) - Emporia Travel DMC<\/title>\n<meta name=\"robots\" content=\"index, follow, max-snippet:-1, max-image-preview:large, max-video-preview:-1\" \/>\n<link rel=\"canonical\" href=\"https:\/\/emporiadmc.com\/en\/simples-para-agrupar\/luna-beach-baru-adultos\/\" \/>\n<meta property=\"og:locale\" content=\"en_US\" \/>\n<meta property=\"og:type\" content=\"article\" \/>\n<meta property=\"og:title\" content=\"Luna Beach Bar\u00fa (Adultos) - Emporia Travel DMC\" \/>\n<meta property=\"og:description\" content=\"Es para nosotros de un completo agrado presentarles la EXPERIENCIA TURISTICA QUE FALTABA EN CARTAGENA LUNA BEACH.  Es un PASADIA saliendo del hotel o lugar de estad\u00eda en la ciudad ya que contamos con recogida en Bocagrande, Centro y zona norte llegando hasta Bar\u00fa en una van con todas las comodidades y luego en una moderna lancha hasta la isla localizada muy cerca de la isla del encanto con acceso \u00fanicamente por agua lo que la hace exclusiva y en un ambiente totalmente privado. Brindaremos una bebida de bienvenida, Almuerzo en tres opciones y uso de todas las instalaciones d\u00f3nde se puede disfrutar de kayacs y juegos como voleibol pimp\u00f3n y cancha de f\u00fatbol.  &nbsp;  \u23f0Horario:  Recogida en los hoteles a las 08:00 hrs (hora aproximada dependiendo de la ubicaci\u00f3n del hotel).  Regreso de Bar\u00fa hacia Cartagena: 16:00 hrs  Cupos limitados m\u00e1ximo 40 personas  \ud83d\udeabprohibido pasarla mal  &nbsp;  Tarifa por persona:  Adulto: $170.000 -\u00a0Ni\u00f1o (2 a 10 a\u00f1os) $150.000  &nbsp;  Incluye:  \ud83d\ude90Transporte terrestre climatizado desde Cartagena hasta el pueblo de Bar\u00fa y retorno  \ud83d\udea4 Traslad\u00f3 en lancha hasta la isla  \ud83c\udf79 Coctel de bienvenida  \u26f1\u00a0 Uso de instalaciones (silla Asoleadoras, Kioskos a, hamacas, cancha de Voleibol, cancha de f\u00fatbol, mesa de pimp\u00f3n)  \ud83d\udef6 Uso de kayak  \ud83d\udebf Duchas de agua dulce  Almuerzo T\u00edpico (Pescado, Pollo o Vegetariano) Una de estas opciones de almuerzo puede escoger seg\u00fan su preferencia.  Servicios Adicionales: NO incluidos en la tarifa.   Tour Panor\u00e1mico a las islas del rosario  Actividad de Snorkel  Entrada al Acuario  Tour panor\u00e1mico a los manglares y Chol\u00f3n  &nbsp;\" \/>\n<meta property=\"og:url\" content=\"https:\/\/emporiadmc.com\/en\/simples-para-agrupar\/luna-beach-baru-adultos\/\" \/>\n<meta property=\"og:site_name\" content=\"Emporia Travel DMC\" \/>\n<meta property=\"article:modified_time\" content=\"2025-01-20T03:56:22+00:00\" \/>\n<meta property=\"og:image\" content=\"https:\/\/emporiadmc.com\/wp-content\/uploads\/2021\/09\/Luna-Beach-8.jpg\" \/>\n\t<meta property=\"og:image:width\" content=\"800\" \/>\n\t<meta property=\"og:image:height\" content=\"561\" \/>\n\t<meta property=\"og:image:type\" content=\"image\/jpeg\" \/>\n<meta name=\"twitter:card\" content=\"summary_large_image\" \/>\n<script type=\"application\/ld+json\" class=\"yoast-schema-graph\">{\"@context\":\"https:\\\/\\\/schema.org\",\"@graph\":[{\"@type\":\"WebPage\",\"@id\":\"https:\\\/\\\/emporiadmc.com\\\/en\\\/simples-para-agrupar\\\/luna-beach-baru-adultos\\\/\",\"url\":\"https:\\\/\\\/emporiadmc.com\\\/en\\\/simples-para-agrupar\\\/luna-beach-baru-adultos\\\/\",\"name\":\"Luna Beach Bar\u00fa (Adultos) - Emporia Travel DMC\",\"isPartOf\":{\"@id\":\"https:\\\/\\\/emporiadmc.com\\\/#website\"},\"primaryImageOfPage\":{\"@id\":\"https:\\\/\\\/emporiadmc.com\\\/en\\\/simples-para-agrupar\\\/luna-beach-baru-adultos\\\/#primaryimage\"},\"image\":{\"@id\":\"https:\\\/\\\/emporiadmc.com\\\/en\\\/simples-para-agrupar\\\/luna-beach-baru-adultos\\\/#primaryimage\"},\"thumbnailUrl\":\"https:\\\/\\\/emporiadmc.com\\\/wp-content\\\/uploads\\\/2021\\\/09\\\/Luna-Beach-8.jpg\",\"datePublished\":\"2021-09-29T23:36:48+00:00\",\"dateModified\":\"2025-01-20T03:56:22+00:00\",\"breadcrumb\":{\"@id\":\"https:\\\/\\\/emporiadmc.com\\\/en\\\/simples-para-agrupar\\\/luna-beach-baru-adultos\\\/#breadcrumb\"},\"inLanguage\":\"en-US\",\"potentialAction\":[{\"@type\":\"ReadAction\",\"target\":[\"https:\\\/\\\/emporiadmc.com\\\/en\\\/simples-para-agrupar\\\/luna-beach-baru-adultos\\\/\"]}]},{\"@type\":\"ImageObject\",\"inLanguage\":\"en-US\",\"@id\":\"https:\\\/\\\/emporiadmc.com\\\/en\\\/simples-para-agrupar\\\/luna-beach-baru-adultos\\\/#primaryimage\",\"url\":\"https:\\\/\\\/emporiadmc.com\\\/wp-content\\\/uploads\\\/2021\\\/09\\\/Luna-Beach-8.jpg\",\"contentUrl\":\"https:\\\/\\\/emporiadmc.com\\\/wp-content\\\/uploads\\\/2021\\\/09\\\/Luna-Beach-8.jpg\",\"width\":800,\"height\":561},{\"@type\":\"BreadcrumbList\",\"@id\":\"https:\\\/\\\/emporiadmc.com\\\/en\\\/simples-para-agrupar\\\/luna-beach-baru-adultos\\\/#breadcrumb\",\"itemListElement\":[{\"@type\":\"ListItem\",\"position\":1,\"name\":\"Portada\",\"item\":\"https:\\\/\\\/emporiadmc.com\\\/\"},{\"@type\":\"ListItem\",\"position\":2,\"name\":\"Tienda\",\"item\":\"https:\\\/\\\/emporiadmc.com\\\/?page_id=142\"},{\"@type\":\"ListItem\",\"position\":3,\"name\":\"Luna Beach Bar\u00fa (Adultos)\"}]},{\"@type\":\"WebSite\",\"@id\":\"https:\\\/\\\/emporiadmc.com\\\/#website\",\"url\":\"https:\\\/\\\/emporiadmc.com\\\/\",\"name\":\"Emporia Travel DMC\",\"description\":\"Viajes que Inspiran, Experiencias que Perduran!\",\"potentialAction\":[{\"@type\":\"SearchAction\",\"target\":{\"@type\":\"EntryPoint\",\"urlTemplate\":\"https:\\\/\\\/emporiadmc.com\\\/?s={search_term_string}\"},\"query-input\":{\"@type\":\"PropertyValueSpecification\",\"valueRequired\":true,\"valueName\":\"search_term_string\"}}],\"inLanguage\":\"en-US\"}]}<\/script>\n<!-- \/ Yoast SEO plugin. -->","yoast_head_json":{"title":"Luna Beach Bar\u00fa (Adultos) - Emporia Travel DMC","robots":{"index":"index","follow":"follow","max-snippet":"max-snippet:-1","max-image-preview":"max-image-preview:large","max-video-preview":"max-video-preview:-1"},"canonical":"https:\/\/emporiadmc.com\/en\/simples-para-agrupar\/luna-beach-baru-adultos\/","og_locale":"en_US","og_type":"article","og_title":"Luna Beach Bar\u00fa (Adultos) - Emporia Travel DMC","og_description":"Es para nosotros de un completo agrado presentarles la EXPERIENCIA TURISTICA QUE FALTABA EN CARTAGENA LUNA BEACH.  Es un PASADIA saliendo del hotel o lugar de estad\u00eda en la ciudad ya que contamos con recogida en Bocagrande, Centro y zona norte llegando hasta Bar\u00fa en una van con todas las comodidades y luego en una moderna lancha hasta la isla localizada muy cerca de la isla del encanto con acceso \u00fanicamente por agua lo que la hace exclusiva y en un ambiente totalmente privado. Brindaremos una bebida de bienvenida, Almuerzo en tres opciones y uso de todas las instalaciones d\u00f3nde se puede disfrutar de kayacs y juegos como voleibol pimp\u00f3n y cancha de f\u00fatbol.  &nbsp;  \u23f0Horario:  Recogida en los hoteles a las 08:00 hrs (hora aproximada dependiendo de la ubicaci\u00f3n del hotel).  Regreso de Bar\u00fa hacia Cartagena: 16:00 hrs  Cupos limitados m\u00e1ximo 40 personas  \ud83d\udeabprohibido pasarla mal  &nbsp;  Tarifa por persona:  Adulto: $170.000 -\u00a0Ni\u00f1o (2 a 10 a\u00f1os) $150.000  &nbsp;  Incluye:  \ud83d\ude90Transporte terrestre climatizado desde Cartagena hasta el pueblo de Bar\u00fa y retorno  \ud83d\udea4 Traslad\u00f3 en lancha hasta la isla  \ud83c\udf79 Coctel de bienvenida  \u26f1\u00a0 Uso de instalaciones (silla Asoleadoras, Kioskos a, hamacas, cancha de Voleibol, cancha de f\u00fatbol, mesa de pimp\u00f3n)  \ud83d\udef6 Uso de kayak  \ud83d\udebf Duchas de agua dulce  Almuerzo T\u00edpico (Pescado, Pollo o Vegetariano) Una de estas opciones de almuerzo puede escoger seg\u00fan su preferencia.  Servicios Adicionales: NO incluidos en la tarifa.   Tour Panor\u00e1mico a las islas del rosario  Actividad de Snorkel  Entrada al Acuario  Tour panor\u00e1mico a los manglares y Chol\u00f3n  &nbsp;","og_url":"https:\/\/emporiadmc.com\/en\/simples-para-agrupar\/luna-beach-baru-adultos\/","og_site_name":"Emporia Travel DMC","article_modified_time":"2025-01-20T03:56:22+00:00","og_image":[{"width":800,"height":561,"url":"https:\/\/emporiadmc.com\/wp-content\/uploads\/2021\/09\/Luna-Beach-8.jpg","type":"image\/jpeg"}],"twitter_card":"summary_large_image","schema":{"@context":"https:\/\/schema.org","@graph":[{"@type":"WebPage","@id":"https:\/\/emporiadmc.com\/en\/simples-para-agrupar\/luna-beach-baru-adultos\/","url":"https:\/\/emporiadmc.com\/en\/simples-para-agrupar\/luna-beach-baru-adultos\/","name":"Luna Beach Bar\u00fa (Adultos) - Emporia Travel DMC","isPartOf":{"@id":"https:\/\/emporiadmc.com\/#website"},"primaryImageOfPage":{"@id":"https:\/\/emporiadmc.com\/en\/simples-para-agrupar\/luna-beach-baru-adultos\/#primaryimage"},"image":{"@id":"https:\/\/emporiadmc.com\/en\/simples-para-agrupar\/luna-beach-baru-adultos\/#primaryimage"},"thumbnailUrl":"https:\/\/emporiadmc.com\/wp-content\/uploads\/2021\/09\/Luna-Beach-8.jpg","datePublished":"2021-09-29T23:36:48+00:00","dateModified":"2025-01-20T03:56:22+00:00","breadcrumb":{"@id":"https:\/\/emporiadmc.com\/en\/simples-para-agrupar\/luna-beach-baru-adultos\/#breadcrumb"},"inLanguage":"en-US","potentialAction":[{"@type":"ReadAction","target":["https:\/\/emporiadmc.com\/en\/simples-para-agrupar\/luna-beach-baru-adultos\/"]}]},{"@type":"ImageObject","inLanguage":"en-US","@id":"https:\/\/emporiadmc.com\/en\/simples-para-agrupar\/luna-beach-baru-adultos\/#primaryimage","url":"https:\/\/emporiadmc.com\/wp-content\/uploads\/2021\/09\/Luna-Beach-8.jpg","contentUrl":"https:\/\/emporiadmc.com\/wp-content\/uploads\/2021\/09\/Luna-Beach-8.jpg","width":800,"height":561},{"@type":"BreadcrumbList","@id":"https:\/\/emporiadmc.com\/en\/simples-para-agrupar\/luna-beach-baru-adultos\/#breadcrumb","itemListElement":[{"@type":"ListItem","position":1,"name":"Portada","item":"https:\/\/emporiadmc.com\/"},{"@type":"ListItem","position":2,"name":"Tienda","item":"https:\/\/emporiadmc.com\/?page_id=142"},{"@type":"ListItem","position":3,"name":"Luna Beach Bar\u00fa (Adultos)"}]},{"@type":"WebSite","@id":"https:\/\/emporiadmc.com\/#website","url":"https:\/\/emporiadmc.com\/","name":"Emporia Travel DMC","description":"Inspiring Journeys, lasting Experiences!","potentialAction":[{"@type":"SearchAction","target":{"@type":"EntryPoint","urlTemplate":"https:\/\/emporiadmc.com\/?s={search_term_string}"},"query-input":{"@type":"PropertyValueSpecification","valueRequired":true,"valueName":"search_term_string"}}],"inLanguage":"en-US"}]}},"_links":{"self":[{"href":"https:\/\/emporiadmc.com\/en\/wp-json\/wp\/v2\/product\/1938","targetHints":{"allow":["GET"]}}],"collection":[{"href":"https:\/\/emporiadmc.com\/en\/wp-json\/wp\/v2\/product"}],"about":[{"href":"https:\/\/emporiadmc.com\/en\/wp-json\/wp\/v2\/types\/product"}],"replies":[{"embeddable":true,"href":"https:\/\/emporiadmc.com\/en\/wp-json\/wp\/v2\/comments?post=1938"}],"wp:featuredmedia":[{"embeddable":true,"href":"https:\/\/emporiadmc.com\/en\/wp-json\/wp\/v2\/media\/1934"}],"wp:attachment":[{"href":"https:\/\/emporiadmc.com\/en\/wp-json\/wp\/v2\/media?parent=1938"}],"wp:term":[{"taxonomy":"product_brand","embeddable":true,"href":"https:\/\/emporiadmc.com\/en\/wp-json\/wp\/v2\/product_brand?post=1938"},{"taxonomy":"product_cat","embeddable":true,"href":"https:\/\/emporiadmc.com\/en\/wp-json\/wp\/v2\/product_cat?post=1938"},{"taxonomy":"product_tag","embeddable":true,"href":"https:\/\/emporiadmc.com\/en\/wp-json\/wp\/v2\/product_tag?post=1938"}],"curies":[{"name":"wp","href":"https:\/\/api.w.org\/{rel}","templated":true}]}}