{"id":202,"date":"2021-07-02T11:42:44","date_gmt":"2021-07-02T16:42:44","guid":{"rendered":"https:\/\/alondraexpress.com\/?post_type=product&#038;p=202"},"modified":"2025-02-14T16:09:10","modified_gmt":"2025-02-14T21:09:10","slug":"flavors-of-cartagena","status":"publish","type":"product","link":"https:\/\/emporiadmc.com\/en\/gastronomicos\/flavors-of-cartagena\/","title":{"rendered":"Flavors of Cartagena"},"content":{"rendered":"<table width=\"806\">\n<tbody>\n<tr>\n<td width=\"288\"><strong>Language<\/strong><\/td>\n<td style=\"text-align: right;\" width=\"74\"><strong>1 pax<\/strong><\/td>\n<td style=\"text-align: right;\" width=\"74\"><strong>2 pax<\/strong><\/td>\n<td style=\"text-align: right;\" width=\"74\"><strong>3 a 5 pax<\/strong><\/td>\n<td style=\"text-align: right;\" width=\"74\"><strong>6 a 14 pax<\/strong><\/td>\n<td style=\"text-align: right;\" width=\"74\"><strong>15 a 20 pax<\/strong><\/td>\n<td style=\"text-align: right;\" width=\"74\"><strong>21 a 30 pax<\/strong><\/td>\n<td style=\"text-align: right;\" width=\"74\"><strong>31 a 40 pax<\/strong><\/td>\n<\/tr>\n<tr>\n<td><strong>SPANISH OR ENGLISH<\/strong><\/td>\n<td style=\"text-align: right;\">$ 329.000<\/td>\n<td style=\"text-align: right;\">\u00a0$ 200.000<\/td>\n<td style=\"text-align: right;\">$ 153.000<\/td>\n<td style=\"text-align: right;\">$ 117.000<\/td>\n<td style=\"text-align: right;\">$ 86.000<\/td>\n<td style=\"text-align: right;\">NA<\/td>\n<td style=\"text-align: right;\">NA<\/td>\n<\/tr>\n<tr>\n<td><strong>PORTUGUESE, FRENCH, ITALIAN OR GERMAN<\/strong><\/td>\n<td style=\"text-align: right;\">$ 500.000<\/td>\n<td style=\"text-align: right;\">$ 293.000<\/td>\n<td style=\"text-align: right;\">$ 224.000<\/td>\n<td style=\"text-align: right;\">$ 146.000<\/td>\n<td style=\"text-align: right;\">$ 96.000<\/td>\n<td style=\"text-align: right;\">NA<\/td>\n<td style=\"text-align: right;\">NA<\/td>\n<\/tr>\n<\/tbody>\n<\/table>","protected":false},"excerpt":{"rendered":"<p>&nbsp;<\/p>\n<h6><strong><a style=\"background-color: #1e73be; color: #fff; padding: 10px; border-radius: 5px;\" href=\"#tab-description\">Conoce lo precios por persona<\/a><\/strong><\/h6>\n<p>&nbsp;<\/p>\n<p style=\"text-align: justify;\">Your guide will meet you at your hotel for a gastronomic street tour, during which you will taste the everyday local foods that Colombians live on, such as typical street snacks, both sweet and savory, and their delicious fruits and juices. In addition to the food, you will learn about the culture and life of the Cartageneros. You will also head to the Getseman\u00ed district, once home to servants and the lower class and now the heart and artistic soul of Cartagena, which attracts street artists from all over the world.<\/p>\n<hr class=\"no_line\" style=\"margin:0 auto 20px\"\/>\n\n<p><i class=\"icon-alert\" style=\"color: #1190cb;\"><\/i><strong>Includes<\/strong><\/p>\n<p>Guide, tasting of several examples of street snacks.<\/p>\n<p><i class=\"icon-cancel-circled\" style=\"color: #1190cb;\"><\/i> <strong>Not included<\/strong><\/p>\n<p>Gratuities and services not mentioned<\/p>\n<p><strong><i class=\"icon-clock\" style=\"color: #1190cb;\"><\/i>Schedule:<\/strong> Monday to Sunday from 15:00hrs to 17:00hrs or 17:00hrs to 19:00hrs.<\/p>\n<style>\np.price {\ndisplay: none;\n}\n<\/style>","protected":false},"featured_media":2618,"comment_status":"closed","ping_status":"closed","template":"","meta":{"_joinchat":[],"_links_to":"","_links_to_target":""},"product_brand":[],"product_cat":[21],"product_tag":[],"class_list":{"0":"post-202","1":"product","2":"type-product","3":"status-publish","4":"has-post-thumbnail","6":"product_cat-gastronomicos","8":"first","9":"instock","10":"sold-individually","11":"shipping-taxable","12":"purchasable","13":"product-type-variable","14":"has-default-attributes"},"yoast_head":"<!-- This site is optimized with the Yoast SEO plugin v27.4 - https:\/\/yoast.com\/product\/yoast-seo-wordpress\/ -->\n<title>Flavors of Cartagena - Emporia Travel DMC<\/title>\n<meta name=\"description\" content=\"Explora los sabores de Cartagena: recorrido gastron\u00f3mico con gu\u00eda, transporte y degustaci\u00f3n de snacks, frutas y jugos t\u00edpicos.\" \/>\n<meta name=\"robots\" content=\"index, follow, max-snippet:-1, max-image-preview:large, max-video-preview:-1\" \/>\n<link rel=\"canonical\" href=\"https:\/\/emporiadmc.com\/en\/gastronomicos\/flavors-of-cartagena\/\" \/>\n<meta property=\"og:locale\" content=\"en_US\" \/>\n<meta property=\"og:type\" content=\"article\" \/>\n<meta property=\"og:title\" content=\"Flavors of Cartagena - Emporia Travel DMC\" \/>\n<meta property=\"og:description\" content=\"Explora los sabores de Cartagena: recorrido gastron\u00f3mico con gu\u00eda, transporte y degustaci\u00f3n de snacks, frutas y jugos t\u00edpicos.\" \/>\n<meta property=\"og:url\" content=\"https:\/\/emporiadmc.com\/en\/gastronomicos\/flavors-of-cartagena\/\" \/>\n<meta property=\"og:site_name\" content=\"Emporia Travel DMC\" \/>\n<meta property=\"article:modified_time\" content=\"2025-02-14T21:09:10+00:00\" \/>\n<meta property=\"og:image\" content=\"https:\/\/emporiadmc.com\/wp-content\/uploads\/2021\/07\/Flavors-of-Cartagena-2.jpg\" \/>\n\t<meta property=\"og:image:width\" content=\"800\" \/>\n\t<meta property=\"og:image:height\" content=\"561\" \/>\n\t<meta property=\"og:image:type\" content=\"image\/jpeg\" \/>\n<meta name=\"twitter:card\" content=\"summary_large_image\" \/>\n<meta name=\"twitter:label1\" content=\"Est. reading time\" \/>\n\t<meta name=\"twitter:data1\" content=\"1 minute\" \/>\n<script type=\"application\/ld+json\" class=\"yoast-schema-graph\">{\"@context\":\"https:\\\/\\\/schema.org\",\"@graph\":[{\"@type\":\"WebPage\",\"@id\":\"https:\\\/\\\/emporiadmc.com\\\/gastronomicos\\\/flavors-of-cartagena\\\/\",\"url\":\"https:\\\/\\\/emporiadmc.com\\\/gastronomicos\\\/flavors-of-cartagena\\\/\",\"name\":\"Flavors of Cartagena - Emporia Travel DMC\",\"isPartOf\":{\"@id\":\"https:\\\/\\\/emporiadmc.com\\\/#website\"},\"primaryImageOfPage\":{\"@id\":\"https:\\\/\\\/emporiadmc.com\\\/gastronomicos\\\/flavors-of-cartagena\\\/#primaryimage\"},\"image\":{\"@id\":\"https:\\\/\\\/emporiadmc.com\\\/gastronomicos\\\/flavors-of-cartagena\\\/#primaryimage\"},\"thumbnailUrl\":\"https:\\\/\\\/emporiadmc.com\\\/wp-content\\\/uploads\\\/2021\\\/07\\\/Flavors-of-Cartagena-2.jpg\",\"datePublished\":\"2021-07-02T16:42:44+00:00\",\"dateModified\":\"2025-02-14T21:09:10+00:00\",\"description\":\"Explora los sabores de Cartagena: recorrido gastron\u00f3mico con gu\u00eda, transporte y degustaci\u00f3n de snacks, frutas y jugos t\u00edpicos.\",\"breadcrumb\":{\"@id\":\"https:\\\/\\\/emporiadmc.com\\\/gastronomicos\\\/flavors-of-cartagena\\\/#breadcrumb\"},\"inLanguage\":\"en-US\",\"potentialAction\":[{\"@type\":\"ReadAction\",\"target\":[\"https:\\\/\\\/emporiadmc.com\\\/gastronomicos\\\/flavors-of-cartagena\\\/\"]}]},{\"@type\":\"ImageObject\",\"inLanguage\":\"en-US\",\"@id\":\"https:\\\/\\\/emporiadmc.com\\\/gastronomicos\\\/flavors-of-cartagena\\\/#primaryimage\",\"url\":\"https:\\\/\\\/emporiadmc.com\\\/wp-content\\\/uploads\\\/2021\\\/07\\\/Flavors-of-Cartagena-2.jpg\",\"contentUrl\":\"https:\\\/\\\/emporiadmc.com\\\/wp-content\\\/uploads\\\/2021\\\/07\\\/Flavors-of-Cartagena-2.jpg\",\"width\":800,\"height\":561},{\"@type\":\"BreadcrumbList\",\"@id\":\"https:\\\/\\\/emporiadmc.com\\\/gastronomicos\\\/flavors-of-cartagena\\\/#breadcrumb\",\"itemListElement\":[{\"@type\":\"ListItem\",\"position\":1,\"name\":\"Portada\",\"item\":\"https:\\\/\\\/emporiadmc.com\\\/\"},{\"@type\":\"ListItem\",\"position\":2,\"name\":\"Tienda\",\"item\":\"https:\\\/\\\/emporiadmc.com\\\/?page_id=142\"},{\"@type\":\"ListItem\",\"position\":3,\"name\":\"Flavors of Cartagena\"}]},{\"@type\":\"WebSite\",\"@id\":\"https:\\\/\\\/emporiadmc.com\\\/#website\",\"url\":\"https:\\\/\\\/emporiadmc.com\\\/\",\"name\":\"Emporia Travel DMC\",\"description\":\"Viajes que Inspiran, Experiencias que Perduran!\",\"potentialAction\":[{\"@type\":\"SearchAction\",\"target\":{\"@type\":\"EntryPoint\",\"urlTemplate\":\"https:\\\/\\\/emporiadmc.com\\\/?s={search_term_string}\"},\"query-input\":{\"@type\":\"PropertyValueSpecification\",\"valueRequired\":true,\"valueName\":\"search_term_string\"}}],\"inLanguage\":\"en-US\"}]}<\/script>\n<!-- \/ Yoast SEO plugin. -->","yoast_head_json":{"title":"Flavors of Cartagena - Emporia Travel DMC","description":"Explora los sabores de Cartagena: recorrido gastron\u00f3mico con gu\u00eda, transporte y degustaci\u00f3n de snacks, frutas y jugos t\u00edpicos.","robots":{"index":"index","follow":"follow","max-snippet":"max-snippet:-1","max-image-preview":"max-image-preview:large","max-video-preview":"max-video-preview:-1"},"canonical":"https:\/\/emporiadmc.com\/en\/gastronomicos\/flavors-of-cartagena\/","og_locale":"en_US","og_type":"article","og_title":"Flavors of Cartagena - Emporia Travel DMC","og_description":"Explora los sabores de Cartagena: recorrido gastron\u00f3mico con gu\u00eda, transporte y degustaci\u00f3n de snacks, frutas y jugos t\u00edpicos.","og_url":"https:\/\/emporiadmc.com\/en\/gastronomicos\/flavors-of-cartagena\/","og_site_name":"Emporia Travel DMC","article_modified_time":"2025-02-14T21:09:10+00:00","og_image":[{"width":800,"height":561,"url":"https:\/\/emporiadmc.com\/wp-content\/uploads\/2021\/07\/Flavors-of-Cartagena-2.jpg","type":"image\/jpeg"}],"twitter_card":"summary_large_image","twitter_misc":{"Est. reading time":"1 minute"},"schema":{"@context":"https:\/\/schema.org","@graph":[{"@type":"WebPage","@id":"https:\/\/emporiadmc.com\/gastronomicos\/flavors-of-cartagena\/","url":"https:\/\/emporiadmc.com\/gastronomicos\/flavors-of-cartagena\/","name":"Flavors of Cartagena - Emporia Travel DMC","isPartOf":{"@id":"https:\/\/emporiadmc.com\/#website"},"primaryImageOfPage":{"@id":"https:\/\/emporiadmc.com\/gastronomicos\/flavors-of-cartagena\/#primaryimage"},"image":{"@id":"https:\/\/emporiadmc.com\/gastronomicos\/flavors-of-cartagena\/#primaryimage"},"thumbnailUrl":"https:\/\/emporiadmc.com\/wp-content\/uploads\/2021\/07\/Flavors-of-Cartagena-2.jpg","datePublished":"2021-07-02T16:42:44+00:00","dateModified":"2025-02-14T21:09:10+00:00","description":"Explora los sabores de Cartagena: recorrido gastron\u00f3mico con gu\u00eda, transporte y degustaci\u00f3n de snacks, frutas y jugos t\u00edpicos.","breadcrumb":{"@id":"https:\/\/emporiadmc.com\/gastronomicos\/flavors-of-cartagena\/#breadcrumb"},"inLanguage":"en-US","potentialAction":[{"@type":"ReadAction","target":["https:\/\/emporiadmc.com\/gastronomicos\/flavors-of-cartagena\/"]}]},{"@type":"ImageObject","inLanguage":"en-US","@id":"https:\/\/emporiadmc.com\/gastronomicos\/flavors-of-cartagena\/#primaryimage","url":"https:\/\/emporiadmc.com\/wp-content\/uploads\/2021\/07\/Flavors-of-Cartagena-2.jpg","contentUrl":"https:\/\/emporiadmc.com\/wp-content\/uploads\/2021\/07\/Flavors-of-Cartagena-2.jpg","width":800,"height":561},{"@type":"BreadcrumbList","@id":"https:\/\/emporiadmc.com\/gastronomicos\/flavors-of-cartagena\/#breadcrumb","itemListElement":[{"@type":"ListItem","position":1,"name":"Portada","item":"https:\/\/emporiadmc.com\/"},{"@type":"ListItem","position":2,"name":"Tienda","item":"https:\/\/emporiadmc.com\/?page_id=142"},{"@type":"ListItem","position":3,"name":"Flavors of Cartagena"}]},{"@type":"WebSite","@id":"https:\/\/emporiadmc.com\/#website","url":"https:\/\/emporiadmc.com\/","name":"Emporia Travel DMC","description":"Inspiring Journeys, lasting Experiences!","potentialAction":[{"@type":"SearchAction","target":{"@type":"EntryPoint","urlTemplate":"https:\/\/emporiadmc.com\/?s={search_term_string}"},"query-input":{"@type":"PropertyValueSpecification","valueRequired":true,"valueName":"search_term_string"}}],"inLanguage":"en-US"}]}},"_links":{"self":[{"href":"https:\/\/emporiadmc.com\/en\/wp-json\/wp\/v2\/product\/202","targetHints":{"allow":["GET"]}}],"collection":[{"href":"https:\/\/emporiadmc.com\/en\/wp-json\/wp\/v2\/product"}],"about":[{"href":"https:\/\/emporiadmc.com\/en\/wp-json\/wp\/v2\/types\/product"}],"replies":[{"embeddable":true,"href":"https:\/\/emporiadmc.com\/en\/wp-json\/wp\/v2\/comments?post=202"}],"wp:featuredmedia":[{"embeddable":true,"href":"https:\/\/emporiadmc.com\/en\/wp-json\/wp\/v2\/media\/2618"}],"wp:attachment":[{"href":"https:\/\/emporiadmc.com\/en\/wp-json\/wp\/v2\/media?parent=202"}],"wp:term":[{"taxonomy":"product_brand","embeddable":true,"href":"https:\/\/emporiadmc.com\/en\/wp-json\/wp\/v2\/product_brand?post=202"},{"taxonomy":"product_cat","embeddable":true,"href":"https:\/\/emporiadmc.com\/en\/wp-json\/wp\/v2\/product_cat?post=202"},{"taxonomy":"product_tag","embeddable":true,"href":"https:\/\/emporiadmc.com\/en\/wp-json\/wp\/v2\/product_tag?post=202"}],"curies":[{"name":"wp","href":"https:\/\/api.w.org\/{rel}","templated":true}]}}