{"id":3114,"date":"2022-06-13T17:15:43","date_gmt":"2022-06-13T22:15:43","guid":{"rendered":"https:\/\/alondraexpress.com\/?post_type=product&#038;p=3114"},"modified":"2025-01-30T15:31:22","modified_gmt":"2025-01-30T20:31:22","slug":"nena-beach-5-10-st","status":"publish","type":"product","link":"https:\/\/emporiadmc.com\/en\/simples-para-agrupar\/nena-beach-5-10-st\/","title":{"rendered":"Nena Beach &#8211; Bar\u00fa &#8211; Ni\u00f1os de 5 a 10 a\u00f1os &#8211; Sin Transporte"},"content":{"rendered":"","protected":false},"excerpt":{"rendered":"<p style=\"text-align: justify;\">\u00a1En Bar\u00fa ahora es posible encontrar un ambiente, servicio y producto de talla internacional en uno de los lugares m\u00e1s lindos del Caribe colombiano! La Isla de Bar\u00fa es la \u00fanica en Cartagena en la que puedes acceder por tierra y es la que tiene la extensi\u00f3n de Playa de arena blanca m\u00e1s grande de la ciudad. En Nena Beach ahora es posible que te relajes y disfrutes sin ese molesto acoso de vendedores ambulantes que hay en Bar\u00fa, este Club de Playa esta dise\u00f1ado para que disfrutes de las aguas turquesas, la arena blanca, la mejor m\u00fasica, comida, instalaciones y servicio que hacen que tu d\u00eda sea una grata experiencia de sol y mar.<\/p>\n<hr class=\"no_line\" style=\"margin:0 auto 20px\"\/>\n\n<h5><i class=\"icon-alert\" style=\"color: #1190cb;\"><\/i> Includes:<\/h5>\n<p style=\"text-align: justify;\">Cama de playa con cojines, vestieres y duchas, kayaks y paddle boards, coctel de bienvenida, almuerzo pescado o pollo, jugo natural, caf\u00e9.<\/p>\n<hr class=\"no_line\" style=\"margin:0 auto 20px\"\/>\n\n<p style=\"text-align: justify;\">Ni\u00f1os de 0 a 4 a\u00f1os, gratis<br \/>\nNi\u00f1os de 5 a 10 a\u00f1os pagan $120.000<br \/>\nNi\u00f1os mayores de 11 a\u00f1os pagan como adulto<\/p>\n<hr class=\"no_line\" style=\"margin:0 auto 20px\"\/>\n\n<h5><i class=\"icon-cancel-circled\" style=\"color: #1190cb;\"><\/i> Not included<\/h5>\n<p>Tips and services not mentioned.<br \/>\n<hr class=\"no_line\" style=\"margin:0 auto 20px\"\/>\n<\/p>\n<table border=\"0\" width=\"100%\" cellspacing=\"0\" cellpadding=\"0\">\n<tbody>\n<tr>\n<td>\n<p class=\"big\"><i class=\"icon-calendar-line\" style=\"color: #1190cb;\"><\/i>Todos los d\u00edas, 2 horarios. Centro de Convenciones<\/p>\n<\/td>\n<td>\n<p class=\"big\"><i class=\"icon-clock\" style=\"color: #1190cb;\"><\/i>De 07:00 a 15:00 hrs y 09:00 a 17:00 hrs.<\/p>\n<\/td>\n<\/tr>\n<\/tbody>\n<\/table>\n<p>&nbsp;<\/p>","protected":false},"featured_media":1458,"comment_status":"closed","ping_status":"closed","template":"","meta":{"_joinchat":[],"_links_to":"","_links_to_target":""},"product_brand":[],"product_cat":[24],"product_tag":[],"class_list":{"0":"post-3114","1":"product","2":"type-product","3":"status-publish","4":"has-post-thumbnail","6":"product_cat-simples-para-agrupar","8":"first","9":"outofstock","10":"shipping-taxable","11":"purchasable","12":"product-type-simple"},"yoast_head":"<!-- This site is optimized with the Yoast SEO plugin v27.4 - https:\/\/yoast.com\/product\/yoast-seo-wordpress\/ -->\n<title>Nena Beach - Bar\u00fa - Ni\u00f1os de 5 a 10 a\u00f1os - Sin Transporte - Emporia Travel DMC<\/title>\n<meta name=\"robots\" content=\"index, follow, max-snippet:-1, max-image-preview:large, max-video-preview:-1\" \/>\n<link rel=\"canonical\" href=\"https:\/\/emporiadmc.com\/en\/simples-para-agrupar\/nena-beach-5-10-st\/\" \/>\n<meta property=\"og:locale\" content=\"en_US\" \/>\n<meta property=\"og:type\" content=\"article\" \/>\n<meta property=\"og:title\" content=\"Nena Beach - Bar\u00fa - Ni\u00f1os de 5 a 10 a\u00f1os - Sin Transporte - Emporia Travel DMC\" \/>\n<meta property=\"og:description\" content=\"\u00a1En Bar\u00fa ahora es posible encontrar un ambiente, servicio y producto de talla internacional en uno de los lugares m\u00e1s lindos del Caribe colombiano! La Isla de Bar\u00fa es la \u00fanica en Cartagena en la que puedes acceder por tierra y es la que tiene la extensi\u00f3n de Playa de arena blanca m\u00e1s grande de la ciudad. En Nena Beach ahora es posible que te relajes y disfrutes sin ese molesto acoso de vendedores ambulantes que hay en Bar\u00fa, este Club de Playa esta dise\u00f1ado para que disfrutes de las aguas turquesas, la arena blanca, la mejor m\u00fasica, comida, instalaciones y servicio que hacen que tu d\u00eda sea una grata experiencia de sol y mar.   Incluye: Cama de playa con cojines, vestieres y duchas, kayaks y paddle boards, coctel de bienvenida, almuerzo pescado o pollo, jugo natural, caf\u00e9.  Ni\u00f1os de 0 a 4 a\u00f1os, gratis Ni\u00f1os de 5 a 10 a\u00f1os pagan $120.000 Ni\u00f1os mayores de 11 a\u00f1os pagan como adulto   No Incluye: Propinas ni servicios no mencionados.      Todos los d\u00edas, 2 horarios. Centro de Convenciones   De 07:00 a 15:00 hrs y 09:00 a 17:00 hrs.     &nbsp;\" \/>\n<meta property=\"og:url\" content=\"https:\/\/emporiadmc.com\/en\/simples-para-agrupar\/nena-beach-5-10-st\/\" \/>\n<meta property=\"og:site_name\" content=\"Emporia Travel DMC\" \/>\n<meta property=\"article:modified_time\" content=\"2025-01-30T20:31:22+00:00\" \/>\n<meta property=\"og:image\" content=\"https:\/\/emporiadmc.com\/wp-content\/uploads\/2021\/06\/Nena\u00b4s-Beach-foto-15.jpeg\" \/>\n\t<meta property=\"og:image:width\" content=\"800\" \/>\n\t<meta property=\"og:image:height\" content=\"561\" \/>\n\t<meta property=\"og:image:type\" content=\"image\/jpeg\" \/>\n<meta name=\"twitter:card\" content=\"summary_large_image\" \/>\n<script type=\"application\/ld+json\" class=\"yoast-schema-graph\">{\"@context\":\"https:\\\/\\\/schema.org\",\"@graph\":[{\"@type\":\"WebPage\",\"@id\":\"https:\\\/\\\/emporiadmc.com\\\/en\\\/simples-para-agrupar\\\/nena-beach-5-10-st\\\/\",\"url\":\"https:\\\/\\\/emporiadmc.com\\\/en\\\/simples-para-agrupar\\\/nena-beach-5-10-st\\\/\",\"name\":\"Nena Beach - Bar\u00fa - Ni\u00f1os de 5 a 10 a\u00f1os - Sin Transporte - Emporia Travel DMC\",\"isPartOf\":{\"@id\":\"https:\\\/\\\/emporiadmc.com\\\/#website\"},\"primaryImageOfPage\":{\"@id\":\"https:\\\/\\\/emporiadmc.com\\\/en\\\/simples-para-agrupar\\\/nena-beach-5-10-st\\\/#primaryimage\"},\"image\":{\"@id\":\"https:\\\/\\\/emporiadmc.com\\\/en\\\/simples-para-agrupar\\\/nena-beach-5-10-st\\\/#primaryimage\"},\"thumbnailUrl\":\"https:\\\/\\\/emporiadmc.com\\\/wp-content\\\/uploads\\\/2021\\\/06\\\/Nena\u00b4s-Beach-foto-15.jpeg\",\"datePublished\":\"2022-06-13T22:15:43+00:00\",\"dateModified\":\"2025-01-30T20:31:22+00:00\",\"breadcrumb\":{\"@id\":\"https:\\\/\\\/emporiadmc.com\\\/en\\\/simples-para-agrupar\\\/nena-beach-5-10-st\\\/#breadcrumb\"},\"inLanguage\":\"en-US\",\"potentialAction\":[{\"@type\":\"ReadAction\",\"target\":[\"https:\\\/\\\/emporiadmc.com\\\/en\\\/simples-para-agrupar\\\/nena-beach-5-10-st\\\/\"]}]},{\"@type\":\"ImageObject\",\"inLanguage\":\"en-US\",\"@id\":\"https:\\\/\\\/emporiadmc.com\\\/en\\\/simples-para-agrupar\\\/nena-beach-5-10-st\\\/#primaryimage\",\"url\":\"https:\\\/\\\/emporiadmc.com\\\/wp-content\\\/uploads\\\/2021\\\/06\\\/Nena\u00b4s-Beach-foto-15.jpeg\",\"contentUrl\":\"https:\\\/\\\/emporiadmc.com\\\/wp-content\\\/uploads\\\/2021\\\/06\\\/Nena\u00b4s-Beach-foto-15.jpeg\",\"width\":800,\"height\":561},{\"@type\":\"BreadcrumbList\",\"@id\":\"https:\\\/\\\/emporiadmc.com\\\/en\\\/simples-para-agrupar\\\/nena-beach-5-10-st\\\/#breadcrumb\",\"itemListElement\":[{\"@type\":\"ListItem\",\"position\":1,\"name\":\"Portada\",\"item\":\"https:\\\/\\\/emporiadmc.com\\\/\"},{\"@type\":\"ListItem\",\"position\":2,\"name\":\"Tienda\",\"item\":\"https:\\\/\\\/emporiadmc.com\\\/?page_id=142\"},{\"@type\":\"ListItem\",\"position\":3,\"name\":\"Nena Beach &#8211; Bar\u00fa &#8211; Ni\u00f1os de 5 a 10 a\u00f1os &#8211; Sin Transporte\"}]},{\"@type\":\"WebSite\",\"@id\":\"https:\\\/\\\/emporiadmc.com\\\/#website\",\"url\":\"https:\\\/\\\/emporiadmc.com\\\/\",\"name\":\"Emporia Travel DMC\",\"description\":\"Viajes que Inspiran, Experiencias que Perduran!\",\"potentialAction\":[{\"@type\":\"SearchAction\",\"target\":{\"@type\":\"EntryPoint\",\"urlTemplate\":\"https:\\\/\\\/emporiadmc.com\\\/?s={search_term_string}\"},\"query-input\":{\"@type\":\"PropertyValueSpecification\",\"valueRequired\":true,\"valueName\":\"search_term_string\"}}],\"inLanguage\":\"en-US\"}]}<\/script>\n<!-- \/ Yoast SEO plugin. -->","yoast_head_json":{"title":"Nena Beach - Bar\u00fa - Ni\u00f1os de 5 a 10 a\u00f1os - Sin Transporte - Emporia Travel DMC","robots":{"index":"index","follow":"follow","max-snippet":"max-snippet:-1","max-image-preview":"max-image-preview:large","max-video-preview":"max-video-preview:-1"},"canonical":"https:\/\/emporiadmc.com\/en\/simples-para-agrupar\/nena-beach-5-10-st\/","og_locale":"en_US","og_type":"article","og_title":"Nena Beach - Bar\u00fa - Ni\u00f1os de 5 a 10 a\u00f1os - Sin Transporte - Emporia Travel DMC","og_description":"\u00a1En Bar\u00fa ahora es posible encontrar un ambiente, servicio y producto de talla internacional en uno de los lugares m\u00e1s lindos del Caribe colombiano! La Isla de Bar\u00fa es la \u00fanica en Cartagena en la que puedes acceder por tierra y es la que tiene la extensi\u00f3n de Playa de arena blanca m\u00e1s grande de la ciudad. En Nena Beach ahora es posible que te relajes y disfrutes sin ese molesto acoso de vendedores ambulantes que hay en Bar\u00fa, este Club de Playa esta dise\u00f1ado para que disfrutes de las aguas turquesas, la arena blanca, la mejor m\u00fasica, comida, instalaciones y servicio que hacen que tu d\u00eda sea una grata experiencia de sol y mar.   Incluye: Cama de playa con cojines, vestieres y duchas, kayaks y paddle boards, coctel de bienvenida, almuerzo pescado o pollo, jugo natural, caf\u00e9.  Ni\u00f1os de 0 a 4 a\u00f1os, gratis Ni\u00f1os de 5 a 10 a\u00f1os pagan $120.000 Ni\u00f1os mayores de 11 a\u00f1os pagan como adulto   No Incluye: Propinas ni servicios no mencionados.      Todos los d\u00edas, 2 horarios. Centro de Convenciones   De 07:00 a 15:00 hrs y 09:00 a 17:00 hrs.     &nbsp;","og_url":"https:\/\/emporiadmc.com\/en\/simples-para-agrupar\/nena-beach-5-10-st\/","og_site_name":"Emporia Travel DMC","article_modified_time":"2025-01-30T20:31:22+00:00","og_image":[{"width":800,"height":561,"url":"https:\/\/emporiadmc.com\/wp-content\/uploads\/2021\/06\/Nena\u00b4s-Beach-foto-15.jpeg","type":"image\/jpeg"}],"twitter_card":"summary_large_image","schema":{"@context":"https:\/\/schema.org","@graph":[{"@type":"WebPage","@id":"https:\/\/emporiadmc.com\/en\/simples-para-agrupar\/nena-beach-5-10-st\/","url":"https:\/\/emporiadmc.com\/en\/simples-para-agrupar\/nena-beach-5-10-st\/","name":"Nena Beach - Bar\u00fa - Ni\u00f1os de 5 a 10 a\u00f1os - Sin Transporte - Emporia Travel DMC","isPartOf":{"@id":"https:\/\/emporiadmc.com\/#website"},"primaryImageOfPage":{"@id":"https:\/\/emporiadmc.com\/en\/simples-para-agrupar\/nena-beach-5-10-st\/#primaryimage"},"image":{"@id":"https:\/\/emporiadmc.com\/en\/simples-para-agrupar\/nena-beach-5-10-st\/#primaryimage"},"thumbnailUrl":"https:\/\/emporiadmc.com\/wp-content\/uploads\/2021\/06\/Nena\u00b4s-Beach-foto-15.jpeg","datePublished":"2022-06-13T22:15:43+00:00","dateModified":"2025-01-30T20:31:22+00:00","breadcrumb":{"@id":"https:\/\/emporiadmc.com\/en\/simples-para-agrupar\/nena-beach-5-10-st\/#breadcrumb"},"inLanguage":"en-US","potentialAction":[{"@type":"ReadAction","target":["https:\/\/emporiadmc.com\/en\/simples-para-agrupar\/nena-beach-5-10-st\/"]}]},{"@type":"ImageObject","inLanguage":"en-US","@id":"https:\/\/emporiadmc.com\/en\/simples-para-agrupar\/nena-beach-5-10-st\/#primaryimage","url":"https:\/\/emporiadmc.com\/wp-content\/uploads\/2021\/06\/Nena\u00b4s-Beach-foto-15.jpeg","contentUrl":"https:\/\/emporiadmc.com\/wp-content\/uploads\/2021\/06\/Nena\u00b4s-Beach-foto-15.jpeg","width":800,"height":561},{"@type":"BreadcrumbList","@id":"https:\/\/emporiadmc.com\/en\/simples-para-agrupar\/nena-beach-5-10-st\/#breadcrumb","itemListElement":[{"@type":"ListItem","position":1,"name":"Portada","item":"https:\/\/emporiadmc.com\/"},{"@type":"ListItem","position":2,"name":"Tienda","item":"https:\/\/emporiadmc.com\/?page_id=142"},{"@type":"ListItem","position":3,"name":"Nena Beach &#8211; Bar\u00fa &#8211; Ni\u00f1os de 5 a 10 a\u00f1os &#8211; Sin Transporte"}]},{"@type":"WebSite","@id":"https:\/\/emporiadmc.com\/#website","url":"https:\/\/emporiadmc.com\/","name":"Emporia Travel DMC","description":"Inspiring Journeys, lasting Experiences!","potentialAction":[{"@type":"SearchAction","target":{"@type":"EntryPoint","urlTemplate":"https:\/\/emporiadmc.com\/?s={search_term_string}"},"query-input":{"@type":"PropertyValueSpecification","valueRequired":true,"valueName":"search_term_string"}}],"inLanguage":"en-US"}]}},"_links":{"self":[{"href":"https:\/\/emporiadmc.com\/en\/wp-json\/wp\/v2\/product\/3114","targetHints":{"allow":["GET"]}}],"collection":[{"href":"https:\/\/emporiadmc.com\/en\/wp-json\/wp\/v2\/product"}],"about":[{"href":"https:\/\/emporiadmc.com\/en\/wp-json\/wp\/v2\/types\/product"}],"replies":[{"embeddable":true,"href":"https:\/\/emporiadmc.com\/en\/wp-json\/wp\/v2\/comments?post=3114"}],"wp:featuredmedia":[{"embeddable":true,"href":"https:\/\/emporiadmc.com\/en\/wp-json\/wp\/v2\/media\/1458"}],"wp:attachment":[{"href":"https:\/\/emporiadmc.com\/en\/wp-json\/wp\/v2\/media?parent=3114"}],"wp:term":[{"taxonomy":"product_brand","embeddable":true,"href":"https:\/\/emporiadmc.com\/en\/wp-json\/wp\/v2\/product_brand?post=3114"},{"taxonomy":"product_cat","embeddable":true,"href":"https:\/\/emporiadmc.com\/en\/wp-json\/wp\/v2\/product_cat?post=3114"},{"taxonomy":"product_tag","embeddable":true,"href":"https:\/\/emporiadmc.com\/en\/wp-json\/wp\/v2\/product_tag?post=3114"}],"curies":[{"name":"wp","href":"https:\/\/api.w.org\/{rel}","templated":true}]}}