{"id":986,"date":"2021-08-06T10:02:51","date_gmt":"2021-08-06T15:02:51","guid":{"rendered":"https:\/\/alondraexpress.com\/?post_type=product&#038;p=986"},"modified":"2025-01-19T23:02:13","modified_gmt":"2025-01-20T04:02:13","slug":"bendita-beach-ninos-de-3-a-10-anos","status":"publish","type":"product","link":"https:\/\/emporiadmc.com\/en\/simples-para-agrupar\/bendita-beach-ninos-de-3-a-10-anos\/","title":{"rendered":"Bendita Beach &#8211; (Ni\u00f1os de 3 a 10 a\u00f1os)"},"content":{"rendered":"","protected":false},"excerpt":{"rendered":"<p style=\"text-align: justify;\">Disfrute de la magia de las islas del rosario, en una isla privada, lejos de la multitud, con excelente servicio y total tranquilidad, \u00a1en Bendita Beach disfrutar\u00e1 de una Isla de verdad!.<\/p>\n<p><strong>Ni\u00f1os de 0 a 2 a\u00f1os gratis, pagan consumos<\/strong><br \/>\n<strong>Ni\u00f1os de 3 a 10 a\u00f1os pagan $145.000<\/strong><br \/>\n<strong>Ni\u00f1os mayores de 10 a\u00f1os pagan como adulto<\/strong><\/p>\n<hr class=\"no_line\" style=\"margin:0 auto 20px\"\/>\n\n<h5><i class=\"icon-alert\" style=\"color: #1190cb;\"><\/i>Includes:<\/h5>\n<p style=\"text-align: justify;\">Transporte N\u00e1utico desde Cartagena hacia Bendita Beach y retorno, jugo de fruta fresca de bienvenida, el uso de todas las instalaciones de la isla, tales como Carpas, Sillas, Camas, Hamacas, Kayaks, almuerzo que consta de: Barra de ensalada, 2 prote\u00ednas (Pescado Fresco de 500 grms y\/o Pechuga de pollo), 2 arroces (con coco y Bendita) y unos bellos tostones de platano (Patacones) lo anterior con su bebida embotellada (Agua, Gaseosa).<\/p>\n<p style=\"text-align: justify;\"><hr class=\"no_line\" style=\"margin:0 auto 20px\"\/>\n<\/p>\n<h5><i class=\"icon-cancel-circled\" style=\"color: #1190cb;\"><\/i> Not included<\/h5>\n<p>Impuestos de muelle $19mil COP, Propinas ni servicios no mencionados<br \/>\n<hr class=\"no_line\" style=\"margin:0 auto 20px\"\/>\n<\/p>\n<table border=\"0\" width=\"100%\" cellspacing=\"0\" cellpadding=\"0\">\n<tbody>\n<tr>\n<td>\n<p class=\"big\"><i class=\"icon-calendar-line\" style=\"color: #1190cb;\"><\/i>Todos los d\u00edas. Muelle la Bodeguita, Puerta No. 4<\/p>\n<\/td>\n<td>\n<p class=\"big\"><i class=\"icon-clock\" style=\"color: #1190cb;\"><\/i>Ida 08:15 hrs y regreso a las 16:15 hrs.<\/p>\n<\/td>\n<\/tr>\n<\/tbody>\n<\/table>\n<p>&nbsp;<\/p>","protected":false},"featured_media":1465,"comment_status":"closed","ping_status":"closed","template":"","meta":{"_joinchat":[],"_links_to":"","_links_to_target":""},"product_brand":[],"product_cat":[24],"product_tag":[],"class_list":{"0":"post-986","1":"product","2":"type-product","3":"status-publish","4":"has-post-thumbnail","6":"product_cat-simples-para-agrupar","8":"first","9":"outofstock","10":"shipping-taxable","11":"purchasable","12":"product-type-simple"},"yoast_head":"<!-- This site is optimized with the Yoast SEO plugin v27.4 - https:\/\/yoast.com\/product\/yoast-seo-wordpress\/ -->\n<title>Bendita Beach - (Ni\u00f1os de 3 a 10 a\u00f1os) - Emporia Travel DMC<\/title>\n<meta name=\"robots\" content=\"index, follow, max-snippet:-1, max-image-preview:large, max-video-preview:-1\" \/>\n<link rel=\"canonical\" href=\"https:\/\/emporiadmc.com\/en\/simples-para-agrupar\/bendita-beach-ninos-de-3-a-10-anos\/\" \/>\n<meta property=\"og:locale\" content=\"en_US\" \/>\n<meta property=\"og:type\" content=\"article\" \/>\n<meta property=\"og:title\" content=\"Bendita Beach - (Ni\u00f1os de 3 a 10 a\u00f1os) - Emporia Travel DMC\" \/>\n<meta property=\"og:description\" content=\"Disfrute de la magia de las islas del rosario, en una isla privada, lejos de la multitud, con excelente servicio y total tranquilidad, \u00a1en Bendita Beach disfrutar\u00e1 de una Isla de verdad!. Ni\u00f1os de 0 a 2 a\u00f1os gratis, pagan consumos Ni\u00f1os de 3 a 10 a\u00f1os pagan $145.000 Ni\u00f1os mayores de 10 a\u00f1os pagan como adulto   Incluye: Transporte N\u00e1utico desde Cartagena hacia Bendita Beach y retorno, jugo de fruta fresca de bienvenida, el uso de todas las instalaciones de la isla, tales como Carpas, Sillas, Camas, Hamacas, Kayaks, almuerzo que consta de: Barra de ensalada, 2 prote\u00ednas (Pescado Fresco de 500 grms y\/o Pechuga de pollo), 2 arroces (con coco y Bendita) y unos bellos tostones de platano (Patacones) lo anterior con su bebida embotellada (Agua, Gaseosa).    No Incluye: Impuestos de muelle $19mil COP, Propinas ni servicios no mencionados      Todos los d\u00edas. Muelle la Bodeguita, Puerta No. 4   Ida 08:15 hrs y regreso a las 16:15 hrs.     &nbsp;\" \/>\n<meta property=\"og:url\" content=\"https:\/\/emporiadmc.com\/en\/simples-para-agrupar\/bendita-beach-ninos-de-3-a-10-anos\/\" \/>\n<meta property=\"og:site_name\" content=\"Emporia Travel DMC\" \/>\n<meta property=\"article:modified_time\" content=\"2025-01-20T04:02:13+00:00\" \/>\n<meta property=\"og:image\" content=\"https:\/\/emporiadmc.com\/wp-content\/uploads\/2021\/07\/bendita-beach.jpg\" \/>\n\t<meta property=\"og:image:width\" content=\"800\" \/>\n\t<meta property=\"og:image:height\" content=\"561\" \/>\n\t<meta property=\"og:image:type\" content=\"image\/jpeg\" \/>\n<meta name=\"twitter:card\" content=\"summary_large_image\" \/>\n<script type=\"application\/ld+json\" class=\"yoast-schema-graph\">{\"@context\":\"https:\\\/\\\/schema.org\",\"@graph\":[{\"@type\":\"WebPage\",\"@id\":\"https:\\\/\\\/emporiadmc.com\\\/simples-para-agrupar\\\/bendita-beach-ninos-de-3-a-10-anos\\\/\",\"url\":\"https:\\\/\\\/emporiadmc.com\\\/simples-para-agrupar\\\/bendita-beach-ninos-de-3-a-10-anos\\\/\",\"name\":\"Bendita Beach - (Ni\u00f1os de 3 a 10 a\u00f1os) - Emporia Travel DMC\",\"isPartOf\":{\"@id\":\"https:\\\/\\\/emporiadmc.com\\\/#website\"},\"primaryImageOfPage\":{\"@id\":\"https:\\\/\\\/emporiadmc.com\\\/simples-para-agrupar\\\/bendita-beach-ninos-de-3-a-10-anos\\\/#primaryimage\"},\"image\":{\"@id\":\"https:\\\/\\\/emporiadmc.com\\\/simples-para-agrupar\\\/bendita-beach-ninos-de-3-a-10-anos\\\/#primaryimage\"},\"thumbnailUrl\":\"https:\\\/\\\/emporiadmc.com\\\/wp-content\\\/uploads\\\/2021\\\/07\\\/bendita-beach.jpg\",\"datePublished\":\"2021-08-06T15:02:51+00:00\",\"dateModified\":\"2025-01-20T04:02:13+00:00\",\"breadcrumb\":{\"@id\":\"https:\\\/\\\/emporiadmc.com\\\/simples-para-agrupar\\\/bendita-beach-ninos-de-3-a-10-anos\\\/#breadcrumb\"},\"inLanguage\":\"en-US\",\"potentialAction\":[{\"@type\":\"ReadAction\",\"target\":[\"https:\\\/\\\/emporiadmc.com\\\/simples-para-agrupar\\\/bendita-beach-ninos-de-3-a-10-anos\\\/\"]}]},{\"@type\":\"ImageObject\",\"inLanguage\":\"en-US\",\"@id\":\"https:\\\/\\\/emporiadmc.com\\\/simples-para-agrupar\\\/bendita-beach-ninos-de-3-a-10-anos\\\/#primaryimage\",\"url\":\"https:\\\/\\\/emporiadmc.com\\\/wp-content\\\/uploads\\\/2021\\\/07\\\/bendita-beach.jpg\",\"contentUrl\":\"https:\\\/\\\/emporiadmc.com\\\/wp-content\\\/uploads\\\/2021\\\/07\\\/bendita-beach.jpg\",\"width\":800,\"height\":561},{\"@type\":\"BreadcrumbList\",\"@id\":\"https:\\\/\\\/emporiadmc.com\\\/simples-para-agrupar\\\/bendita-beach-ninos-de-3-a-10-anos\\\/#breadcrumb\",\"itemListElement\":[{\"@type\":\"ListItem\",\"position\":1,\"name\":\"Portada\",\"item\":\"https:\\\/\\\/emporiadmc.com\\\/\"},{\"@type\":\"ListItem\",\"position\":2,\"name\":\"Tienda\",\"item\":\"https:\\\/\\\/emporiadmc.com\\\/?page_id=142\"},{\"@type\":\"ListItem\",\"position\":3,\"name\":\"Bendita Beach &#8211; (Ni\u00f1os de 3 a 10 a\u00f1os)\"}]},{\"@type\":\"WebSite\",\"@id\":\"https:\\\/\\\/emporiadmc.com\\\/#website\",\"url\":\"https:\\\/\\\/emporiadmc.com\\\/\",\"name\":\"Emporia Travel DMC\",\"description\":\"Viajes que Inspiran, Experiencias que Perduran!\",\"potentialAction\":[{\"@type\":\"SearchAction\",\"target\":{\"@type\":\"EntryPoint\",\"urlTemplate\":\"https:\\\/\\\/emporiadmc.com\\\/?s={search_term_string}\"},\"query-input\":{\"@type\":\"PropertyValueSpecification\",\"valueRequired\":true,\"valueName\":\"search_term_string\"}}],\"inLanguage\":\"en-US\"}]}<\/script>\n<!-- \/ Yoast SEO plugin. -->","yoast_head_json":{"title":"Bendita Beach - (Ni\u00f1os de 3 a 10 a\u00f1os) - Emporia Travel DMC","robots":{"index":"index","follow":"follow","max-snippet":"max-snippet:-1","max-image-preview":"max-image-preview:large","max-video-preview":"max-video-preview:-1"},"canonical":"https:\/\/emporiadmc.com\/en\/simples-para-agrupar\/bendita-beach-ninos-de-3-a-10-anos\/","og_locale":"en_US","og_type":"article","og_title":"Bendita Beach - (Ni\u00f1os de 3 a 10 a\u00f1os) - Emporia Travel DMC","og_description":"Disfrute de la magia de las islas del rosario, en una isla privada, lejos de la multitud, con excelente servicio y total tranquilidad, \u00a1en Bendita Beach disfrutar\u00e1 de una Isla de verdad!. Ni\u00f1os de 0 a 2 a\u00f1os gratis, pagan consumos Ni\u00f1os de 3 a 10 a\u00f1os pagan $145.000 Ni\u00f1os mayores de 10 a\u00f1os pagan como adulto   Incluye: Transporte N\u00e1utico desde Cartagena hacia Bendita Beach y retorno, jugo de fruta fresca de bienvenida, el uso de todas las instalaciones de la isla, tales como Carpas, Sillas, Camas, Hamacas, Kayaks, almuerzo que consta de: Barra de ensalada, 2 prote\u00ednas (Pescado Fresco de 500 grms y\/o Pechuga de pollo), 2 arroces (con coco y Bendita) y unos bellos tostones de platano (Patacones) lo anterior con su bebida embotellada (Agua, Gaseosa).    No Incluye: Impuestos de muelle $19mil COP, Propinas ni servicios no mencionados      Todos los d\u00edas. Muelle la Bodeguita, Puerta No. 4   Ida 08:15 hrs y regreso a las 16:15 hrs.     &nbsp;","og_url":"https:\/\/emporiadmc.com\/en\/simples-para-agrupar\/bendita-beach-ninos-de-3-a-10-anos\/","og_site_name":"Emporia Travel DMC","article_modified_time":"2025-01-20T04:02:13+00:00","og_image":[{"width":800,"height":561,"url":"https:\/\/emporiadmc.com\/wp-content\/uploads\/2021\/07\/bendita-beach.jpg","type":"image\/jpeg"}],"twitter_card":"summary_large_image","schema":{"@context":"https:\/\/schema.org","@graph":[{"@type":"WebPage","@id":"https:\/\/emporiadmc.com\/simples-para-agrupar\/bendita-beach-ninos-de-3-a-10-anos\/","url":"https:\/\/emporiadmc.com\/simples-para-agrupar\/bendita-beach-ninos-de-3-a-10-anos\/","name":"Bendita Beach - (Ni\u00f1os de 3 a 10 a\u00f1os) - Emporia Travel DMC","isPartOf":{"@id":"https:\/\/emporiadmc.com\/#website"},"primaryImageOfPage":{"@id":"https:\/\/emporiadmc.com\/simples-para-agrupar\/bendita-beach-ninos-de-3-a-10-anos\/#primaryimage"},"image":{"@id":"https:\/\/emporiadmc.com\/simples-para-agrupar\/bendita-beach-ninos-de-3-a-10-anos\/#primaryimage"},"thumbnailUrl":"https:\/\/emporiadmc.com\/wp-content\/uploads\/2021\/07\/bendita-beach.jpg","datePublished":"2021-08-06T15:02:51+00:00","dateModified":"2025-01-20T04:02:13+00:00","breadcrumb":{"@id":"https:\/\/emporiadmc.com\/simples-para-agrupar\/bendita-beach-ninos-de-3-a-10-anos\/#breadcrumb"},"inLanguage":"en-US","potentialAction":[{"@type":"ReadAction","target":["https:\/\/emporiadmc.com\/simples-para-agrupar\/bendita-beach-ninos-de-3-a-10-anos\/"]}]},{"@type":"ImageObject","inLanguage":"en-US","@id":"https:\/\/emporiadmc.com\/simples-para-agrupar\/bendita-beach-ninos-de-3-a-10-anos\/#primaryimage","url":"https:\/\/emporiadmc.com\/wp-content\/uploads\/2021\/07\/bendita-beach.jpg","contentUrl":"https:\/\/emporiadmc.com\/wp-content\/uploads\/2021\/07\/bendita-beach.jpg","width":800,"height":561},{"@type":"BreadcrumbList","@id":"https:\/\/emporiadmc.com\/simples-para-agrupar\/bendita-beach-ninos-de-3-a-10-anos\/#breadcrumb","itemListElement":[{"@type":"ListItem","position":1,"name":"Portada","item":"https:\/\/emporiadmc.com\/"},{"@type":"ListItem","position":2,"name":"Tienda","item":"https:\/\/emporiadmc.com\/?page_id=142"},{"@type":"ListItem","position":3,"name":"Bendita Beach &#8211; (Ni\u00f1os de 3 a 10 a\u00f1os)"}]},{"@type":"WebSite","@id":"https:\/\/emporiadmc.com\/#website","url":"https:\/\/emporiadmc.com\/","name":"Emporia Travel DMC","description":"Inspiring Journeys, lasting Experiences!","potentialAction":[{"@type":"SearchAction","target":{"@type":"EntryPoint","urlTemplate":"https:\/\/emporiadmc.com\/?s={search_term_string}"},"query-input":{"@type":"PropertyValueSpecification","valueRequired":true,"valueName":"search_term_string"}}],"inLanguage":"en-US"}]}},"_links":{"self":[{"href":"https:\/\/emporiadmc.com\/en\/wp-json\/wp\/v2\/product\/986","targetHints":{"allow":["GET"]}}],"collection":[{"href":"https:\/\/emporiadmc.com\/en\/wp-json\/wp\/v2\/product"}],"about":[{"href":"https:\/\/emporiadmc.com\/en\/wp-json\/wp\/v2\/types\/product"}],"replies":[{"embeddable":true,"href":"https:\/\/emporiadmc.com\/en\/wp-json\/wp\/v2\/comments?post=986"}],"wp:featuredmedia":[{"embeddable":true,"href":"https:\/\/emporiadmc.com\/en\/wp-json\/wp\/v2\/media\/1465"}],"wp:attachment":[{"href":"https:\/\/emporiadmc.com\/en\/wp-json\/wp\/v2\/media?parent=986"}],"wp:term":[{"taxonomy":"product_brand","embeddable":true,"href":"https:\/\/emporiadmc.com\/en\/wp-json\/wp\/v2\/product_brand?post=986"},{"taxonomy":"product_cat","embeddable":true,"href":"https:\/\/emporiadmc.com\/en\/wp-json\/wp\/v2\/product_cat?post=986"},{"taxonomy":"product_tag","embeddable":true,"href":"https:\/\/emporiadmc.com\/en\/wp-json\/wp\/v2\/product_tag?post=986"}],"curies":[{"name":"wp","href":"https:\/\/api.w.org\/{rel}","templated":true}]}}